{"id":6293,"date":"2024-12-04T11:05:30","date_gmt":"2024-12-04T11:05:30","guid":{"rendered":"https:\/\/cabinetwaci.com\/?page_id=6293"},"modified":"2024-12-04T11:12:55","modified_gmt":"2024-12-04T11:12:55","slug":"pmd","status":"publish","type":"page","link":"https:\/\/cabinetwaci.com\/en\/pmd\/","title":{"rendered":"PMD"},"content":{"rendered":"<div data-elementor-type=\"wp-page\" data-elementor-id=\"6293\" class=\"elementor elementor-6293\">\n\t\t\t\t\t\t<section class=\"elementor-section elementor-top-section elementor-element elementor-element-5369edf elementor-section-boxed elementor-section-height-default elementor-section-height-default\" data-id=\"5369edf\" data-element_type=\"section\" data-e-type=\"section\">\n\t\t\t\t\t\t<div class=\"elementor-container elementor-column-gap-default\">\n\t\t\t\t\t<div class=\"elementor-column elementor-col-100 elementor-top-column elementor-element elementor-element-7630f93\" data-id=\"7630f93\" data-element_type=\"column\" data-e-type=\"column\">\n\t\t\t<div class=\"elementor-widget-wrap elementor-element-populated\">\n\t\t\t\t\t\t<div class=\"elementor-element elementor-element-0e85331 elementor-widget elementor-widget-spacer\" data-id=\"0e85331\" data-element_type=\"widget\" data-e-type=\"widget\" data-widget_type=\"spacer.default\">\n\t\t\t\t<div class=\"elementor-widget-container\">\n\t\t\t\t\t\t\t<div class=\"elementor-spacer\">\n\t\t\t<div class=\"elementor-spacer-inner\"><\/div>\n\t\t<\/div>\n\t\t\t\t\t\t<\/div>\n\t\t\t\t<\/div>\n\t\t\t\t\t<\/div>\n\t\t<\/div>\n\t\t\t\t\t<\/div>\n\t\t<\/section>\n\t\t\t\t<section class=\"elementor-section elementor-top-section elementor-element elementor-element-a17ef44 elementor-section-boxed elementor-section-height-default elementor-section-height-default\" data-id=\"a17ef44\" data-element_type=\"section\" data-e-type=\"section\">\n\t\t\t\t\t\t<div class=\"elementor-container elementor-column-gap-default\">\n\t\t\t\t\t<div class=\"elementor-column elementor-col-100 elementor-top-column elementor-element elementor-element-d163d76\" data-id=\"d163d76\" data-element_type=\"column\" data-e-type=\"column\">\n\t\t\t<div class=\"elementor-widget-wrap elementor-element-populated\">\n\t\t\t\t\t\t<div class=\"elementor-element elementor-element-50d6127 elementor-widget elementor-widget-gallery\" data-id=\"50d6127\" data-element_type=\"widget\" data-e-type=\"widget\" data-settings=\"{&quot;lazyload&quot;:&quot;yes&quot;,&quot;gallery_layout&quot;:&quot;grid&quot;,&quot;columns&quot;:4,&quot;columns_tablet&quot;:2,&quot;columns_mobile&quot;:1,&quot;gap&quot;:{&quot;unit&quot;:&quot;px&quot;,&quot;size&quot;:10,&quot;sizes&quot;:[]},&quot;gap_tablet&quot;:{&quot;unit&quot;:&quot;px&quot;,&quot;size&quot;:10,&quot;sizes&quot;:[]},&quot;gap_mobile&quot;:{&quot;unit&quot;:&quot;px&quot;,&quot;size&quot;:10,&quot;sizes&quot;:[]},&quot;link_to&quot;:&quot;file&quot;,&quot;aspect_ratio&quot;:&quot;3:2&quot;,&quot;overlay_background&quot;:&quot;yes&quot;,&quot;content_hover_animation&quot;:&quot;fade-in&quot;}\" data-widget_type=\"gallery.default\">\n\t\t\t\t<div class=\"elementor-widget-container\">\n\t\t\t\t\t\t\t<div class=\"elementor-gallery__container\">\n\t\t\t\t\t\t\t<a class=\"e-gallery-item elementor-gallery-item elementor-animated-content\" href=\"https:\/\/cabinetwaci.com\/wp-content\/uploads\/2024\/12\/N9A4016-scaled.jpg\" data-elementor-open-lightbox=\"yes\" data-elementor-lightbox-slideshow=\"all-50d6127\" data-elementor-lightbox-title=\"_N9A4016\" data-e-action-hash=\"#elementor-action%3Aaction%3Dlightbox%26settings%3DeyJpZCI6NjI4OSwidXJsIjoiaHR0cHM6XC9cL2NhYmluZXR3YWNpLmNvbVwvd3AtY29udGVudFwvdXBsb2Fkc1wvMjAyNFwvMTJcL045QTQwMTYtc2NhbGVkLmpwZyIsInNsaWRlc2hvdyI6ImFsbC01MGQ2MTI3In0%3D\">\n\t\t\t\t\t<div class=\"e-gallery-image elementor-gallery-item__image\" data-thumbnail=\"https:\/\/cabinetwaci.com\/wp-content\/uploads\/2024\/12\/N9A4016-300x200.jpg\" data-width=\"300\" data-height=\"200\" alt=\"\" ><\/div>\n\t\t\t\t\t\t\t\t\t\t\t<div class=\"elementor-gallery-item__overlay\"><\/div>\n\t\t\t\t\t\t\t\t\t\t\t\t\t\t<\/a>\n\t\t\t\t\t\t\t<a class=\"e-gallery-item elementor-gallery-item elementor-animated-content\" href=\"https:\/\/cabinetwaci.com\/wp-content\/uploads\/2024\/12\/N9A4125-scaled.jpg\" data-elementor-open-lightbox=\"yes\" data-elementor-lightbox-slideshow=\"all-50d6127\" data-elementor-lightbox-title=\"_N9A4125\" data-e-action-hash=\"#elementor-action%3Aaction%3Dlightbox%26settings%3DeyJpZCI6NjI5MCwidXJsIjoiaHR0cHM6XC9cL2NhYmluZXR3YWNpLmNvbVwvd3AtY29udGVudFwvdXBsb2Fkc1wvMjAyNFwvMTJcL045QTQxMjUtc2NhbGVkLmpwZyIsInNsaWRlc2hvdyI6ImFsbC01MGQ2MTI3In0%3D\">\n\t\t\t\t\t<div class=\"e-gallery-image elementor-gallery-item__image\" data-thumbnail=\"https:\/\/cabinetwaci.com\/wp-content\/uploads\/2024\/12\/N9A4125-300x200.jpg\" data-width=\"300\" data-height=\"200\" alt=\"\" ><\/div>\n\t\t\t\t\t\t\t\t\t\t\t<div class=\"elementor-gallery-item__overlay\"><\/div>\n\t\t\t\t\t\t\t\t\t\t\t\t\t\t<\/a>\n\t\t\t\t\t\t\t<a class=\"e-gallery-item elementor-gallery-item elementor-animated-content\" href=\"https:\/\/cabinetwaci.com\/wp-content\/uploads\/2024\/12\/N9A4128-scaled.jpg\" data-elementor-open-lightbox=\"yes\" data-elementor-lightbox-slideshow=\"all-50d6127\" data-elementor-lightbox-title=\"_N9A4128\" data-e-action-hash=\"#elementor-action%3Aaction%3Dlightbox%26settings%3DeyJpZCI6NjI5MSwidXJsIjoiaHR0cHM6XC9cL2NhYmluZXR3YWNpLmNvbVwvd3AtY29udGVudFwvdXBsb2Fkc1wvMjAyNFwvMTJcL045QTQxMjgtc2NhbGVkLmpwZyIsInNsaWRlc2hvdyI6ImFsbC01MGQ2MTI3In0%3D\">\n\t\t\t\t\t<div class=\"e-gallery-image elementor-gallery-item__image\" data-thumbnail=\"https:\/\/cabinetwaci.com\/wp-content\/uploads\/2024\/12\/N9A4128-300x200.jpg\" data-width=\"300\" data-height=\"200\" alt=\"\" ><\/div>\n\t\t\t\t\t\t\t\t\t\t\t<div class=\"elementor-gallery-item__overlay\"><\/div>\n\t\t\t\t\t\t\t\t\t\t\t\t\t\t<\/a>\n\t\t\t\t\t\t\t<a class=\"e-gallery-item elementor-gallery-item elementor-animated-content\" href=\"https:\/\/cabinetwaci.com\/wp-content\/uploads\/2024\/12\/193A1219-scaled.jpg\" data-elementor-open-lightbox=\"yes\" data-elementor-lightbox-slideshow=\"all-50d6127\" data-elementor-lightbox-title=\"193A1219\" data-e-action-hash=\"#elementor-action%3Aaction%3Dlightbox%26settings%3DeyJpZCI6NjI5MiwidXJsIjoiaHR0cHM6XC9cL2NhYmluZXR3YWNpLmNvbVwvd3AtY29udGVudFwvdXBsb2Fkc1wvMjAyNFwvMTJcLzE5M0ExMjE5LXNjYWxlZC5qcGciLCJzbGlkZXNob3ciOiJhbGwtNTBkNjEyNyJ9\">\n\t\t\t\t\t<div class=\"e-gallery-image elementor-gallery-item__image\" data-thumbnail=\"https:\/\/cabinetwaci.com\/wp-content\/uploads\/2024\/12\/193A1219-300x200.jpg\" data-width=\"300\" data-height=\"200\" alt=\"\" ><\/div>\n\t\t\t\t\t\t\t\t\t\t\t<div class=\"elementor-gallery-item__overlay\"><\/div>\n\t\t\t\t\t\t\t\t\t\t\t\t\t\t<\/a>\n\t\t\t\t\t\t\t<a class=\"e-gallery-item elementor-gallery-item elementor-animated-content\" href=\"https:\/\/cabinetwaci.com\/wp-content\/uploads\/2024\/12\/N9A4015-scaled.jpg\" data-elementor-open-lightbox=\"yes\" data-elementor-lightbox-slideshow=\"all-50d6127\" data-elementor-lightbox-title=\"_N9A4015\" data-e-action-hash=\"#elementor-action%3Aaction%3Dlightbox%26settings%3DeyJpZCI6NjI4OCwidXJsIjoiaHR0cHM6XC9cL2NhYmluZXR3YWNpLmNvbVwvd3AtY29udGVudFwvdXBsb2Fkc1wvMjAyNFwvMTJcL045QTQwMTUtc2NhbGVkLmpwZyIsInNsaWRlc2hvdyI6ImFsbC01MGQ2MTI3In0%3D\">\n\t\t\t\t\t<div class=\"e-gallery-image elementor-gallery-item__image\" data-thumbnail=\"https:\/\/cabinetwaci.com\/wp-content\/uploads\/2024\/12\/N9A4015-300x200.jpg\" data-width=\"300\" data-height=\"200\" alt=\"\" ><\/div>\n\t\t\t\t\t\t\t\t\t\t\t<div class=\"elementor-gallery-item__overlay\"><\/div>\n\t\t\t\t\t\t\t\t\t\t\t\t\t\t<\/a>\n\t\t\t\t\t<\/div>\n\t\t\t\t\t<\/div>\n\t\t\t\t<\/div>\n\t\t\t\t\t<\/div>\n\t\t<\/div>\n\t\t\t\t\t<\/div>\n\t\t<\/section>\n\t\t\t\t<section class=\"elementor-section elementor-top-section elementor-element elementor-element-3e0a4c3 elementor-section-boxed elementor-section-height-default elementor-section-height-default\" data-id=\"3e0a4c3\" data-element_type=\"section\" data-e-type=\"section\">\n\t\t\t\t\t\t<div class=\"elementor-container elementor-column-gap-default\">\n\t\t\t\t\t<div class=\"elementor-column elementor-col-100 elementor-top-column elementor-element elementor-element-3049be8\" data-id=\"3049be8\" data-element_type=\"column\" data-e-type=\"column\">\n\t\t\t<div class=\"elementor-widget-wrap elementor-element-populated\">\n\t\t\t\t\t\t<div class=\"elementor-element elementor-element-1d9fddd elementor-widget elementor-widget-text-editor\" data-id=\"1d9fddd\" data-element_type=\"widget\" data-e-type=\"widget\" data-widget_type=\"text-editor.default\">\n\t\t\t\t<div class=\"elementor-widget-container\">\n\t\t\t\t\t\t\t\t\t<p><strong>Graduation of 85 Managers : MDE Celebrates the 13th Cohort of the Program for Management Development (PMD)<\/strong><\/p><p>The 13th PMD program at MDE Business School marked a significant turning point in the career of <strong>St\u00e9phane CISSE<\/strong>, <strong>Architect<\/strong> and<strong> CEO <\/strong>of<strong> WACI<\/strong>. Ce jour du 9 Novembre 2024 au Palais des Congr\u00e8s du Sofitel H\u00f4tel Ivoire, de graduation symbolise l&#8217;aboutissement d&#8217;un parcours enrichissant o\u00f9 des comp\u00e9tences de leadership et de gestion ont \u00e9t\u00e9 affin\u00e9es \u00e0 travers des modules de formation de haut niveau. En tant que dipl\u00f4m\u00e9 de ce programme prestigieux, M. CISSE rejoint une communaut\u00e9 d&#8217;excellence de dirigeants et de d\u00e9cideurs influents. Sa participation t\u00e9moigne de son engagement \u00e0 am\u00e9liorer constamment ses aptitudes professionnelles et \u00e0 contribuer activement au d\u00e9veloppement de son entreprise et de la r\u00e9gion. La c\u00e9r\u00e9monie a \u00e9t\u00e9 un moment de reconnaissance, tant pour l&#8217;accomplissement personnel que pour l&#8217;impact positif sur le secteur.<\/p>\t\t\t\t\t\t\t\t<\/div>\n\t\t\t\t<\/div>\n\t\t\t\t\t<\/div>\n\t\t<\/div>\n\t\t\t\t\t<\/div>\n\t\t<\/section>\n\t\t\t\t<\/div>","protected":false},"excerpt":{"rendered":"<p>Graduation de 85 Managers : MDE c\u00e9l\u00e8bre la 13e promotion du Program for Management Development (PMD) Le 13e programme PMD de MDE Business School a marqu\u00e9 un tournant important dans la carri\u00e8re de St\u00e9phane CISSE, Architecte et Directeur G\u00e9n\u00e9ral de WACI. Ce jour du 9 Novembre 2024 au Palais des Congr\u00e8s du Sofitel H\u00f4tel Ivoire, de graduation symbolise l&#8217;aboutissement d&#8217;un&#8230;<\/p>","protected":false},"author":2,"featured_media":0,"parent":0,"menu_order":0,"comment_status":"closed","ping_status":"closed","template":"","meta":{"om_disable_all_campaigns":false,"_monsterinsights_skip_tracking":false,"_monsterinsights_sitenote_active":false,"_monsterinsights_sitenote_note":"","_monsterinsights_sitenote_category":0,"footnotes":"","_links_to":"","_links_to_target":""},"class_list":["post-6293","page","type-page","status-publish","hentry"],"aioseo_notices":[],"_links":{"self":[{"href":"https:\/\/cabinetwaci.com\/en\/wp-json\/wp\/v2\/pages\/6293","targetHints":{"allow":["GET"]}}],"collection":[{"href":"https:\/\/cabinetwaci.com\/en\/wp-json\/wp\/v2\/pages"}],"about":[{"href":"https:\/\/cabinetwaci.com\/en\/wp-json\/wp\/v2\/types\/page"}],"author":[{"embeddable":true,"href":"https:\/\/cabinetwaci.com\/en\/wp-json\/wp\/v2\/users\/2"}],"replies":[{"embeddable":true,"href":"https:\/\/cabinetwaci.com\/en\/wp-json\/wp\/v2\/comments?post=6293"}],"version-history":[{"count":7,"href":"https:\/\/cabinetwaci.com\/en\/wp-json\/wp\/v2\/pages\/6293\/revisions"}],"predecessor-version":[{"id":6310,"href":"https:\/\/cabinetwaci.com\/en\/wp-json\/wp\/v2\/pages\/6293\/revisions\/6310"}],"wp:attachment":[{"href":"https:\/\/cabinetwaci.com\/en\/wp-json\/wp\/v2\/media?parent=6293"}],"curies":[{"name":"wp","href":"https:\/\/api.w.org\/{rel}","templated":true}]}}