{"id":5511,"date":"2024-08-13T18:23:20","date_gmt":"2024-08-13T18:23:20","guid":{"rendered":"https:\/\/cabinetwaci.com\/?page_id=5511"},"modified":"2024-09-17T11:34:18","modified_gmt":"2024-09-17T11:34:18","slug":"lisa-ndjina","status":"publish","type":"page","link":"https:\/\/cabinetwaci.com\/en\/lisa-ndjina\/","title":{"rendered":"Lisa NDJINA"},"content":{"rendered":"<div data-elementor-type=\"wp-page\" data-elementor-id=\"5511\" class=\"elementor elementor-5511\">\n\t\t\t\t\t\t<section class=\"elementor-section elementor-top-section elementor-element elementor-element-7ee718c9 elementor-section-boxed elementor-section-height-default elementor-section-height-default\" data-id=\"7ee718c9\" data-element_type=\"section\" data-e-type=\"section\">\n\t\t\t\t\t\t<div class=\"elementor-container elementor-column-gap-default\">\n\t\t\t\t\t<div class=\"elementor-column elementor-col-100 elementor-top-column elementor-element elementor-element-58c7dc56\" data-id=\"58c7dc56\" data-element_type=\"column\" data-e-type=\"column\">\n\t\t\t<div class=\"elementor-widget-wrap elementor-element-populated\">\n\t\t\t\t\t\t<div class=\"elementor-element elementor-element-8a81707 elementor-widget elementor-widget-bauen-title\" data-id=\"8a81707\" data-element_type=\"widget\" data-e-type=\"widget\" data-widget_type=\"bauen-title.default\">\n\t\t\t\t<div class=\"elementor-widget-container\">\n\t\t\t\t\t\t\t\n\t\t\t\n\t\t\t\t\t\t<h2 class=\"section-title text-left\">Lisa NDJINA<\/h2>\n\t\t\t\t\n\t\t\t\t\n        \n\t\t\t\n        \t\t\t\t<\/div>\n\t\t\t\t<\/div>\n\t\t\t\t<div class=\"elementor-section elementor-inner-section elementor-element elementor-element-7f82964a elementor-section-boxed elementor-section-height-default elementor-section-height-default\" data-id=\"7f82964a\" data-element_type=\"section\" data-e-type=\"section\">\n\t\t\t\t\t\t<div class=\"elementor-container elementor-column-gap-default\">\n\t\t\t\t\t<div class=\"elementor-column elementor-col-50 elementor-inner-column elementor-element elementor-element-6afe4c96\" data-id=\"6afe4c96\" data-element_type=\"column\" data-e-type=\"column\">\n\t\t\t<div class=\"elementor-widget-wrap elementor-element-populated\">\n\t\t\t\t\t\t<div class=\"elementor-element elementor-element-2117fa5 elementor-widget elementor-widget-image\" data-id=\"2117fa5\" data-element_type=\"widget\" data-e-type=\"widget\" data-widget_type=\"image.default\">\n\t\t\t\t<div class=\"elementor-widget-container\">\n\t\t\t\t\t\t\t\t\t\t\t\t\t\t\t<img fetchpriority=\"high\" decoding=\"async\" width=\"3543\" height=\"3543\" src=\"https:\/\/cabinetwaci.com\/wp-content\/uploads\/2024\/08\/5R8A3660.png\" class=\"attachment-full size-full wp-image-5505\" alt=\"\" srcset=\"https:\/\/cabinetwaci.com\/wp-content\/uploads\/2024\/08\/5R8A3660.png 3543w, https:\/\/cabinetwaci.com\/wp-content\/uploads\/2024\/08\/5R8A3660-300x300.png 300w, https:\/\/cabinetwaci.com\/wp-content\/uploads\/2024\/08\/5R8A3660-1024x1024.png 1024w, https:\/\/cabinetwaci.com\/wp-content\/uploads\/2024\/08\/5R8A3660-150x150.png 150w, https:\/\/cabinetwaci.com\/wp-content\/uploads\/2024\/08\/5R8A3660-768x768.png 768w, https:\/\/cabinetwaci.com\/wp-content\/uploads\/2024\/08\/5R8A3660-1536x1536.png 1536w, https:\/\/cabinetwaci.com\/wp-content\/uploads\/2024\/08\/5R8A3660-2048x2048.png 2048w, https:\/\/cabinetwaci.com\/wp-content\/uploads\/2024\/08\/5R8A3660-12x12.png 12w\" sizes=\"(max-width: 3543px) 100vw, 3543px\" \/>\t\t\t\t\t\t\t\t\t\t\t\t\t\t\t<\/div>\n\t\t\t\t<\/div>\n\t\t\t\t\t<\/div>\n\t\t<\/div>\n\t\t\t\t<div class=\"elementor-column elementor-col-50 elementor-inner-column elementor-element elementor-element-f5a3cfb\" data-id=\"f5a3cfb\" data-element_type=\"column\" data-e-type=\"column\">\n\t\t\t<div class=\"elementor-widget-wrap elementor-element-populated\">\n\t\t\t\t\t\t<div class=\"elementor-element elementor-element-54a7dd4 elementor-widget elementor-widget-text-editor\" data-id=\"54a7dd4\" data-element_type=\"widget\" data-e-type=\"widget\" data-widget_type=\"text-editor.default\">\n\t\t\t\t<div class=\"elementor-widget-container\">\n\t\t\t\t\t\t\t\t\t<p class=\"translation-block\">With 15 years of experience in the complex world of financial markets and management companies, Lisa has built an unusual but remarkably rich career path. This graduate of the \u00c9cole Polytechnique has developed expertise that goes beyond simple figures.<\/p><p class=\"translation-block\">Her varied career has allowed her to acquire in-depth knowledge of financial processes and control standards. \nAt WACI, Lisa plays a crucial role as an internal controller, ensuring compliance with technical processes and the rigor of financial processes. In addition to her control responsibilities, she also assumes key functions in image management and the strategic development of the firm.<\/p><p class=\"translation-block\">She is driven by a passion for perfection and beauty, which is reflected in every aspect of her work. \nHer rigor and attention to detail allowed her to approach her roles with unique creativity and precision.<\/p><p class=\"translation-block\">She has an interest in cooking, a deep love for automobiles and a passion for sports in general and travel<\/p><p class=\"translation-block\">Outside of her professional activity, Lisa is a committed volunteer. Her favorite causes are disability and all forms of discrimination.<\/p><p class=\"translation-block\">Lisa\u2019s commitment to excellence and her ability to navigate various responsibilities make her an essential force within the WACI team.<\/p>\t\t\t\t\t\t\t\t<\/div>\n\t\t\t\t<\/div>\n\t\t\t\t<div class=\"elementor-element elementor-element-0beece3 elementor-widget elementor-widget-spacer\" data-id=\"0beece3\" data-element_type=\"widget\" data-e-type=\"widget\" data-widget_type=\"spacer.default\">\n\t\t\t\t<div class=\"elementor-widget-container\">\n\t\t\t\t\t\t\t<div class=\"elementor-spacer\">\n\t\t\t<div class=\"elementor-spacer-inner\"><\/div>\n\t\t<\/div>\n\t\t\t\t\t\t<\/div>\n\t\t\t\t<\/div>\n\t\t\t\t\t<\/div>\n\t\t<\/div>\n\t\t\t\t\t<\/div>\n\t\t<\/div>\n\t\t\t\t\t<\/div>\n\t\t<\/div>\n\t\t\t\t\t<\/div>\n\t\t<\/section>\n\t\t\t\t<\/div>","protected":false},"excerpt":{"rendered":"<p>Lisa NDJINA Avec 15 ans d\u2019exp\u00e9rience dans le monde complexe des march\u00e9s financiers et dessoci\u00e9t\u00e9s de gestion, Lisa s\u2019est forg\u00e9 un parcours atypique mais remarquablementriche. Cette Polytechnicienne de formation, a su d\u00e9velopper une expertise qui va au-del\u00e0 des simples chiffres. Sa carri\u00e8re vari\u00e9e lui a permis d&#8217;acqu\u00e9rir une connaissance approfondie desprocessus financiers et des normes de contr\u00f4le. Chez WACI, Lisa&#8230;<\/p>","protected":false},"author":2,"featured_media":0,"parent":0,"menu_order":0,"comment_status":"closed","ping_status":"closed","template":"","meta":{"om_disable_all_campaigns":false,"_monsterinsights_skip_tracking":false,"_monsterinsights_sitenote_active":false,"_monsterinsights_sitenote_note":"","_monsterinsights_sitenote_category":0,"footnotes":"","_links_to":"","_links_to_target":""},"class_list":["post-5511","page","type-page","status-publish","hentry"],"aioseo_notices":[],"_links":{"self":[{"href":"https:\/\/cabinetwaci.com\/en\/wp-json\/wp\/v2\/pages\/5511","targetHints":{"allow":["GET"]}}],"collection":[{"href":"https:\/\/cabinetwaci.com\/en\/wp-json\/wp\/v2\/pages"}],"about":[{"href":"https:\/\/cabinetwaci.com\/en\/wp-json\/wp\/v2\/types\/page"}],"author":[{"embeddable":true,"href":"https:\/\/cabinetwaci.com\/en\/wp-json\/wp\/v2\/users\/2"}],"replies":[{"embeddable":true,"href":"https:\/\/cabinetwaci.com\/en\/wp-json\/wp\/v2\/comments?post=5511"}],"version-history":[{"count":13,"href":"https:\/\/cabinetwaci.com\/en\/wp-json\/wp\/v2\/pages\/5511\/revisions"}],"predecessor-version":[{"id":6277,"href":"https:\/\/cabinetwaci.com\/en\/wp-json\/wp\/v2\/pages\/5511\/revisions\/6277"}],"wp:attachment":[{"href":"https:\/\/cabinetwaci.com\/en\/wp-json\/wp\/v2\/media?parent=5511"}],"curies":[{"name":"wp","href":"https:\/\/api.w.org\/{rel}","templated":true}]}}