{"id":5066,"date":"2024-08-09T19:56:48","date_gmt":"2024-08-09T19:56:48","guid":{"rendered":"https:\/\/cabinetwaci.com\/?page_id=5066"},"modified":"2024-08-13T19:13:38","modified_gmt":"2024-08-13T19:13:38","slug":"10-choses-a-savoir-sur","status":"publish","type":"page","link":"https:\/\/cabinetwaci.com\/en\/10-choses-a-savoir-sur\/","title":{"rendered":"10 CHOSES A SAVOIR SUR \u2026"},"content":{"rendered":"<div data-elementor-type=\"wp-page\" data-elementor-id=\"5066\" class=\"elementor elementor-5066\">\n\t\t\t\t\t\t<section class=\"elementor-section elementor-top-section elementor-element elementor-element-9048b66 elementor-section-boxed elementor-section-height-default elementor-section-height-default\" data-id=\"9048b66\" data-element_type=\"section\" data-e-type=\"section\">\n\t\t\t\t\t\t<div class=\"elementor-container elementor-column-gap-default\">\n\t\t\t\t\t<div class=\"elementor-column elementor-col-100 elementor-top-column elementor-element elementor-element-38f7803\" data-id=\"38f7803\" data-element_type=\"column\" data-e-type=\"column\">\n\t\t\t<div class=\"elementor-widget-wrap elementor-element-populated\">\n\t\t\t\t\t\t<div class=\"elementor-element elementor-element-2e55a0a elementor-widget elementor-widget-bauen-title\" data-id=\"2e55a0a\" data-element_type=\"widget\" data-e-type=\"widget\" data-widget_type=\"bauen-title.default\">\n\t\t\t\t<div class=\"elementor-widget-container\">\n\t\t\t\t\t\t\t\n\t\t\t\n\t\t\t\t\t\t<h2 class=\"section-title text-left\">10 THINGS TO <span class=\"text-color-red\">KNOW ABOUT... <\/span><\/h2>\n\t\t\t\t\n\t\t\t\t\n        \n\t\t\t\n        \t\t\t\t<\/div>\n\t\t\t\t<\/div>\n\t\t\t\t\t<\/div>\n\t\t<\/div>\n\t\t\t\t\t<\/div>\n\t\t<\/section>\n\t\t\t\t<section class=\"elementor-section elementor-top-section elementor-element elementor-element-3323d98 elementor-section-boxed elementor-section-height-default elementor-section-height-default\" data-id=\"3323d98\" data-element_type=\"section\" data-e-type=\"section\" data-settings=\"{&quot;background_background&quot;:&quot;classic&quot;}\">\n\t\t\t\t\t\t<div class=\"elementor-container elementor-column-gap-default\">\n\t\t\t\t\t<div class=\"elementor-column elementor-col-100 elementor-top-column elementor-element elementor-element-3b3d24a\" data-id=\"3b3d24a\" data-element_type=\"column\" data-e-type=\"column\">\n\t\t\t<div class=\"elementor-widget-wrap elementor-element-populated\">\n\t\t\t\t\t\t<section class=\"elementor-section elementor-inner-section elementor-element elementor-element-86773e6 elementor-section-boxed elementor-section-height-default elementor-section-height-default\" data-id=\"86773e6\" data-element_type=\"section\" data-e-type=\"section\" data-settings=\"{&quot;background_background&quot;:&quot;classic&quot;}\">\n\t\t\t\t\t\t<div class=\"elementor-container elementor-column-gap-default\">\n\t\t\t\t\t<div class=\"elementor-column elementor-col-50 elementor-inner-column elementor-element elementor-element-e6fcac5\" data-id=\"e6fcac5\" data-element_type=\"column\" data-e-type=\"column\">\n\t\t\t<div class=\"elementor-widget-wrap elementor-element-populated\">\n\t\t\t\t\t\t<div class=\"elementor-element elementor-element-e0e6f11 elementor-widget elementor-widget-bauen-text\" data-id=\"e0e6f11\" data-element_type=\"widget\" data-e-type=\"widget\" data-widget_type=\"bauen-text.default\">\n\t\t\t\t<div class=\"elementor-widget-container\">\n\t\t\t\t\t\t\t<div class=\"bn-text-block clear\">\n\t\t<p><strong>WORLD ARCHITECTURE C\u00d6TE D\u2019IVOIRE\u00a0 <\/strong><\/p><p>On the upcoming of its tenth anniversary, WACI aims to further reveal itself to the public and share its vision, expertise, and experience.<\/p><p><strong>1.\u00a0 <\/strong><strong>2015<\/strong><\/p><p>Founded in August 2015, World Architecture C\u00f4te d'Ivoire (WACI) is an Ivorian architectural firm that currently employs around twenty professionals: architects, designers, interior designers, engineers, site managers, and technicians, all sharing the same ambition:\u00a0<strong>To create the city of tomorrow together.<\/strong><\/p><p><strong>2. ACTIVITIES<\/strong><\/p><p>WACI operates in the fields of design, planning, and construction under optimal conditions across various segments, including Architecture, Urbanism, and Interior Design, where it has successfully created synergies among its different specialties. Today, it functions as an architect, interior designer, and designer.<\/p><p><strong>3.\u00a0 COTE D\u2019IVOIRE <\/strong><\/p><p>Based in Abidjan, the firm designs and oversees all types of new construction and restoration projects across various building functions: offices, hotels, residences, retail spaces, and public facilities.<\/p><p><strong>\u00a0<\/strong><\/p><p><strong>4. WE APPRECIATE BOTH THE GRAND AND THE SMALL<\/strong><\/p><p>At WACI, we adopt a holistic approach. Whether our projects involve the design of a 15m\u00b2 boutique or a 10,000m\u00b2 building, we consider all aspects: architecture, urban planning, and interior design. This comprehensive perspective is part of what makes us unique.<\/p><p>Our commitment is to maintain a level of excellence throughout all our projects in service of our clients.<\/p><p><strong>5. AFRICAN AND A MEMBER OF THE ORDER<\/strong><\/p><p>The firm is daily managed by its founder, Mr. Anoh St\u00e9phane CISSE, Architect Urbanist DEIAU, who is registered with the Order of Architects of C\u00f4te d'Ivoire. A passionate of art history and an admirer of Africa's cultural and historical heritage, he has developed a personal approach to the profession characterized by meticulous technicality, interdisciplinary collaboration, and an unbiased perspective on projects and various mandates.<\/p><p><strong>6. VISION<\/strong><\/p><p>We aspire to be a reliable partner for both foreign and local investors undertaking structural and innovative projects in C\u00f4te d'Ivoire, aiming to be among the top 10 architectural firms.<\/p><p><strong>7. MISSIONS<\/strong><\/p><p>At WACI, we design, develop, and supervise construction projects with a focus on sustainability. We ensure the full satisfaction of client requirements by implementing a strategic organization of work teams based on their skills and expertise.<\/p><p><strong>8. DIVERSITY AND INCLUSION<\/strong><\/p><p>Since its inception, the firm has been enriched by a multitude of skills from individuals of diverse backgrounds. WACI takes pride in the cultural diversity within its workplace and recognizes the significant role it plays in fostering renewal, creativity, innovation, and vitality within its team. The firm upholds the highest standards of equity and equal opportunity.<\/p><p><strong>9. SINGULARITY<\/strong><\/p><p>We do not have predetermined answers. Each project at WACI presents an opportunity to explore new avenues and modalities. We strive for an architecture that is generous and contextual, drawing upon the genius of the sites, local raw materials, landscapes, and climate.<\/p><p><strong>10. SUSTAINABLE, ECOLOGICAL, AND AESTHETIC MATERIALS<\/strong><\/p><p>We have a preference for certain \"distinctive\" natural materials such as bamboo and earth bricks, which prove to be excellent insulators. They provide superior thermal insulation compared to others and ensure acoustic comfort. In addition to their technical attributes, these materials possess qualities that make them excellent allies in addressing issues related to waterproofing and aging, all without compromising on aesthetics.<\/p>\t\t<\/div>\n\t\t\t\t\t\t<\/div>\n\t\t\t\t<\/div>\n\t\t\t\t\t<\/div>\n\t\t<\/div>\n\t\t\t\t<div class=\"elementor-column elementor-col-50 elementor-inner-column elementor-element elementor-element-082f047\" data-id=\"082f047\" data-element_type=\"column\" data-e-type=\"column\">\n\t\t\t<div class=\"elementor-widget-wrap\">\n\t\t\t\t\t\t\t<\/div>\n\t\t<\/div>\n\t\t\t\t\t<\/div>\n\t\t<\/section>\n\t\t\t\t\t<\/div>\n\t\t<\/div>\n\t\t\t\t\t<\/div>\n\t\t<\/section>\n\t\t\t\t<\/div>","protected":false},"excerpt":{"rendered":"<p>10 CHOSES A SAVOIR SUR&#8230; WORLD ARCHITECTURE C\u00d6TE D\u2019IVOIRE\u00a0 \u00c0 l&#8217;or\u00e9e de son dixi\u00e8me anniversaire, WACI aspire \u00e0 se d\u00e9voiler davantage au grand public et \u00e0 partager sa\u00a0vision, son expertise, et son exp\u00e9rience. 1.\u00a0 2015 Cr\u00e9\u00e9e en Ao\u00fbt 2015, World Architecture C\u00f4te d\u2019Ivoire (WACI) est un Cabinet d\u2019architecture ivoirien qui compte aujourd\u2019hui une vingtaine de collaborateurs\u00a0: architectes, designers, architecte d\u2019int\u00e9rieurs,&#8230;<\/p>","protected":false},"author":2,"featured_media":0,"parent":0,"menu_order":0,"comment_status":"closed","ping_status":"closed","template":"","meta":{"om_disable_all_campaigns":false,"_monsterinsights_skip_tracking":false,"_monsterinsights_sitenote_active":false,"_monsterinsights_sitenote_note":"","_monsterinsights_sitenote_category":0,"footnotes":"","_links_to":"","_links_to_target":""},"class_list":["post-5066","page","type-page","status-publish","hentry"],"aioseo_notices":[],"_links":{"self":[{"href":"https:\/\/cabinetwaci.com\/en\/wp-json\/wp\/v2\/pages\/5066","targetHints":{"allow":["GET"]}}],"collection":[{"href":"https:\/\/cabinetwaci.com\/en\/wp-json\/wp\/v2\/pages"}],"about":[{"href":"https:\/\/cabinetwaci.com\/en\/wp-json\/wp\/v2\/types\/page"}],"author":[{"embeddable":true,"href":"https:\/\/cabinetwaci.com\/en\/wp-json\/wp\/v2\/users\/2"}],"replies":[{"embeddable":true,"href":"https:\/\/cabinetwaci.com\/en\/wp-json\/wp\/v2\/comments?post=5066"}],"version-history":[{"count":26,"href":"https:\/\/cabinetwaci.com\/en\/wp-json\/wp\/v2\/pages\/5066\/revisions"}],"predecessor-version":[{"id":5546,"href":"https:\/\/cabinetwaci.com\/en\/wp-json\/wp\/v2\/pages\/5066\/revisions\/5546"}],"wp:attachment":[{"href":"https:\/\/cabinetwaci.com\/en\/wp-json\/wp\/v2\/media?parent=5066"}],"curies":[{"name":"wp","href":"https:\/\/api.w.org\/{rel}","templated":true}]}}