{"id":5042,"date":"2024-08-09T19:07:01","date_gmt":"2024-08-09T19:07:01","guid":{"rendered":"https:\/\/cabinetwaci.com\/?page_id=5042"},"modified":"2024-09-17T10:22:07","modified_gmt":"2024-09-17T10:22:07","slug":"la-lettre-du-dg","status":"publish","type":"page","link":"https:\/\/cabinetwaci.com\/en\/la-lettre-du-dg\/","title":{"rendered":"OUR ETHICS CHARTER"},"content":{"rendered":"\t\t<div data-elementor-type=\"wp-page\" data-elementor-id=\"5042\" class=\"elementor elementor-5042\">\n\t\t\t\t\t\t<section class=\"elementor-section elementor-top-section elementor-element elementor-element-3ba823e elementor-section-boxed elementor-section-height-default elementor-section-height-default\" data-id=\"3ba823e\" data-element_type=\"section\" data-e-type=\"section\">\n\t\t\t\t\t\t<div class=\"elementor-container elementor-column-gap-default\">\n\t\t\t\t\t<div class=\"elementor-column elementor-col-66 elementor-top-column elementor-element elementor-element-ebc2805\" data-id=\"ebc2805\" data-element_type=\"column\" data-e-type=\"column\">\n\t\t\t<div class=\"elementor-widget-wrap elementor-element-populated\">\n\t\t\t\t\t\t<div class=\"elementor-element elementor-element-1769899 elementor-widget elementor-widget-bauen-text\" data-id=\"1769899\" data-element_type=\"widget\" data-e-type=\"widget\" data-widget_type=\"bauen-text.default\">\n\t\t\t\t<div class=\"elementor-widget-container\">\n\t\t\t\t\t\t\t<div class=\"bn-text-block clear \">\n\t\t<p><strong>Reconnaitre le pouvoir de chacun : Vous avez un r\u00f4le \u00e0 jouer<\/strong><\/p><p>Le comportement \u00e9thique de nos gens est \u00e0 la base de notre r\u00e9ussite ; notre r\u00e9putation en tant que personnes et en tant que Cabinet en d\u00e9pend. Nous croyons fermement que chaque membre du Cabinet veut agir selon l\u2019\u00e9thique et faire les bons choix. Mais dans le monde complexe d\u2019aujourd\u2019hui, la route \u00e0 suivre n\u2019est pas toujours \u00e9vidente.<\/p><p>Le Code d\u2019\u00e9thique du Cabinet vise \u00e0 aider chacun de nous \u00e0 adh\u00e9rer aux normes de conduite professionnelle les plus \u00e9lev\u00e9es qui soient et \u00e0 nous guider dans nos choix. Il inclut les r\u00e8gles d\u2019\u00e9thique et les valeurs qui sont communes \u00e0 l\u2019Ordre des Architectes. Il refl\u00e8te la culture, les lois et les r\u00e8glements qui sont propres \u00e0 la C\u00f4te d\u2019Ivoire. Il \u00e9nonce la politique du Cabinet et son application \u00e0 diverses situations.<\/p><p>Reposant sur notre capacit\u00e9 av\u00e9r\u00e9e \u00e0 nous entraider pour agir comme il faut, le Code d\u2019\u00e9thique ne vise pas \u00e0 remplacer les valeurs distinctives de la culture de WACI \u2013 le jugement s\u00fbr et la consultation ouverte \u2013 et il ne peut pas couvrir toutes les situations. Si la route \u00e0 suivre n\u2019est pas \u00e9vidente, ou si vous \u00eates t\u00e9moin d\u2019une infraction au Code, nous vous encourageons \u00e0 en parler et \u00e0 utiliser le pouvoir individuel que vous avez de changer les choses.<\/p><p>\u00a0Lorsque chacun de nous adh\u00e8re \u00e0 nos r\u00e8gles d\u2019\u00e9thique, ensemble nous transformons le pouvoir de chacun en un pouvoir collectif. Tels des colonnes plac\u00e9es c\u00f4te \u00e0 c\u00f4te, nous renfor\u00e7ons nos valeurs communes et fortifions la structure qu\u2019est notre Cabinet. Notre d\u00e9termination collective \u00e0 suivre la bonne voie fera de WACI un mod\u00e8le d\u2019int\u00e9grit\u00e9 et de qualit\u00e9, maintenant et dans l\u2019avenir.<\/p><p><strong>\u00a0<\/strong><\/p><p><strong>Anoh St\u00e9phane CISSE<\/strong><\/p><p>Architecte \u2013 Urbaniste DEIAU<br \/>\u00a0 \u00a0 \u00a0 \u00a0 \u00a0 \u00a0 \u00a0 \u00a0 \u00a0 \u00a0Founder<\/p>\t\t<\/div>\n\t\t\t\t\t\t<\/div>\n\t\t\t\t<\/div>\n\t\t\t\t\t<\/div>\n\t\t<\/div>\n\t\t\t\t<div class=\"elementor-column elementor-col-33 elementor-top-column elementor-element elementor-element-ac0182b\" data-id=\"ac0182b\" data-element_type=\"column\" data-e-type=\"column\">\n\t\t\t<div class=\"elementor-widget-wrap elementor-element-populated\">\n\t\t\t\t\t\t<div class=\"elementor-element elementor-element-cf37869 elementor-widget elementor-widget-image\" data-id=\"cf37869\" data-element_type=\"widget\" data-e-type=\"widget\" data-widget_type=\"image.default\">\n\t\t\t\t<div class=\"elementor-widget-container\">\n\t\t\t\t\t\t\t\t\t\t\t\t\t\t\t<img fetchpriority=\"high\" decoding=\"async\" width=\"683\" height=\"1024\" src=\"https:\/\/cabinetwaci.com\/wp-content\/uploads\/2024\/08\/1000436896-683x1024.jpg\" class=\"attachment-large size-large wp-image-5552\" alt=\"\" srcset=\"https:\/\/cabinetwaci.com\/wp-content\/uploads\/2024\/08\/1000436896-683x1024.jpg 683w, https:\/\/cabinetwaci.com\/wp-content\/uploads\/2024\/08\/1000436896-200x300.jpg 200w, https:\/\/cabinetwaci.com\/wp-content\/uploads\/2024\/08\/1000436896-768x1152.jpg 768w, https:\/\/cabinetwaci.com\/wp-content\/uploads\/2024\/08\/1000436896-1024x1536.jpg 1024w, https:\/\/cabinetwaci.com\/wp-content\/uploads\/2024\/08\/1000436896-1365x2048.jpg 1365w, https:\/\/cabinetwaci.com\/wp-content\/uploads\/2024\/08\/1000436896-8x12.jpg 8w, https:\/\/cabinetwaci.com\/wp-content\/uploads\/2024\/08\/1000436896-scaled.jpg 1707w\" sizes=\"(max-width: 683px) 100vw, 683px\" \/>\t\t\t\t\t\t\t\t\t\t\t\t\t\t\t<\/div>\n\t\t\t\t<\/div>\n\t\t\t\t\t<\/div>\n\t\t<\/div>\n\t\t\t\t\t<\/div>\n\t\t<\/section>\n\t\t\t\t<section class=\"elementor-section elementor-top-section elementor-element elementor-element-5369edf elementor-section-boxed elementor-section-height-default elementor-section-height-default\" data-id=\"5369edf\" data-element_type=\"section\" data-e-type=\"section\">\n\t\t\t\t\t\t<div class=\"elementor-container elementor-column-gap-default\">\n\t\t\t\t\t<div class=\"elementor-column elementor-col-100 elementor-top-column elementor-element elementor-element-7630f93\" data-id=\"7630f93\" data-element_type=\"column\" data-e-type=\"column\">\n\t\t\t<div class=\"elementor-widget-wrap elementor-element-populated\">\n\t\t\t\t\t\t<div class=\"elementor-element elementor-element-0e85331 elementor-widget elementor-widget-spacer\" data-id=\"0e85331\" data-element_type=\"widget\" data-e-type=\"widget\" data-widget_type=\"spacer.default\">\n\t\t\t\t<div class=\"elementor-widget-container\">\n\t\t\t\t\t\t\t<div class=\"elementor-spacer\">\n\t\t\t<div class=\"elementor-spacer-inner\"><\/div>\n\t\t<\/div>\n\t\t\t\t\t\t<\/div>\n\t\t\t\t<\/div>\n\t\t\t\t\t<\/div>\n\t\t<\/div>\n\t\t\t\t\t<\/div>\n\t\t<\/section>\n\t\t\t\t<section class=\"elementor-section elementor-top-section elementor-element elementor-element-4207525 elementor-section-boxed elementor-section-height-default elementor-section-height-default\" data-id=\"4207525\" data-element_type=\"section\" data-e-type=\"section\">\n\t\t\t\t\t\t<div class=\"elementor-container elementor-column-gap-default\">\n\t\t\t\t\t<div class=\"elementor-column elementor-col-100 elementor-top-column elementor-element elementor-element-31c57d1\" data-id=\"31c57d1\" data-element_type=\"column\" data-e-type=\"column\">\n\t\t\t<div class=\"elementor-widget-wrap elementor-element-populated\">\n\t\t\t\t\t\t<div class=\"elementor-element elementor-element-d990f03 elementor-align-center elementor-widget elementor-widget-button\" data-id=\"d990f03\" data-element_type=\"widget\" data-e-type=\"widget\" data-widget_type=\"button.default\">\n\t\t\t\t<div class=\"elementor-widget-container\">\n\t\t\t\t\t\t\t\t\t<div class=\"elementor-button-wrapper\">\n\t\t\t\t\t<a class=\"elementor-button elementor-button-link elementor-size-sm\" href=\"https:\/\/cabinetwaci.com\/wp-content\/uploads\/2024\/08\/Code-Ethique_WACI.pdf\" download=\"CodeEthiqueWaci\">\n\t\t\t\t\t\t<span class=\"elementor-button-content-wrapper\">\n\t\t\t\t\t\t\t\t\t<span class=\"elementor-button-text\">TELECHARGEZ NOTRE CODE ETHIQUE OU RDV CI DESSOUS...<\/span>\n\t\t\t\t\t<\/span>\n\t\t\t\t\t<\/a>\n\t\t\t\t<\/div>\n\t\t\t\t\t\t\t\t<\/div>\n\t\t\t\t<\/div>\n\t\t\t\t\t<\/div>\n\t\t<\/div>\n\t\t\t\t\t<\/div>\n\t\t<\/section>\n\t\t\t\t<section class=\"elementor-section elementor-top-section elementor-element elementor-element-7a04953 elementor-section-boxed elementor-section-height-default elementor-section-height-default\" data-id=\"7a04953\" data-element_type=\"section\" data-e-type=\"section\">\n\t\t\t\t\t\t<div class=\"elementor-container elementor-column-gap-default\">\n\t\t\t\t\t<div class=\"elementor-column elementor-col-100 elementor-top-column elementor-element elementor-element-82f7e9b\" data-id=\"82f7e9b\" data-element_type=\"column\" data-e-type=\"column\">\n\t\t\t<div class=\"elementor-widget-wrap elementor-element-populated\">\n\t\t\t\t\t\t<div class=\"elementor-element elementor-element-62b7383 elementor-widget elementor-widget-shortcode\" data-id=\"62b7383\" data-element_type=\"widget\" data-e-type=\"widget\" data-widget_type=\"shortcode.default\">\n\t\t\t\t<div class=\"elementor-widget-container\">\n\t\t\t\t\t\t\t<div class=\"elementor-shortcode\"><div class=\"_df_book df-lite\" id=\"df_6162\"  _slug=\"charte-ethique\" data-title=\"charte-ethique\" wpoptions=\"true\" thumb=\"https:\/\/cabinetwaci.com\/wp-content\/uploads\/2024\/08\/Code-Ethique_WACI_page-0001.jpg\" thumbtype=\"\" ><\/div><script class=\"df-shortcode-script\" nowprocket type=\"application\/javascript\">window.option_df_6162 = {\"outline\":[],\"autoEnableOutline\":\"false\",\"autoEnableThumbnail\":\"false\",\"overwritePDFOutline\":\"false\",\"direction\":\"1\",\"pageSize\":\"0\",\"source\":[\"https:\\\/\\\/cabinetwaci.com\\\/wp-content\\\/uploads\\\/2024\\\/08\\\/Code-Ethique_WACI_page-0001.jpg\",\"https:\\\/\\\/cabinetwaci.com\\\/wp-content\\\/uploads\\\/2024\\\/08\\\/Code-Ethique_WACI_page-0002.jpg\",\"https:\\\/\\\/cabinetwaci.com\\\/wp-content\\\/uploads\\\/2024\\\/08\\\/Code-Ethique_WACI_page-0003.jpg\",\"https:\\\/\\\/cabinetwaci.com\\\/wp-content\\\/uploads\\\/2024\\\/08\\\/Code-Ethique_WACI_page-0004.jpg\",\"https:\\\/\\\/cabinetwaci.com\\\/wp-content\\\/uploads\\\/2024\\\/08\\\/Code-Ethique_WACI_page-0005.jpg\",\"https:\\\/\\\/cabinetwaci.com\\\/wp-content\\\/uploads\\\/2024\\\/08\\\/Code-Ethique_WACI_page-0006.jpg\",\"https:\\\/\\\/cabinetwaci.com\\\/wp-content\\\/uploads\\\/2024\\\/08\\\/Code-Ethique_WACI_page-0007.jpg\",\"https:\\\/\\\/cabinetwaci.com\\\/wp-content\\\/uploads\\\/2024\\\/08\\\/Code-Ethique_WACI_page-0008.jpg\",\"https:\\\/\\\/cabinetwaci.com\\\/wp-content\\\/uploads\\\/2024\\\/08\\\/Code-Ethique_WACI_page-0009.jpg\",\"https:\\\/\\\/cabinetwaci.com\\\/wp-content\\\/uploads\\\/2024\\\/08\\\/Code-Ethique_WACI_page-0010.jpg\",\"https:\\\/\\\/cabinetwaci.com\\\/wp-content\\\/uploads\\\/2024\\\/08\\\/Code-Ethique_WACI_page-0011.jpg\",\"https:\\\/\\\/cabinetwaci.com\\\/wp-content\\\/uploads\\\/2024\\\/08\\\/Code-Ethique_WACI_page-0012.jpg\",\"https:\\\/\\\/cabinetwaci.com\\\/wp-content\\\/uploads\\\/2024\\\/08\\\/Code-Ethique_WACI_page-0013.jpg\",\"https:\\\/\\\/cabinetwaci.com\\\/wp-content\\\/uploads\\\/2024\\\/08\\\/Code-Ethique_WACI_page-0014.jpg\",\"https:\\\/\\\/cabinetwaci.com\\\/wp-content\\\/uploads\\\/2024\\\/08\\\/Code-Ethique_WACI_page-0015.jpg\",\"https:\\\/\\\/cabinetwaci.com\\\/wp-content\\\/uploads\\\/2024\\\/08\\\/Code-Ethique_WACI_page-0016.jpg\",\"https:\\\/\\\/cabinetwaci.com\\\/wp-content\\\/uploads\\\/2024\\\/08\\\/Code-Ethique_WACI_page-0017.jpg\",\"https:\\\/\\\/cabinetwaci.com\\\/wp-content\\\/uploads\\\/2024\\\/08\\\/Code-Ethique_WACI_page-0018.jpg\",\"https:\\\/\\\/cabinetwaci.com\\\/wp-content\\\/uploads\\\/2024\\\/08\\\/Code-Ethique_WACI_page-0019.jpg\",\"https:\\\/\\\/cabinetwaci.com\\\/wp-content\\\/uploads\\\/2024\\\/08\\\/Code-Ethique_WACI_page-0020.jpg\",\"https:\\\/\\\/cabinetwaci.com\\\/wp-content\\\/uploads\\\/2024\\\/08\\\/Code-Ethique_WACI_page-0021.jpg\",\"https:\\\/\\\/cabinetwaci.com\\\/wp-content\\\/uploads\\\/2024\\\/08\\\/Code-Ethique_WACI_page-0022.jpg\",\"https:\\\/\\\/cabinetwaci.com\\\/wp-content\\\/uploads\\\/2024\\\/08\\\/Code-Ethique_WACI_page-0023.jpg\",\"https:\\\/\\\/cabinetwaci.com\\\/wp-content\\\/uploads\\\/2024\\\/08\\\/Code-Ethique_WACI_page-0024.jpg\",\"https:\\\/\\\/cabinetwaci.com\\\/wp-content\\\/uploads\\\/2024\\\/08\\\/Code-Ethique_WACI_page-0025.jpg\",\"https:\\\/\\\/cabinetwaci.com\\\/wp-content\\\/uploads\\\/2024\\\/08\\\/Code-Ethique_WACI_page-0026.jpg\",\"https:\\\/\\\/cabinetwaci.com\\\/wp-content\\\/uploads\\\/2024\\\/08\\\/Code-Ethique_WACI_page-0027.jpg\",\"https:\\\/\\\/cabinetwaci.com\\\/wp-content\\\/uploads\\\/2024\\\/08\\\/Code-Ethique_WACI_page-0028.jpg\",\"https:\\\/\\\/cabinetwaci.com\\\/wp-content\\\/uploads\\\/2024\\\/08\\\/Code-Ethique_WACI_page-0029.jpg\",\"https:\\\/\\\/cabinetwaci.com\\\/wp-content\\\/uploads\\\/2024\\\/08\\\/Code-Ethique_WACI_page-0030.jpg\",\"https:\\\/\\\/cabinetwaci.com\\\/wp-content\\\/uploads\\\/2024\\\/08\\\/Code-Ethique_WACI_page-0031.jpg\"],\"wpOptions\":\"true\",\"links\":[[],[],[],[],[],[],[],[],[],[],[],[],[],[],[],[],[],[],[],[],[],[],[],[],[],[],[],[],[],[],[],[]]}; if(window.DFLIP && window.DFLIP.parseBooks){window.DFLIP.parseBooks();}<\/script><\/div>\n\t\t\t\t\t\t<\/div>\n\t\t\t\t<\/div>\n\t\t\t\t\t<\/div>\n\t\t<\/div>\n\t\t\t\t\t<\/div>\n\t\t<\/section>\n\t\t\t\t<\/div>\n\t\t","protected":false},"excerpt":{"rendered":"<p>Reconnaitre le pouvoir de chacun : Vous avez un r\u00f4le \u00e0 jouer Le comportement \u00e9thique de nos gens est \u00e0 la base de notre r\u00e9ussite ; notre r\u00e9putation en tant que personnes et en tant que Cabinet en d\u00e9pend. Nous croyons fermement que chaque membre du Cabinet veut agir selon l\u2019\u00e9thique et faire les bons choix. Mais dans le monde&#8230;<\/p>","protected":false},"author":2,"featured_media":0,"parent":0,"menu_order":0,"comment_status":"closed","ping_status":"closed","template":"","meta":{"om_disable_all_campaigns":false,"_monsterinsights_skip_tracking":false,"_monsterinsights_sitenote_active":false,"_monsterinsights_sitenote_note":"","_monsterinsights_sitenote_category":0,"footnotes":"","_links_to":"","_links_to_target":""},"class_list":["post-5042","page","type-page","status-publish","hentry"],"aioseo_notices":[],"_links":{"self":[{"href":"https:\/\/cabinetwaci.com\/en\/wp-json\/wp\/v2\/pages\/5042","targetHints":{"allow":["GET"]}}],"collection":[{"href":"https:\/\/cabinetwaci.com\/en\/wp-json\/wp\/v2\/pages"}],"about":[{"href":"https:\/\/cabinetwaci.com\/en\/wp-json\/wp\/v2\/types\/page"}],"author":[{"embeddable":true,"href":"https:\/\/cabinetwaci.com\/en\/wp-json\/wp\/v2\/users\/2"}],"replies":[{"embeddable":true,"href":"https:\/\/cabinetwaci.com\/en\/wp-json\/wp\/v2\/comments?post=5042"}],"version-history":[{"count":34,"href":"https:\/\/cabinetwaci.com\/en\/wp-json\/wp\/v2\/pages\/5042\/revisions"}],"predecessor-version":[{"id":6268,"href":"https:\/\/cabinetwaci.com\/en\/wp-json\/wp\/v2\/pages\/5042\/revisions\/6268"}],"wp:attachment":[{"href":"https:\/\/cabinetwaci.com\/en\/wp-json\/wp\/v2\/media?parent=5042"}],"curies":[{"name":"wp","href":"https:\/\/api.w.org\/{rel}","templated":true}]}}