{"id":5031,"date":"2024-08-09T18:46:36","date_gmt":"2024-08-09T18:46:36","guid":{"rendered":"https:\/\/cabinetwaci.com\/?page_id=5031"},"modified":"2024-08-27T16:37:16","modified_gmt":"2024-08-27T16:37:16","slug":"seminaire-annuel-de-presentation-strategique","status":"publish","type":"page","link":"https:\/\/cabinetwaci.com\/en\/seminaire-annuel-de-presentation-strategique\/","title":{"rendered":"ANNUAL STRATEGIC PRESENTATION SEMINAR"},"content":{"rendered":"<div data-elementor-type=\"wp-page\" data-elementor-id=\"5031\" class=\"elementor elementor-5031\">\n\t\t\t\t\t\t<section class=\"elementor-section elementor-top-section elementor-element elementor-element-fb1f697 elementor-section-boxed elementor-section-height-default elementor-section-height-default\" data-id=\"fb1f697\" data-element_type=\"section\" data-e-type=\"section\">\n\t\t\t\t\t\t<div class=\"elementor-container elementor-column-gap-default\">\n\t\t\t\t\t<div class=\"elementor-column elementor-col-100 elementor-top-column elementor-element elementor-element-dfd33ac\" data-id=\"dfd33ac\" data-element_type=\"column\" data-e-type=\"column\">\n\t\t\t<div class=\"elementor-widget-wrap elementor-element-populated\">\n\t\t\t\t\t\t<div class=\"elementor-element elementor-element-78c6177 elementor-widget elementor-widget-spacer\" data-id=\"78c6177\" data-element_type=\"widget\" data-e-type=\"widget\" data-widget_type=\"spacer.default\">\n\t\t\t\t<div class=\"elementor-widget-container\">\n\t\t\t\t\t\t\t<div class=\"elementor-spacer\">\n\t\t\t<div class=\"elementor-spacer-inner\"><\/div>\n\t\t<\/div>\n\t\t\t\t\t\t<\/div>\n\t\t\t\t<\/div>\n\t\t\t\t\t<\/div>\n\t\t<\/div>\n\t\t\t\t\t<\/div>\n\t\t<\/section>\n\t\t\t\t<section class=\"elementor-section elementor-top-section elementor-element elementor-element-7e7657a elementor-section-boxed elementor-section-height-default elementor-section-height-default\" data-id=\"7e7657a\" data-element_type=\"section\" data-e-type=\"section\">\n\t\t\t\t\t\t<div class=\"elementor-container elementor-column-gap-default\">\n\t\t\t\t\t<div class=\"elementor-column elementor-col-100 elementor-top-column elementor-element elementor-element-1e57be3\" data-id=\"1e57be3\" data-element_type=\"column\" data-e-type=\"column\">\n\t\t\t<div class=\"elementor-widget-wrap elementor-element-populated\">\n\t\t\t\t\t\t<div class=\"elementor-element elementor-element-b3fdebe elementor-widget elementor-widget-bauen-text\" data-id=\"b3fdebe\" data-element_type=\"widget\" data-e-type=\"widget\" data-widget_type=\"bauen-text.default\">\n\t\t\t\t<div class=\"elementor-widget-container\">\n\t\t\t\t\t\t\t<div class=\"bn-text-block clear\">\n\t\t<p>EVENT - June 08, 2024<\/p><p><strong>On Saturday, June 08, 2024, the Firm's first annual seminar was held for all its teams from different WACI hubs at the NOVOTEL Plateau hotel.<\/strong><\/p><p><br \/>It was an opportunity for the general management and the various operational and support teams to discuss the progress made, congratulate themselves on the successes but also learn from the failures in order to maintain the WACI momentum.<br \/><br \/>This interactive event, organized at the dawn of our new challenges, had the main goal of raising awareness among employees of the Firm's 2024 - 2027 strategic orientations.<br \/>It was also a question of popularizing OUR <em>new<\/em> new PURPOSE FOR BEING through axes such as the Vision, Missions, Values and Signature of WACI through its founder and Managing Director.<br \/><br \/>\"WACI stands out and will stand out thanks to its people. WACI is you. \u00bb CISSE St\u00e9phane Anoh, CEO of WACI.<br \/><br \/><br \/>This tailor-made annual program, which presents the strategic development objectives of the Firm, is the first of a long series to come !<\/p>\t\t<\/div>\n\t\t\t\t\t\t<\/div>\n\t\t\t\t<\/div>\n\t\t\t\t\t<\/div>\n\t\t<\/div>\n\t\t\t\t\t<\/div>\n\t\t<\/section>\n\t\t\t\t<section class=\"elementor-section elementor-top-section elementor-element elementor-element-218b9f9 elementor-section-boxed elementor-section-height-default elementor-section-height-default\" data-id=\"218b9f9\" data-element_type=\"section\" data-e-type=\"section\">\n\t\t\t\t\t\t<div class=\"elementor-container elementor-column-gap-default\">\n\t\t\t\t\t<div class=\"elementor-column elementor-col-100 elementor-top-column elementor-element elementor-element-5f72882\" data-id=\"5f72882\" data-element_type=\"column\" data-e-type=\"column\">\n\t\t\t<div class=\"elementor-widget-wrap elementor-element-populated\">\n\t\t\t\t\t\t<div class=\"elementor-element elementor-element-34af9b6 elementor-widget elementor-widget-gallery\" data-id=\"34af9b6\" data-element_type=\"widget\" data-e-type=\"widget\" data-settings=\"{&quot;gap&quot;:{&quot;unit&quot;:&quot;px&quot;,&quot;size&quot;:9,&quot;sizes&quot;:[]},&quot;lazyload&quot;:&quot;yes&quot;,&quot;gallery_layout&quot;:&quot;grid&quot;,&quot;columns&quot;:4,&quot;columns_tablet&quot;:2,&quot;columns_mobile&quot;:1,&quot;gap_tablet&quot;:{&quot;unit&quot;:&quot;px&quot;,&quot;size&quot;:10,&quot;sizes&quot;:[]},&quot;gap_mobile&quot;:{&quot;unit&quot;:&quot;px&quot;,&quot;size&quot;:10,&quot;sizes&quot;:[]},&quot;link_to&quot;:&quot;file&quot;,&quot;aspect_ratio&quot;:&quot;3:2&quot;,&quot;overlay_background&quot;:&quot;yes&quot;,&quot;content_hover_animation&quot;:&quot;fade-in&quot;}\" data-widget_type=\"gallery.default\">\n\t\t\t\t<div class=\"elementor-widget-container\">\n\t\t\t\t\t\t\t<div class=\"elementor-gallery__container\">\n\t\t\t\t\t\t\t<a class=\"e-gallery-item elementor-gallery-item elementor-animated-content\" href=\"https:\/\/cabinetwaci.com\/wp-content\/uploads\/2024\/08\/861A7924-1-scaled.jpg\" data-elementor-open-lightbox=\"yes\" data-elementor-lightbox-slideshow=\"all-34af9b6\" data-elementor-lightbox-title=\"861A7924\" data-e-action-hash=\"#elementor-action%3Aaction%3Dlightbox%26settings%3DeyJpZCI6NTU4OCwidXJsIjoiaHR0cHM6XC9cL2NhYmluZXR3YWNpLmNvbVwvd3AtY29udGVudFwvdXBsb2Fkc1wvMjAyNFwvMDhcLzg2MUE3OTI0LTEtc2NhbGVkLmpwZyIsInNsaWRlc2hvdyI6ImFsbC0zNGFmOWI2In0%3D\">\n\t\t\t\t\t<div class=\"e-gallery-image elementor-gallery-item__image\" data-thumbnail=\"https:\/\/cabinetwaci.com\/wp-content\/uploads\/2024\/08\/861A7924-1-300x200.jpg\" data-width=\"300\" data-height=\"200\" alt=\"\" ><\/div>\n\t\t\t\t\t\t\t\t\t\t\t<div class=\"elementor-gallery-item__overlay\"><\/div>\n\t\t\t\t\t\t\t\t\t\t\t\t\t\t<\/a>\n\t\t\t\t\t\t\t<a class=\"e-gallery-item elementor-gallery-item elementor-animated-content\" href=\"https:\/\/cabinetwaci.com\/wp-content\/uploads\/2024\/08\/861A7936-1-scaled.jpg\" data-elementor-open-lightbox=\"yes\" data-elementor-lightbox-slideshow=\"all-34af9b6\" data-elementor-lightbox-title=\"861A7936\" data-e-action-hash=\"#elementor-action%3Aaction%3Dlightbox%26settings%3DeyJpZCI6NTU4OSwidXJsIjoiaHR0cHM6XC9cL2NhYmluZXR3YWNpLmNvbVwvd3AtY29udGVudFwvdXBsb2Fkc1wvMjAyNFwvMDhcLzg2MUE3OTM2LTEtc2NhbGVkLmpwZyIsInNsaWRlc2hvdyI6ImFsbC0zNGFmOWI2In0%3D\">\n\t\t\t\t\t<div class=\"e-gallery-image elementor-gallery-item__image\" data-thumbnail=\"https:\/\/cabinetwaci.com\/wp-content\/uploads\/2024\/08\/861A7936-1-300x200.jpg\" data-width=\"300\" data-height=\"200\" alt=\"\" ><\/div>\n\t\t\t\t\t\t\t\t\t\t\t<div class=\"elementor-gallery-item__overlay\"><\/div>\n\t\t\t\t\t\t\t\t\t\t\t\t\t\t<\/a>\n\t\t\t\t\t\t\t<a class=\"e-gallery-item elementor-gallery-item elementor-animated-content\" href=\"https:\/\/cabinetwaci.com\/wp-content\/uploads\/2024\/08\/861A7946-1-scaled.jpg\" data-elementor-open-lightbox=\"yes\" data-elementor-lightbox-slideshow=\"all-34af9b6\" data-elementor-lightbox-title=\"861A7946\" data-e-action-hash=\"#elementor-action%3Aaction%3Dlightbox%26settings%3DeyJpZCI6NTU5MCwidXJsIjoiaHR0cHM6XC9cL2NhYmluZXR3YWNpLmNvbVwvd3AtY29udGVudFwvdXBsb2Fkc1wvMjAyNFwvMDhcLzg2MUE3OTQ2LTEtc2NhbGVkLmpwZyIsInNsaWRlc2hvdyI6ImFsbC0zNGFmOWI2In0%3D\">\n\t\t\t\t\t<div class=\"e-gallery-image elementor-gallery-item__image\" data-thumbnail=\"https:\/\/cabinetwaci.com\/wp-content\/uploads\/2024\/08\/861A7946-1-300x200.jpg\" data-width=\"300\" data-height=\"200\" alt=\"\" ><\/div>\n\t\t\t\t\t\t\t\t\t\t\t<div class=\"elementor-gallery-item__overlay\"><\/div>\n\t\t\t\t\t\t\t\t\t\t\t\t\t\t<\/a>\n\t\t\t\t\t\t\t<a class=\"e-gallery-item elementor-gallery-item elementor-animated-content\" href=\"https:\/\/cabinetwaci.com\/wp-content\/uploads\/2024\/08\/861A7947-1-scaled.jpg\" data-elementor-open-lightbox=\"yes\" data-elementor-lightbox-slideshow=\"all-34af9b6\" data-elementor-lightbox-title=\"861A7947\" data-e-action-hash=\"#elementor-action%3Aaction%3Dlightbox%26settings%3DeyJpZCI6NTU5MSwidXJsIjoiaHR0cHM6XC9cL2NhYmluZXR3YWNpLmNvbVwvd3AtY29udGVudFwvdXBsb2Fkc1wvMjAyNFwvMDhcLzg2MUE3OTQ3LTEtc2NhbGVkLmpwZyIsInNsaWRlc2hvdyI6ImFsbC0zNGFmOWI2In0%3D\">\n\t\t\t\t\t<div class=\"e-gallery-image elementor-gallery-item__image\" data-thumbnail=\"https:\/\/cabinetwaci.com\/wp-content\/uploads\/2024\/08\/861A7947-1-300x200.jpg\" data-width=\"300\" data-height=\"200\" alt=\"\" ><\/div>\n\t\t\t\t\t\t\t\t\t\t\t<div class=\"elementor-gallery-item__overlay\"><\/div>\n\t\t\t\t\t\t\t\t\t\t\t\t\t\t<\/a>\n\t\t\t\t\t\t\t<a class=\"e-gallery-item elementor-gallery-item elementor-animated-content\" href=\"https:\/\/cabinetwaci.com\/wp-content\/uploads\/2024\/08\/861A7970-1-scaled.jpg\" data-elementor-open-lightbox=\"yes\" data-elementor-lightbox-slideshow=\"all-34af9b6\" data-elementor-lightbox-title=\"861A7970\" data-e-action-hash=\"#elementor-action%3Aaction%3Dlightbox%26settings%3DeyJpZCI6NTU5MiwidXJsIjoiaHR0cHM6XC9cL2NhYmluZXR3YWNpLmNvbVwvd3AtY29udGVudFwvdXBsb2Fkc1wvMjAyNFwvMDhcLzg2MUE3OTcwLTEtc2NhbGVkLmpwZyIsInNsaWRlc2hvdyI6ImFsbC0zNGFmOWI2In0%3D\">\n\t\t\t\t\t<div class=\"e-gallery-image elementor-gallery-item__image\" data-thumbnail=\"https:\/\/cabinetwaci.com\/wp-content\/uploads\/2024\/08\/861A7970-1-300x200.jpg\" data-width=\"300\" data-height=\"200\" alt=\"\" ><\/div>\n\t\t\t\t\t\t\t\t\t\t\t<div class=\"elementor-gallery-item__overlay\"><\/div>\n\t\t\t\t\t\t\t\t\t\t\t\t\t\t<\/a>\n\t\t\t\t\t\t\t<a class=\"e-gallery-item elementor-gallery-item elementor-animated-content\" href=\"https:\/\/cabinetwaci.com\/wp-content\/uploads\/2024\/08\/861A7976-scaled.jpg\" data-elementor-open-lightbox=\"yes\" data-elementor-lightbox-slideshow=\"all-34af9b6\" data-elementor-lightbox-title=\"861A7976\" data-e-action-hash=\"#elementor-action%3Aaction%3Dlightbox%26settings%3DeyJpZCI6NTU5MywidXJsIjoiaHR0cHM6XC9cL2NhYmluZXR3YWNpLmNvbVwvd3AtY29udGVudFwvdXBsb2Fkc1wvMjAyNFwvMDhcLzg2MUE3OTc2LXNjYWxlZC5qcGciLCJzbGlkZXNob3ciOiJhbGwtMzRhZjliNiJ9\">\n\t\t\t\t\t<div class=\"e-gallery-image elementor-gallery-item__image\" data-thumbnail=\"https:\/\/cabinetwaci.com\/wp-content\/uploads\/2024\/08\/861A7976-300x200.jpg\" data-width=\"300\" data-height=\"200\" alt=\"\" ><\/div>\n\t\t\t\t\t\t\t\t\t\t\t<div class=\"elementor-gallery-item__overlay\"><\/div>\n\t\t\t\t\t\t\t\t\t\t\t\t\t\t<\/a>\n\t\t\t\t\t\t\t<a class=\"e-gallery-item elementor-gallery-item elementor-animated-content\" href=\"https:\/\/cabinetwaci.com\/wp-content\/uploads\/2024\/08\/861A7977-scaled.jpg\" data-elementor-open-lightbox=\"yes\" data-elementor-lightbox-slideshow=\"all-34af9b6\" data-elementor-lightbox-title=\"861A7977\" data-e-action-hash=\"#elementor-action%3Aaction%3Dlightbox%26settings%3DeyJpZCI6NTU5NCwidXJsIjoiaHR0cHM6XC9cL2NhYmluZXR3YWNpLmNvbVwvd3AtY29udGVudFwvdXBsb2Fkc1wvMjAyNFwvMDhcLzg2MUE3OTc3LXNjYWxlZC5qcGciLCJzbGlkZXNob3ciOiJhbGwtMzRhZjliNiJ9\">\n\t\t\t\t\t<div class=\"e-gallery-image elementor-gallery-item__image\" data-thumbnail=\"https:\/\/cabinetwaci.com\/wp-content\/uploads\/2024\/08\/861A7977-300x200.jpg\" data-width=\"300\" data-height=\"200\" alt=\"\" ><\/div>\n\t\t\t\t\t\t\t\t\t\t\t<div class=\"elementor-gallery-item__overlay\"><\/div>\n\t\t\t\t\t\t\t\t\t\t\t\t\t\t<\/a>\n\t\t\t\t\t\t\t<a class=\"e-gallery-item elementor-gallery-item elementor-animated-content\" href=\"https:\/\/cabinetwaci.com\/wp-content\/uploads\/2024\/08\/861A7983-scaled.jpg\" data-elementor-open-lightbox=\"yes\" data-elementor-lightbox-slideshow=\"all-34af9b6\" data-elementor-lightbox-title=\"861A7983\" data-e-action-hash=\"#elementor-action%3Aaction%3Dlightbox%26settings%3DeyJpZCI6NTU5NSwidXJsIjoiaHR0cHM6XC9cL2NhYmluZXR3YWNpLmNvbVwvd3AtY29udGVudFwvdXBsb2Fkc1wvMjAyNFwvMDhcLzg2MUE3OTgzLXNjYWxlZC5qcGciLCJzbGlkZXNob3ciOiJhbGwtMzRhZjliNiJ9\">\n\t\t\t\t\t<div class=\"e-gallery-image elementor-gallery-item__image\" data-thumbnail=\"https:\/\/cabinetwaci.com\/wp-content\/uploads\/2024\/08\/861A7983-300x200.jpg\" data-width=\"300\" data-height=\"200\" alt=\"\" ><\/div>\n\t\t\t\t\t\t\t\t\t\t\t<div class=\"elementor-gallery-item__overlay\"><\/div>\n\t\t\t\t\t\t\t\t\t\t\t\t\t\t<\/a>\n\t\t\t\t\t\t\t<a class=\"e-gallery-item elementor-gallery-item elementor-animated-content\" href=\"https:\/\/cabinetwaci.com\/wp-content\/uploads\/2024\/08\/861A7989-scaled.jpg\" data-elementor-open-lightbox=\"yes\" data-elementor-lightbox-slideshow=\"all-34af9b6\" data-elementor-lightbox-title=\"861A7989\" data-e-action-hash=\"#elementor-action%3Aaction%3Dlightbox%26settings%3DeyJpZCI6NTU5NiwidXJsIjoiaHR0cHM6XC9cL2NhYmluZXR3YWNpLmNvbVwvd3AtY29udGVudFwvdXBsb2Fkc1wvMjAyNFwvMDhcLzg2MUE3OTg5LXNjYWxlZC5qcGciLCJzbGlkZXNob3ciOiJhbGwtMzRhZjliNiJ9\">\n\t\t\t\t\t<div class=\"e-gallery-image elementor-gallery-item__image\" data-thumbnail=\"https:\/\/cabinetwaci.com\/wp-content\/uploads\/2024\/08\/861A7989-300x200.jpg\" data-width=\"300\" data-height=\"200\" alt=\"\" ><\/div>\n\t\t\t\t\t\t\t\t\t\t\t<div class=\"elementor-gallery-item__overlay\"><\/div>\n\t\t\t\t\t\t\t\t\t\t\t\t\t\t<\/a>\n\t\t\t\t\t\t\t<a class=\"e-gallery-item elementor-gallery-item elementor-animated-content\" href=\"https:\/\/cabinetwaci.com\/wp-content\/uploads\/2024\/08\/861A7996-scaled.jpg\" data-elementor-open-lightbox=\"yes\" data-elementor-lightbox-slideshow=\"all-34af9b6\" data-elementor-lightbox-title=\"861A7996\" data-e-action-hash=\"#elementor-action%3Aaction%3Dlightbox%26settings%3DeyJpZCI6NTU5NywidXJsIjoiaHR0cHM6XC9cL2NhYmluZXR3YWNpLmNvbVwvd3AtY29udGVudFwvdXBsb2Fkc1wvMjAyNFwvMDhcLzg2MUE3OTk2LXNjYWxlZC5qcGciLCJzbGlkZXNob3ciOiJhbGwtMzRhZjliNiJ9\">\n\t\t\t\t\t<div class=\"e-gallery-image elementor-gallery-item__image\" data-thumbnail=\"https:\/\/cabinetwaci.com\/wp-content\/uploads\/2024\/08\/861A7996-300x200.jpg\" data-width=\"300\" data-height=\"200\" alt=\"\" ><\/div>\n\t\t\t\t\t\t\t\t\t\t\t<div class=\"elementor-gallery-item__overlay\"><\/div>\n\t\t\t\t\t\t\t\t\t\t\t\t\t\t<\/a>\n\t\t\t\t\t\t\t<a class=\"e-gallery-item elementor-gallery-item elementor-animated-content\" href=\"https:\/\/cabinetwaci.com\/wp-content\/uploads\/2024\/08\/861A8019-scaled.jpg\" data-elementor-open-lightbox=\"yes\" data-elementor-lightbox-slideshow=\"all-34af9b6\" data-elementor-lightbox-title=\"861A8019\" data-e-action-hash=\"#elementor-action%3Aaction%3Dlightbox%26settings%3DeyJpZCI6NTU5OCwidXJsIjoiaHR0cHM6XC9cL2NhYmluZXR3YWNpLmNvbVwvd3AtY29udGVudFwvdXBsb2Fkc1wvMjAyNFwvMDhcLzg2MUE4MDE5LXNjYWxlZC5qcGciLCJzbGlkZXNob3ciOiJhbGwtMzRhZjliNiJ9\">\n\t\t\t\t\t<div class=\"e-gallery-image elementor-gallery-item__image\" data-thumbnail=\"https:\/\/cabinetwaci.com\/wp-content\/uploads\/2024\/08\/861A8019-300x200.jpg\" data-width=\"300\" data-height=\"200\" alt=\"\" ><\/div>\n\t\t\t\t\t\t\t\t\t\t\t<div class=\"elementor-gallery-item__overlay\"><\/div>\n\t\t\t\t\t\t\t\t\t\t\t\t\t\t<\/a>\n\t\t\t\t\t\t\t<a class=\"e-gallery-item elementor-gallery-item elementor-animated-content\" href=\"https:\/\/cabinetwaci.com\/wp-content\/uploads\/2024\/08\/861A8036-scaled.jpg\" data-elementor-open-lightbox=\"yes\" data-elementor-lightbox-slideshow=\"all-34af9b6\" data-elementor-lightbox-title=\"861A8036\" data-e-action-hash=\"#elementor-action%3Aaction%3Dlightbox%26settings%3DeyJpZCI6NTU5OSwidXJsIjoiaHR0cHM6XC9cL2NhYmluZXR3YWNpLmNvbVwvd3AtY29udGVudFwvdXBsb2Fkc1wvMjAyNFwvMDhcLzg2MUE4MDM2LXNjYWxlZC5qcGciLCJzbGlkZXNob3ciOiJhbGwtMzRhZjliNiJ9\">\n\t\t\t\t\t<div class=\"e-gallery-image elementor-gallery-item__image\" data-thumbnail=\"https:\/\/cabinetwaci.com\/wp-content\/uploads\/2024\/08\/861A8036-300x200.jpg\" data-width=\"300\" data-height=\"200\" alt=\"\" ><\/div>\n\t\t\t\t\t\t\t\t\t\t\t<div class=\"elementor-gallery-item__overlay\"><\/div>\n\t\t\t\t\t\t\t\t\t\t\t\t\t\t<\/a>\n\t\t\t\t\t\t\t<a class=\"e-gallery-item elementor-gallery-item elementor-animated-content\" href=\"https:\/\/cabinetwaci.com\/wp-content\/uploads\/2024\/08\/861A8038-scaled.jpg\" data-elementor-open-lightbox=\"yes\" data-elementor-lightbox-slideshow=\"all-34af9b6\" data-elementor-lightbox-title=\"861A8038\" data-e-action-hash=\"#elementor-action%3Aaction%3Dlightbox%26settings%3DeyJpZCI6NTYwMCwidXJsIjoiaHR0cHM6XC9cL2NhYmluZXR3YWNpLmNvbVwvd3AtY29udGVudFwvdXBsb2Fkc1wvMjAyNFwvMDhcLzg2MUE4MDM4LXNjYWxlZC5qcGciLCJzbGlkZXNob3ciOiJhbGwtMzRhZjliNiJ9\">\n\t\t\t\t\t<div class=\"e-gallery-image elementor-gallery-item__image\" data-thumbnail=\"https:\/\/cabinetwaci.com\/wp-content\/uploads\/2024\/08\/861A8038-300x200.jpg\" data-width=\"300\" data-height=\"200\" alt=\"\" ><\/div>\n\t\t\t\t\t\t\t\t\t\t\t<div class=\"elementor-gallery-item__overlay\"><\/div>\n\t\t\t\t\t\t\t\t\t\t\t\t\t\t<\/a>\n\t\t\t\t\t<\/div>\n\t\t\t\t\t<\/div>\n\t\t\t\t<\/div>\n\t\t\t\t\t<\/div>\n\t\t<\/div>\n\t\t\t\t\t<\/div>\n\t\t<\/section>\n\t\t\t\t<section class=\"elementor-section elementor-top-section elementor-element elementor-element-f4a23d7 elementor-section-boxed elementor-section-height-default elementor-section-height-default\" data-id=\"f4a23d7\" data-element_type=\"section\" data-e-type=\"section\">\n\t\t\t\t\t\t<div class=\"elementor-container elementor-column-gap-default\">\n\t\t\t\t\t<div class=\"elementor-column elementor-col-100 elementor-top-column elementor-element elementor-element-5366f54\" data-id=\"5366f54\" data-element_type=\"column\" data-e-type=\"column\">\n\t\t\t<div class=\"elementor-widget-wrap\">\n\t\t\t\t\t\t\t<\/div>\n\t\t<\/div>\n\t\t\t\t\t<\/div>\n\t\t<\/section>\n\t\t\t\t<section class=\"elementor-section elementor-top-section elementor-element elementor-element-dab5ba8 elementor-section-boxed elementor-section-height-default elementor-section-height-default\" data-id=\"dab5ba8\" data-element_type=\"section\" data-e-type=\"section\">\n\t\t\t\t\t\t<div class=\"elementor-container elementor-column-gap-default\">\n\t\t\t\t\t<div class=\"elementor-column elementor-col-100 elementor-top-column elementor-element elementor-element-e7e2f3e\" data-id=\"e7e2f3e\" data-element_type=\"column\" data-e-type=\"column\">\n\t\t\t<div class=\"elementor-widget-wrap elementor-element-populated\">\n\t\t\t\t\t\t<div class=\"elementor-element elementor-element-566ba92 elementor-widget elementor-widget-video\" data-id=\"566ba92\" data-element_type=\"widget\" data-e-type=\"widget\" data-settings=\"{&quot;video_type&quot;:&quot;hosted&quot;,&quot;loop&quot;:&quot;yes&quot;,&quot;controls&quot;:&quot;yes&quot;}\" data-widget_type=\"video.default\">\n\t\t\t\t<div class=\"elementor-widget-container\">\n\t\t\t\t\t\t\t<div class=\"e-hosted-video elementor-wrapper elementor-open-inline\">\n\t\t\t\t\t<video class=\"elementor-video\" src=\"https:\/\/cabinetwaci.com\/wp-content\/uploads\/2024\/08\/seminaire.mp4\" loop=\"\" controls=\"\" preload=\"metadata\" controlslist=\"nodownload\"><\/video>\n\t\t\t\t<\/div>\n\t\t\t\t\t\t<\/div>\n\t\t\t\t<\/div>\n\t\t\t\t\t<\/div>\n\t\t<\/div>\n\t\t\t\t\t<\/div>\n\t\t<\/section>\n\t\t\t\t<\/div>","protected":false},"excerpt":{"rendered":"<p>\u00c9V\u00c8NEMENT &#8211; 08 Juin 2024 Le samedi 08 juin 2024 s\u2019est tenu le premier s\u00e9minaire annuel du Cabinet \u00e0 destination de toutes ses \u00e9quipes de diff\u00e9rents p\u00f4les de WACI \u00e0 l\u2019h\u00f4tel NOVOTEL Plateau. Ce fut une occasion pour la direction g\u00e9n\u00e9rale et les diff\u00e9rentes \u00e9quipes op\u00e9rationnelles et supports d\u2019\u00e9changer sur le chemin parcouru, se f\u00e9liciter des r\u00e9ussites mais \u00e9galement apprendre&#8230;<\/p>","protected":false},"author":2,"featured_media":0,"parent":0,"menu_order":0,"comment_status":"closed","ping_status":"closed","template":"","meta":{"om_disable_all_campaigns":false,"_monsterinsights_skip_tracking":false,"_monsterinsights_sitenote_active":false,"_monsterinsights_sitenote_note":"","_monsterinsights_sitenote_category":0,"footnotes":"","_links_to":"","_links_to_target":""},"class_list":["post-5031","page","type-page","status-publish","hentry"],"aioseo_notices":[],"_links":{"self":[{"href":"https:\/\/cabinetwaci.com\/en\/wp-json\/wp\/v2\/pages\/5031","targetHints":{"allow":["GET"]}}],"collection":[{"href":"https:\/\/cabinetwaci.com\/en\/wp-json\/wp\/v2\/pages"}],"about":[{"href":"https:\/\/cabinetwaci.com\/en\/wp-json\/wp\/v2\/types\/page"}],"author":[{"embeddable":true,"href":"https:\/\/cabinetwaci.com\/en\/wp-json\/wp\/v2\/users\/2"}],"replies":[{"embeddable":true,"href":"https:\/\/cabinetwaci.com\/en\/wp-json\/wp\/v2\/comments?post=5031"}],"version-history":[{"count":13,"href":"https:\/\/cabinetwaci.com\/en\/wp-json\/wp\/v2\/pages\/5031\/revisions"}],"predecessor-version":[{"id":5966,"href":"https:\/\/cabinetwaci.com\/en\/wp-json\/wp\/v2\/pages\/5031\/revisions\/5966"}],"wp:attachment":[{"href":"https:\/\/cabinetwaci.com\/en\/wp-json\/wp\/v2\/media?parent=5031"}],"curies":[{"name":"wp","href":"https:\/\/api.w.org\/{rel}","templated":true}]}}