{"id":4854,"date":"2024-01-26T16:29:55","date_gmt":"2024-01-26T16:29:55","guid":{"rendered":"https:\/\/cabinetwaci.com\/?page_id=4854"},"modified":"2024-08-13T15:55:03","modified_gmt":"2024-08-13T15:55:03","slug":"claudia-zida","status":"publish","type":"page","link":"https:\/\/cabinetwaci.com\/en\/claudia-zida\/","title":{"rendered":"Claudia ZIDA"},"content":{"rendered":"<div data-elementor-type=\"wp-page\" data-elementor-id=\"4854\" class=\"elementor elementor-4854\">\n\t\t\t\t\t\t<section class=\"elementor-section elementor-top-section elementor-element elementor-element-7ee718c9 elementor-section-boxed elementor-section-height-default elementor-section-height-default\" data-id=\"7ee718c9\" data-element_type=\"section\" data-e-type=\"section\">\n\t\t\t\t\t\t<div class=\"elementor-container elementor-column-gap-default\">\n\t\t\t\t\t<div class=\"elementor-column elementor-col-100 elementor-top-column elementor-element elementor-element-58c7dc56\" data-id=\"58c7dc56\" data-element_type=\"column\" data-e-type=\"column\">\n\t\t\t<div class=\"elementor-widget-wrap elementor-element-populated\">\n\t\t\t\t\t\t<div class=\"elementor-element elementor-element-8a81707 elementor-widget elementor-widget-bauen-title\" data-id=\"8a81707\" data-element_type=\"widget\" data-e-type=\"widget\" data-widget_type=\"bauen-title.default\">\n\t\t\t\t<div class=\"elementor-widget-container\">\n\t\t\t\t\t\t\t\n\t\t\t\n\t\t\t\t\t\t<h2 class=\"section-title text-left\">Michelle Claudia SEHI epse ZIDA<\/h2>\n\t\t\t\t\n\t\t\t\t\n        \n\t\t\t\n        \t\t\t\t<\/div>\n\t\t\t\t<\/div>\n\t\t\t\t<div class=\"elementor-section elementor-inner-section elementor-element elementor-element-7f82964a elementor-section-boxed elementor-section-height-default elementor-section-height-default\" data-id=\"7f82964a\" data-element_type=\"section\" data-e-type=\"section\">\n\t\t\t\t\t\t<div class=\"elementor-container elementor-column-gap-default\">\n\t\t\t\t\t<div class=\"elementor-column elementor-col-50 elementor-inner-column elementor-element elementor-element-6afe4c96\" data-id=\"6afe4c96\" data-element_type=\"column\" data-e-type=\"column\">\n\t\t\t<div class=\"elementor-widget-wrap elementor-element-populated\">\n\t\t\t\t\t\t<div class=\"elementor-element elementor-element-2117fa5 elementor-widget elementor-widget-image\" data-id=\"2117fa5\" data-element_type=\"widget\" data-e-type=\"widget\" data-widget_type=\"image.default\">\n\t\t\t\t<div class=\"elementor-widget-container\">\n\t\t\t\t\t\t\t\t\t\t\t\t\t\t\t<img fetchpriority=\"high\" decoding=\"async\" width=\"3543\" height=\"3543\" src=\"https:\/\/cabinetwaci.com\/wp-content\/uploads\/2024\/08\/5R8A3645.png\" class=\"attachment-full size-full wp-image-5154\" alt=\"\" srcset=\"https:\/\/cabinetwaci.com\/wp-content\/uploads\/2024\/08\/5R8A3645.png 3543w, https:\/\/cabinetwaci.com\/wp-content\/uploads\/2024\/08\/5R8A3645-300x300.png 300w, https:\/\/cabinetwaci.com\/wp-content\/uploads\/2024\/08\/5R8A3645-1024x1024.png 1024w, https:\/\/cabinetwaci.com\/wp-content\/uploads\/2024\/08\/5R8A3645-150x150.png 150w, https:\/\/cabinetwaci.com\/wp-content\/uploads\/2024\/08\/5R8A3645-768x768.png 768w, https:\/\/cabinetwaci.com\/wp-content\/uploads\/2024\/08\/5R8A3645-1536x1536.png 1536w, https:\/\/cabinetwaci.com\/wp-content\/uploads\/2024\/08\/5R8A3645-2048x2048.png 2048w, https:\/\/cabinetwaci.com\/wp-content\/uploads\/2024\/08\/5R8A3645-12x12.png 12w\" sizes=\"(max-width: 3543px) 100vw, 3543px\" \/>\t\t\t\t\t\t\t\t\t\t\t\t\t\t\t<\/div>\n\t\t\t\t<\/div>\n\t\t\t\t\t<\/div>\n\t\t<\/div>\n\t\t\t\t<div class=\"elementor-column elementor-col-50 elementor-inner-column elementor-element elementor-element-f5a3cfb\" data-id=\"f5a3cfb\" data-element_type=\"column\" data-e-type=\"column\">\n\t\t\t<div class=\"elementor-widget-wrap elementor-element-populated\">\n\t\t\t\t\t\t<div class=\"elementor-element elementor-element-e26e524 elementor-widget elementor-widget-text-editor\" data-id=\"e26e524\" data-element_type=\"widget\" data-e-type=\"widget\" data-widget_type=\"text-editor.default\">\n\t\t\t\t<div class=\"elementor-widget-container\">\n\t\t\t\t\t\t\t\t\t<p>Graduated with a BTS in human resources and communication, also certified with training in legal and accounting secretarial work. But long before that, knowing the job market was very demanding, she wanted to put all the chances on her side by obtaining a Proficiency in English in Accra, Ghana, which made her perfectly bilingual.<\/p><p>Recently, she was recruited as an office manager within our firm.<\/p><p>Her hobbies include traveling, music and reading.<\/p><p>She has the ambitions to become Head of Human and Legal Resources<\/p><p>Claudia's motto is \u2013 Hard work \u2013 Team work \u2013 results minded.<\/p>\t\t\t\t\t\t\t\t<\/div>\n\t\t\t\t<\/div>\n\t\t\t\t<div class=\"elementor-element elementor-element-0beece3 elementor-widget elementor-widget-spacer\" data-id=\"0beece3\" data-element_type=\"widget\" data-e-type=\"widget\" data-widget_type=\"spacer.default\">\n\t\t\t\t<div class=\"elementor-widget-container\">\n\t\t\t\t\t\t\t<div class=\"elementor-spacer\">\n\t\t\t<div class=\"elementor-spacer-inner\"><\/div>\n\t\t<\/div>\n\t\t\t\t\t\t<\/div>\n\t\t\t\t<\/div>\n\t\t\t\t\t<\/div>\n\t\t<\/div>\n\t\t\t\t\t<\/div>\n\t\t<\/div>\n\t\t\t\t\t<\/div>\n\t\t<\/div>\n\t\t\t\t\t<\/div>\n\t\t<\/section>\n\t\t\t\t<\/div>","protected":false},"excerpt":{"rendered":"<p>Michelle Claudia SEHI epse ZIDA Dipl\u00f4m\u00e9e d\u2019un BTS en ressources humaines et communication aussi certifi\u00e9e d\u2019une formation en secr\u00e9tariat juridique et comptable. Mais bien avant cela , sachant le march\u00e9 du travail tr\u00e8s demandeur, elle voulu mettre toutes ses chances de son c\u00f4t\u00e9 en obtenant \u00e0 Acrra au Ghana, un Proficiency en anglais qui l\u2019a rendu parfaitement bilingue. R\u00e9cemment, elle&#8230;<\/p>","protected":false},"author":2,"featured_media":0,"parent":0,"menu_order":0,"comment_status":"closed","ping_status":"closed","template":"","meta":{"om_disable_all_campaigns":false,"_monsterinsights_skip_tracking":false,"_monsterinsights_sitenote_active":false,"_monsterinsights_sitenote_note":"","_monsterinsights_sitenote_category":0,"footnotes":"","_links_to":"","_links_to_target":""},"class_list":["post-4854","page","type-page","status-publish","hentry"],"aioseo_notices":[],"_links":{"self":[{"href":"https:\/\/cabinetwaci.com\/en\/wp-json\/wp\/v2\/pages\/4854","targetHints":{"allow":["GET"]}}],"collection":[{"href":"https:\/\/cabinetwaci.com\/en\/wp-json\/wp\/v2\/pages"}],"about":[{"href":"https:\/\/cabinetwaci.com\/en\/wp-json\/wp\/v2\/types\/page"}],"author":[{"embeddable":true,"href":"https:\/\/cabinetwaci.com\/en\/wp-json\/wp\/v2\/users\/2"}],"replies":[{"embeddable":true,"href":"https:\/\/cabinetwaci.com\/en\/wp-json\/wp\/v2\/comments?post=4854"}],"version-history":[{"count":29,"href":"https:\/\/cabinetwaci.com\/en\/wp-json\/wp\/v2\/pages\/4854\/revisions"}],"predecessor-version":[{"id":5362,"href":"https:\/\/cabinetwaci.com\/en\/wp-json\/wp\/v2\/pages\/4854\/revisions\/5362"}],"wp:attachment":[{"href":"https:\/\/cabinetwaci.com\/en\/wp-json\/wp\/v2\/media?parent=4854"}],"curies":[{"name":"wp","href":"https:\/\/api.w.org\/{rel}","templated":true}]}}