{"id":3923,"date":"2023-03-14T13:31:53","date_gmt":"2023-03-14T13:31:53","guid":{"rendered":"https:\/\/cabinetwaci.com\/?page_id=3923"},"modified":"2024-08-27T16:42:28","modified_gmt":"2024-08-27T16:42:28","slug":"conseil-expertise-2","status":"publish","type":"page","link":"https:\/\/cabinetwaci.com\/en\/services-02\/architecture\/conseil-expertise-2\/","title":{"rendered":"Conseil &#038; Expertise"},"content":{"rendered":"<div data-elementor-type=\"wp-page\" data-elementor-id=\"3923\" class=\"elementor elementor-3923\">\n\t\t\t\t\t\t<section class=\"elementor-section elementor-top-section elementor-element elementor-element-42ec5855 elementor-section-full_width elementor-section-height-default elementor-section-height-default\" data-id=\"42ec5855\" data-element_type=\"section\" data-e-type=\"section\">\n\t\t\t\t\t\t<div class=\"elementor-container elementor-column-gap-no\">\n\t\t\t\t\t<div class=\"elementor-column elementor-col-100 elementor-top-column elementor-element elementor-element-5adf14e4\" data-id=\"5adf14e4\" data-element_type=\"column\" data-e-type=\"column\">\n\t\t\t<div class=\"elementor-widget-wrap elementor-element-populated\">\n\t\t\t\t\t\t<div class=\"elementor-section elementor-inner-section elementor-element elementor-element-24eaf1dc elementor-section-full_width elementor-section-height-default elementor-section-height-default\" data-id=\"24eaf1dc\" data-element_type=\"section\" data-e-type=\"section\">\n\t\t\t\t\t\t<div class=\"elementor-container elementor-column-gap-default\">\n\t\t\t\t\t<div class=\"elementor-column elementor-col-100 elementor-inner-column elementor-element elementor-element-7a8580f0\" data-id=\"7a8580f0\" data-element_type=\"column\" data-e-type=\"column\">\n\t\t\t<div class=\"elementor-widget-wrap elementor-element-populated\">\n\t\t\t\t\t\t<div class=\"elementor-element elementor-element-702e15b3 elementor-widget elementor-widget-bauen-title\" data-id=\"702e15b3\" data-element_type=\"widget\" data-e-type=\"widget\" data-widget_type=\"bauen-title.default\">\n\t\t\t\t<div class=\"elementor-widget-container\">\n\t\t\t\t\t\t\t\n\t\t\t\t\t\t\t\t<h2 class=\"section-title2 text-left\">Advice &amp; Expertise<\/h2>\n\t\t\t\t\t\t\t\t\t\t\t\n\t\t\n\t\t\t\n        \t\t\t\t<\/div>\n\t\t\t\t<\/div>\n\t\t\t\t<div class=\"elementor-element elementor-element-60827e94 elementor-widget elementor-widget-bauen-text\" data-id=\"60827e94\" data-element_type=\"widget\" data-e-type=\"widget\" data-widget_type=\"bauen-text.default\">\n\t\t\t\t<div class=\"elementor-widget-container\">\n\t\t\t\t\t\t\t<div class=\"bn-text-block clear\">\n\t\t<p>From the idea of the project, the architect is an attentive ear and good advice. He can guide you in choosing the right urban area for your project. Thus, the consultation of an architect can take place before the acquisition of the land intended for the project. Also, the architect is authorized, after collecting your wishes, to reclassify or reorient the project for better use of the land by taking advantage of the potential of its location. Once the type of project is clearly defined, the architect sizes the project in light of the needs and room for maneuver of the client.<\/p><p>To summarize, from the project idea, the architect, with his experience, listens, analyzes, investigates, and then advises, guides, redefines and sometimes reclassifies your project for better optimization of the possibilities offered to you in the implementation and operation of your project.<\/p>\t\t<\/div>\n\t\t\t\t\t\t<\/div>\n\t\t\t\t<\/div>\n\t\t\t\t\t<\/div>\n\t\t<\/div>\n\t\t\t\t\t<\/div>\n\t\t<\/div>\n\t\t\t\t<div class=\"elementor-section elementor-inner-section elementor-element elementor-element-5031ffe1 elementor-section-full_width elementor-section-height-default elementor-section-height-default\" data-id=\"5031ffe1\" data-element_type=\"section\" data-e-type=\"section\">\n\t\t\t\t\t\t<div class=\"elementor-container elementor-column-gap-narrow\">\n\t\t\t\t\t<div class=\"elementor-column elementor-col-50 elementor-inner-column elementor-element elementor-element-62303d25\" data-id=\"62303d25\" data-element_type=\"column\" data-e-type=\"column\">\n\t\t\t<div class=\"elementor-widget-wrap elementor-element-populated\">\n\t\t\t\t\t\t<div class=\"elementor-element elementor-element-552e57d2 elementor-widget elementor-widget-bauen-single-img-video\" data-id=\"552e57d2\" data-element_type=\"widget\" data-e-type=\"widget\" data-widget_type=\"bauen-single-img-video.default\">\n\t\t\t\t<div class=\"elementor-widget-container\">\n\t\t\t\t\t\t\t\n\t\t\n\t\t\t\n\t\t\t\t\t\t    \t\t\t\t\n\t\t\t\t\t<div class=\"sec-gallery gallery-item\">\n\t\t\t\t\t\t\n\t\t\t\t\t\t<a href=\"https:\/\/cabinetwaci.com\/wp-content\/uploads\/2023\/03\/portrait-of-man-working-on-tablet-computer-in-mode-2023-03-14-00-16-38-utc-scaled.jpg\" title=\"Portrait of man working on tablet computer in modern office make account analysis report Real estate investment information, financial and tax system concept\" class=\"img-zoom-gallery\">\n\t\t\t\t\t\t\t<div class=\"gallery-box\">\n\t\t\t\t\t\t\t\t<div class=\"gallery-img\"> <img fetchpriority=\"high\" decoding=\"async\" width=\"2560\" height=\"1280\" src=\"https:\/\/cabinetwaci.com\/wp-content\/uploads\/2023\/03\/portrait-of-man-working-on-tablet-computer-in-mode-2023-03-14-00-16-38-utc-scaled.jpg\" class=\"attachment-full size-full wp-image-3943\" alt=\"\" srcset=\"https:\/\/cabinetwaci.com\/wp-content\/uploads\/2023\/03\/portrait-of-man-working-on-tablet-computer-in-mode-2023-03-14-00-16-38-utc-scaled.jpg 2560w, https:\/\/cabinetwaci.com\/wp-content\/uploads\/2023\/03\/portrait-of-man-working-on-tablet-computer-in-mode-2023-03-14-00-16-38-utc-300x150.jpg 300w, https:\/\/cabinetwaci.com\/wp-content\/uploads\/2023\/03\/portrait-of-man-working-on-tablet-computer-in-mode-2023-03-14-00-16-38-utc-1024x512.jpg 1024w, https:\/\/cabinetwaci.com\/wp-content\/uploads\/2023\/03\/portrait-of-man-working-on-tablet-computer-in-mode-2023-03-14-00-16-38-utc-768x384.jpg 768w, https:\/\/cabinetwaci.com\/wp-content\/uploads\/2023\/03\/portrait-of-man-working-on-tablet-computer-in-mode-2023-03-14-00-16-38-utc-1536x768.jpg 1536w, https:\/\/cabinetwaci.com\/wp-content\/uploads\/2023\/03\/portrait-of-man-working-on-tablet-computer-in-mode-2023-03-14-00-16-38-utc-2048x1024.jpg 2048w\" sizes=\"(max-width: 2560px) 100vw, 2560px\" \/> <\/div>\n\t\t\t\t\t\t\t<\/div>\t\t\t\t\t\t\t\t\t\n\t\t\t\t\t\t<\/a>\n\t\t\t\t\t\t\n\t\t\t\t\t<\/div>\n\t\t\t    \t\n\t\t\t\t\t\t<\/div>\n\t\t\t\t<\/div>\n\t\t\t\t\t<\/div>\n\t\t<\/div>\n\t\t\t\t<div class=\"elementor-column elementor-col-50 elementor-inner-column elementor-element elementor-element-3ad3e38\" data-id=\"3ad3e38\" data-element_type=\"column\" data-e-type=\"column\">\n\t\t\t<div class=\"elementor-widget-wrap\">\n\t\t\t\t\t\t\t<\/div>\n\t\t<\/div>\n\t\t\t\t\t<\/div>\n\t\t<\/div>\n\t\t\t\t\t<\/div>\n\t\t<\/div>\n\t\t\t\t\t<\/div>\n\t\t<\/section>\n\t\t\t\t<\/div>","protected":false},"excerpt":{"rendered":"<p>Conseil &amp; Expertise D\u00e8s l\u2019id\u00e9e de projet, l\u2019architecte est une oreille attentive et de bon conseil. Il peut vous orienter dans le choix de la zone urbaine propice pour votre projet. Ainsi la consultation d\u2019un architecte peut \u00eatre ant\u00e9rieure \u00e0 l\u2019acquisition du foncier destin\u00e9 au projet. Aussi, l\u2019architecte est habilit\u00e9, apr\u00e8s recueil de vos desideratas, \u00e0 requalifier ou r\u00e9orienter le&#8230;<\/p>","protected":false},"author":2,"featured_media":0,"parent":2166,"menu_order":0,"comment_status":"closed","ping_status":"closed","template":"","meta":{"om_disable_all_campaigns":false,"_monsterinsights_skip_tracking":false,"_monsterinsights_sitenote_active":false,"_monsterinsights_sitenote_note":"","_monsterinsights_sitenote_category":0,"footnotes":"","_links_to":"","_links_to_target":""},"class_list":["post-3923","page","type-page","status-publish","hentry"],"aioseo_notices":[],"_links":{"self":[{"href":"https:\/\/cabinetwaci.com\/en\/wp-json\/wp\/v2\/pages\/3923","targetHints":{"allow":["GET"]}}],"collection":[{"href":"https:\/\/cabinetwaci.com\/en\/wp-json\/wp\/v2\/pages"}],"about":[{"href":"https:\/\/cabinetwaci.com\/en\/wp-json\/wp\/v2\/types\/page"}],"author":[{"embeddable":true,"href":"https:\/\/cabinetwaci.com\/en\/wp-json\/wp\/v2\/users\/2"}],"replies":[{"embeddable":true,"href":"https:\/\/cabinetwaci.com\/en\/wp-json\/wp\/v2\/comments?post=3923"}],"version-history":[{"count":21,"href":"https:\/\/cabinetwaci.com\/en\/wp-json\/wp\/v2\/pages\/3923\/revisions"}],"predecessor-version":[{"id":5977,"href":"https:\/\/cabinetwaci.com\/en\/wp-json\/wp\/v2\/pages\/3923\/revisions\/5977"}],"up":[{"embeddable":true,"href":"https:\/\/cabinetwaci.com\/en\/wp-json\/wp\/v2\/pages\/2166"}],"wp:attachment":[{"href":"https:\/\/cabinetwaci.com\/en\/wp-json\/wp\/v2\/media?parent=3923"}],"curies":[{"name":"wp","href":"https:\/\/api.w.org\/{rel}","templated":true}]}}