{"id":3045,"date":"2023-03-07T14:35:59","date_gmt":"2023-03-07T14:35:59","guid":{"rendered":"https:\/\/cabinetwaci.com\/?page_id=3045"},"modified":"2024-08-27T17:03:12","modified_gmt":"2024-08-27T17:03:12","slug":"design-de-monument","status":"publish","type":"page","link":"https:\/\/cabinetwaci.com\/en\/services-02\/urbanisme\/design-de-monument\/","title":{"rendered":"Monument design"},"content":{"rendered":"<div data-elementor-type=\"wp-page\" data-elementor-id=\"3045\" class=\"elementor elementor-3045\">\n\t\t\t\t\t\t<section class=\"elementor-section elementor-top-section elementor-element elementor-element-42ec5855 elementor-section-full_width elementor-section-height-default elementor-section-height-default\" data-id=\"42ec5855\" data-element_type=\"section\" data-e-type=\"section\">\n\t\t\t\t\t\t<div class=\"elementor-container elementor-column-gap-no\">\n\t\t\t\t\t<div class=\"elementor-column elementor-col-100 elementor-top-column elementor-element elementor-element-5adf14e4\" data-id=\"5adf14e4\" data-element_type=\"column\" data-e-type=\"column\">\n\t\t\t<div class=\"elementor-widget-wrap elementor-element-populated\">\n\t\t\t\t\t\t<div class=\"elementor-section elementor-inner-section elementor-element elementor-element-24eaf1dc elementor-section-full_width elementor-section-height-default elementor-section-height-default\" data-id=\"24eaf1dc\" data-element_type=\"section\" data-e-type=\"section\">\n\t\t\t\t\t\t<div class=\"elementor-container elementor-column-gap-default\">\n\t\t\t\t\t<div class=\"elementor-column elementor-col-100 elementor-inner-column elementor-element elementor-element-7a8580f0\" data-id=\"7a8580f0\" data-element_type=\"column\" data-e-type=\"column\">\n\t\t\t<div class=\"elementor-widget-wrap elementor-element-populated\">\n\t\t\t\t\t\t<div class=\"elementor-element elementor-element-702e15b3 elementor-widget elementor-widget-bauen-title\" data-id=\"702e15b3\" data-element_type=\"widget\" data-e-type=\"widget\" data-widget_type=\"bauen-title.default\">\n\t\t\t\t<div class=\"elementor-widget-container\">\n\t\t\t\t\t\t\t\n\t\t\t\t\t\t\t\t<h2 class=\"section-title2 text-left\">Monument design<\/h2>\n\t\t\t\t\t\t\t\t\t\t\t\n\t\t\n\t\t\t\n        \t\t\t\t<\/div>\n\t\t\t\t<\/div>\n\t\t\t\t<div class=\"elementor-element elementor-element-60827e94 elementor-widget elementor-widget-bauen-text\" data-id=\"60827e94\" data-element_type=\"widget\" data-e-type=\"widget\" data-widget_type=\"bauen-text.default\">\n\t\t\t\t<div class=\"elementor-widget-container\">\n\t\t\t\t\t\t\t<div class=\"bn-text-block clear\">\n\t\t<p>The history of a people is told through its great men and its significant events, the culture of a community is taught through its representative symbols. Throughout the towns and villages this identity is revealed in many cases by monuments. The architect brings together these qualified men of art and culture to think, design and stylize a monument commissioned to tell a story, teach new generations or simply remember.<\/p><p>A titre d\u2019exemple , le c\u00e9l\u00e8bre architecte Pierre Goudiaby Atepa a con\u00e7u l\u2019immense monument de la renaissance qui raconte l\u2019\u00e9veil de l\u2019Afrique et sa marche vers des lendemains meilleurs.\u00a0<\/p>\t\t<\/div>\n\t\t\t\t\t\t<\/div>\n\t\t\t\t<\/div>\n\t\t\t\t\t<\/div>\n\t\t<\/div>\n\t\t\t\t\t<\/div>\n\t\t<\/div>\n\t\t\t\t<div class=\"elementor-section elementor-inner-section elementor-element elementor-element-5031ffe1 elementor-section-full_width elementor-section-height-default elementor-section-height-default\" data-id=\"5031ffe1\" data-element_type=\"section\" data-e-type=\"section\">\n\t\t\t\t\t\t<div class=\"elementor-container elementor-column-gap-narrow\">\n\t\t\t\t\t<div class=\"elementor-column elementor-col-50 elementor-inner-column elementor-element elementor-element-62303d25\" data-id=\"62303d25\" data-element_type=\"column\" data-e-type=\"column\">\n\t\t\t<div class=\"elementor-widget-wrap elementor-element-populated\">\n\t\t\t\t\t\t<div class=\"elementor-element elementor-element-552e57d2 elementor-widget elementor-widget-bauen-single-img-video\" data-id=\"552e57d2\" data-element_type=\"widget\" data-e-type=\"widget\" data-widget_type=\"bauen-single-img-video.default\">\n\t\t\t\t<div class=\"elementor-widget-container\">\n\t\t\t\t\t\t\t\n\t\t\n\t\t\t\n\t\t\t\t\t\t    \t\t\t\t\n\t\t\t\t\t<div class=\"sec-gallery gallery-item\">\n\t\t\t\t\t\t\n\t\t\t\t\t\t<a href=\"https:\/\/cabinetwaci.com\/wp-content\/uploads\/2023\/03\/monument-and-mosque-wahat-al-karama-view-of-sheik-2022-11-08-08-50-17-utc-scaled.jpg\" title=\"\" class=\"img-zoom-gallery\">\n\t\t\t\t\t\t\t<div class=\"gallery-box\">\n\t\t\t\t\t\t\t\t<div class=\"gallery-img\"> <img fetchpriority=\"high\" decoding=\"async\" width=\"2024\" height=\"2560\" src=\"https:\/\/cabinetwaci.com\/wp-content\/uploads\/2023\/03\/monument-and-mosque-wahat-al-karama-view-of-sheik-2022-11-08-08-50-17-utc-scaled.jpg\" class=\"attachment-full size-full wp-image-3975\" alt=\"\" srcset=\"https:\/\/cabinetwaci.com\/wp-content\/uploads\/2023\/03\/monument-and-mosque-wahat-al-karama-view-of-sheik-2022-11-08-08-50-17-utc-scaled.jpg 2024w, https:\/\/cabinetwaci.com\/wp-content\/uploads\/2023\/03\/monument-and-mosque-wahat-al-karama-view-of-sheik-2022-11-08-08-50-17-utc-237x300.jpg 237w, https:\/\/cabinetwaci.com\/wp-content\/uploads\/2023\/03\/monument-and-mosque-wahat-al-karama-view-of-sheik-2022-11-08-08-50-17-utc-809x1024.jpg 809w, https:\/\/cabinetwaci.com\/wp-content\/uploads\/2023\/03\/monument-and-mosque-wahat-al-karama-view-of-sheik-2022-11-08-08-50-17-utc-768x972.jpg 768w, https:\/\/cabinetwaci.com\/wp-content\/uploads\/2023\/03\/monument-and-mosque-wahat-al-karama-view-of-sheik-2022-11-08-08-50-17-utc-1214x1536.jpg 1214w, https:\/\/cabinetwaci.com\/wp-content\/uploads\/2023\/03\/monument-and-mosque-wahat-al-karama-view-of-sheik-2022-11-08-08-50-17-utc-1619x2048.jpg 1619w\" sizes=\"(max-width: 2024px) 100vw, 2024px\" \/> <\/div>\n\t\t\t\t\t\t\t<\/div>\t\t\t\t\t\t\t\t\t\n\t\t\t\t\t\t<\/a>\n\t\t\t\t\t\t\n\t\t\t\t\t<\/div>\n\t\t\t    \t\n\t\t\t\t\t\t<\/div>\n\t\t\t\t<\/div>\n\t\t\t\t\t<\/div>\n\t\t<\/div>\n\t\t\t\t<div class=\"elementor-column elementor-col-50 elementor-inner-column elementor-element elementor-element-3b512025\" data-id=\"3b512025\" data-element_type=\"column\" data-e-type=\"column\">\n\t\t\t<div class=\"elementor-widget-wrap\">\n\t\t\t\t\t\t\t<\/div>\n\t\t<\/div>\n\t\t\t\t\t<\/div>\n\t\t<\/div>\n\t\t\t\t\t<\/div>\n\t\t<\/div>\n\t\t\t\t\t<\/div>\n\t\t<\/section>\n\t\t\t\t<\/div>","protected":false},"excerpt":{"rendered":"<p>Design de monument L\u2019histoire d\u2019un peuple se raconte \u00e0 travers ses grands hommes et ses \u00e9v\u00e8nement marquants, la culture d\u2019une communaut\u00e9 s\u2019enseigne \u00e0 travers ses symboles repr\u00e9sentatifs. A travers les villes et villages cette identit\u00e9s se r\u00e9v\u00e8le dans bien des cas par des monuments. L\u2019architecte fait partir de ces hommes d\u2019art et de culture qualifi\u00e9s pour penser, concevoir et styliser&#8230;<\/p>","protected":false},"author":2,"featured_media":0,"parent":2305,"menu_order":0,"comment_status":"closed","ping_status":"closed","template":"","meta":{"om_disable_all_campaigns":false,"_monsterinsights_skip_tracking":false,"_monsterinsights_sitenote_active":false,"_monsterinsights_sitenote_note":"","_monsterinsights_sitenote_category":0,"footnotes":"","_links_to":"","_links_to_target":""},"class_list":["post-3045","page","type-page","status-publish","hentry"],"aioseo_notices":[],"_links":{"self":[{"href":"https:\/\/cabinetwaci.com\/en\/wp-json\/wp\/v2\/pages\/3045","targetHints":{"allow":["GET"]}}],"collection":[{"href":"https:\/\/cabinetwaci.com\/en\/wp-json\/wp\/v2\/pages"}],"about":[{"href":"https:\/\/cabinetwaci.com\/en\/wp-json\/wp\/v2\/types\/page"}],"author":[{"embeddable":true,"href":"https:\/\/cabinetwaci.com\/en\/wp-json\/wp\/v2\/users\/2"}],"replies":[{"embeddable":true,"href":"https:\/\/cabinetwaci.com\/en\/wp-json\/wp\/v2\/comments?post=3045"}],"version-history":[{"count":8,"href":"https:\/\/cabinetwaci.com\/en\/wp-json\/wp\/v2\/pages\/3045\/revisions"}],"predecessor-version":[{"id":5981,"href":"https:\/\/cabinetwaci.com\/en\/wp-json\/wp\/v2\/pages\/3045\/revisions\/5981"}],"up":[{"embeddable":true,"href":"https:\/\/cabinetwaci.com\/en\/wp-json\/wp\/v2\/pages\/2305"}],"wp:attachment":[{"href":"https:\/\/cabinetwaci.com\/en\/wp-json\/wp\/v2\/media?parent=3045"}],"curies":[{"name":"wp","href":"https:\/\/api.w.org\/{rel}","templated":true}]}}