{"id":3039,"date":"2023-03-07T14:31:41","date_gmt":"2023-03-07T14:31:41","guid":{"rendered":"https:\/\/cabinetwaci.com\/?page_id=3039"},"modified":"2024-08-27T17:01:47","modified_gmt":"2024-08-27T17:01:47","slug":"amenagement-paysager","status":"publish","type":"page","link":"https:\/\/cabinetwaci.com\/en\/services-02\/urbanisme\/amenagement-paysager\/","title":{"rendered":"Landscaping"},"content":{"rendered":"<div data-elementor-type=\"wp-page\" data-elementor-id=\"3039\" class=\"elementor elementor-3039\">\n\t\t\t\t\t\t<section class=\"elementor-section elementor-top-section elementor-element elementor-element-42ec5855 elementor-section-full_width elementor-section-height-default elementor-section-height-default\" data-id=\"42ec5855\" data-element_type=\"section\" data-e-type=\"section\">\n\t\t\t\t\t\t<div class=\"elementor-container elementor-column-gap-no\">\n\t\t\t\t\t<div class=\"elementor-column elementor-col-100 elementor-top-column elementor-element elementor-element-5adf14e4\" data-id=\"5adf14e4\" data-element_type=\"column\" data-e-type=\"column\">\n\t\t\t<div class=\"elementor-widget-wrap elementor-element-populated\">\n\t\t\t\t\t\t<div class=\"elementor-section elementor-inner-section elementor-element elementor-element-24eaf1dc elementor-section-full_width elementor-section-height-default elementor-section-height-default\" data-id=\"24eaf1dc\" data-element_type=\"section\" data-e-type=\"section\">\n\t\t\t\t\t\t<div class=\"elementor-container elementor-column-gap-default\">\n\t\t\t\t\t<div class=\"elementor-column elementor-col-100 elementor-inner-column elementor-element elementor-element-7a8580f0\" data-id=\"7a8580f0\" data-element_type=\"column\" data-e-type=\"column\">\n\t\t\t<div class=\"elementor-widget-wrap elementor-element-populated\">\n\t\t\t\t\t\t<div class=\"elementor-element elementor-element-702e15b3 elementor-widget elementor-widget-bauen-title\" data-id=\"702e15b3\" data-element_type=\"widget\" data-e-type=\"widget\" data-widget_type=\"bauen-title.default\">\n\t\t\t\t<div class=\"elementor-widget-container\">\n\t\t\t\t\t\t\t\n\t\t\t\t\t\t\t\t<h2 class=\"section-title2 text-left\">Landscaping<\/h2>\n\t\t\t\t\t\t\t\t\t\t\t\n\t\t\n\t\t\t\n        \t\t\t\t<\/div>\n\t\t\t\t<\/div>\n\t\t\t\t<div class=\"elementor-element elementor-element-60827e94 elementor-widget elementor-widget-bauen-text\" data-id=\"60827e94\" data-element_type=\"widget\" data-e-type=\"widget\" data-widget_type=\"bauen-text.default\">\n\t\t\t\t<div class=\"elementor-widget-container\">\n\t\t\t\t\t\t\t<div class=\"bn-text-block clear\">\n\t\t<p>Undeveloped urban wastelands or used as easements or large public squares are in many cases abandoned or poorly maintained. This is a big problem encountered by urban communities responsible for city development. The architect first observes the location of the spaces concerned and the use made of them by the populations.<\/p><p>After a careful analysis of all the potential of the site, it can direct the project owner towards a development project which better organizes the space in order to optimize the function already allocated by the population. The architect is also likely to advise better use of the site by changing its function and the activities it offers in the surrounding urban fabric.\u00a0<\/p>\t\t<\/div>\n\t\t\t\t\t\t<\/div>\n\t\t\t\t<\/div>\n\t\t\t\t\t<\/div>\n\t\t<\/div>\n\t\t\t\t\t<\/div>\n\t\t<\/div>\n\t\t\t\t<div class=\"elementor-section elementor-inner-section elementor-element elementor-element-5031ffe1 elementor-section-full_width elementor-section-height-default elementor-section-height-default\" data-id=\"5031ffe1\" data-element_type=\"section\" data-e-type=\"section\">\n\t\t\t\t\t\t<div class=\"elementor-container elementor-column-gap-narrow\">\n\t\t\t\t\t<div class=\"elementor-column elementor-col-50 elementor-inner-column elementor-element elementor-element-62303d25\" data-id=\"62303d25\" data-element_type=\"column\" data-e-type=\"column\">\n\t\t\t<div class=\"elementor-widget-wrap elementor-element-populated\">\n\t\t\t\t\t\t<div class=\"elementor-element elementor-element-552e57d2 elementor-widget elementor-widget-bauen-single-img-video\" data-id=\"552e57d2\" data-element_type=\"widget\" data-e-type=\"widget\" data-widget_type=\"bauen-single-img-video.default\">\n\t\t\t\t<div class=\"elementor-widget-container\">\n\t\t\t\t\t\t\t\n\t\t\n\t\t\t\n\t\t\t\t\t\t    \t\t\t\t\n\t\t\t\t\t<div class=\"sec-gallery gallery-item\">\n\t\t\t\t\t\t\n\t\t\t\t\t\t<a href=\"https:\/\/cabinetwaci.com\/wp-content\/uploads\/2023\/03\/delightful-landscape-of-the-courtyard-2021-12-09-14-12-12-utc-scaled.jpg\" title=\"Delightful landscape of the courtyard of the house with greenery\" class=\"img-zoom-gallery\">\n\t\t\t\t\t\t\t<div class=\"gallery-box\">\n\t\t\t\t\t\t\t\t<div class=\"gallery-img\"> <img fetchpriority=\"high\" decoding=\"async\" width=\"2560\" height=\"1707\" src=\"https:\/\/cabinetwaci.com\/wp-content\/uploads\/2023\/03\/delightful-landscape-of-the-courtyard-2021-12-09-14-12-12-utc-scaled.jpg\" class=\"attachment-full size-full wp-image-3971\" alt=\"\" srcset=\"https:\/\/cabinetwaci.com\/wp-content\/uploads\/2023\/03\/delightful-landscape-of-the-courtyard-2021-12-09-14-12-12-utc-scaled.jpg 2560w, https:\/\/cabinetwaci.com\/wp-content\/uploads\/2023\/03\/delightful-landscape-of-the-courtyard-2021-12-09-14-12-12-utc-300x200.jpg 300w, https:\/\/cabinetwaci.com\/wp-content\/uploads\/2023\/03\/delightful-landscape-of-the-courtyard-2021-12-09-14-12-12-utc-1024x683.jpg 1024w, https:\/\/cabinetwaci.com\/wp-content\/uploads\/2023\/03\/delightful-landscape-of-the-courtyard-2021-12-09-14-12-12-utc-768x512.jpg 768w, https:\/\/cabinetwaci.com\/wp-content\/uploads\/2023\/03\/delightful-landscape-of-the-courtyard-2021-12-09-14-12-12-utc-1536x1024.jpg 1536w, https:\/\/cabinetwaci.com\/wp-content\/uploads\/2023\/03\/delightful-landscape-of-the-courtyard-2021-12-09-14-12-12-utc-2048x1366.jpg 2048w\" sizes=\"(max-width: 2560px) 100vw, 2560px\" \/> <\/div>\n\t\t\t\t\t\t\t<\/div>\t\t\t\t\t\t\t\t\t\n\t\t\t\t\t\t<\/a>\n\t\t\t\t\t\t\n\t\t\t\t\t<\/div>\n\t\t\t    \t\n\t\t\t\t\t\t<\/div>\n\t\t\t\t<\/div>\n\t\t\t\t\t<\/div>\n\t\t<\/div>\n\t\t\t\t<div class=\"elementor-column elementor-col-50 elementor-inner-column elementor-element elementor-element-3b512025\" data-id=\"3b512025\" data-element_type=\"column\" data-e-type=\"column\">\n\t\t\t<div class=\"elementor-widget-wrap elementor-element-populated\">\n\t\t\t\t\t\t<div class=\"elementor-element elementor-element-1201cbc3 elementor-widget elementor-widget-bauen-single-img-video\" data-id=\"1201cbc3\" data-element_type=\"widget\" data-e-type=\"widget\" data-widget_type=\"bauen-single-img-video.default\">\n\t\t\t\t<div class=\"elementor-widget-container\">\n\t\t\t\t\t\t\t\n\t\t\n\t\t\t\n\t\t\t\t\t\t    \t\t\t\t\n\t\t\t\t\t<div class=\"sec-gallery gallery-item\">\n\t\t\t\t\t\t\n\t\t\t\t\t\t<a href=\"https:\/\/cabinetwaci.com\/wp-content\/uploads\/2023\/03\/aerial-photography-from-above-of-a-residential-dac-2021-08-30-00-54-35-utc-scaled.jpg\" title=\"Aerial photography from above of a residential dacha village in the forest Suburban real estate in Belarus.Zhdanovichi Village 6.\" class=\"img-zoom-gallery\">\n\t\t\t\t\t\t\t<div class=\"gallery-box\">\n\t\t\t\t\t\t\t\t<div class=\"gallery-img\"> <img decoding=\"async\" width=\"2560\" height=\"1706\" src=\"https:\/\/cabinetwaci.com\/wp-content\/uploads\/2023\/03\/aerial-photography-from-above-of-a-residential-dac-2021-08-30-00-54-35-utc-scaled.jpg\" class=\"attachment-full size-full wp-image-3970\" alt=\"\" srcset=\"https:\/\/cabinetwaci.com\/wp-content\/uploads\/2023\/03\/aerial-photography-from-above-of-a-residential-dac-2021-08-30-00-54-35-utc-scaled.jpg 2560w, https:\/\/cabinetwaci.com\/wp-content\/uploads\/2023\/03\/aerial-photography-from-above-of-a-residential-dac-2021-08-30-00-54-35-utc-300x200.jpg 300w, https:\/\/cabinetwaci.com\/wp-content\/uploads\/2023\/03\/aerial-photography-from-above-of-a-residential-dac-2021-08-30-00-54-35-utc-1024x682.jpg 1024w, https:\/\/cabinetwaci.com\/wp-content\/uploads\/2023\/03\/aerial-photography-from-above-of-a-residential-dac-2021-08-30-00-54-35-utc-768x512.jpg 768w, https:\/\/cabinetwaci.com\/wp-content\/uploads\/2023\/03\/aerial-photography-from-above-of-a-residential-dac-2021-08-30-00-54-35-utc-1536x1023.jpg 1536w, https:\/\/cabinetwaci.com\/wp-content\/uploads\/2023\/03\/aerial-photography-from-above-of-a-residential-dac-2021-08-30-00-54-35-utc-2048x1364.jpg 2048w\" sizes=\"(max-width: 2560px) 100vw, 2560px\" \/> <\/div>\n\t\t\t\t\t\t\t<\/div>\t\t\t\t\t\t\t\t\t\n\t\t\t\t\t\t<\/a>\n\t\t\t\t\t\t\n\t\t\t\t\t<\/div>\n\t\t\t    \t\n\t\t\t\t\t\t<\/div>\n\t\t\t\t<\/div>\n\t\t\t\t\t<\/div>\n\t\t<\/div>\n\t\t\t\t\t<\/div>\n\t\t<\/div>\n\t\t\t\t\t<\/div>\n\t\t<\/div>\n\t\t\t\t\t<\/div>\n\t\t<\/section>\n\t\t\t\t<\/div>","protected":false},"excerpt":{"rendered":"<p>Am\u00e9nagement paysager Les friches urbaines non aedificandi ou servant de servitude ou de grand place publique connaissent dans bien des cas un abandon ou un entretien malhabile. C\u2019est une grosse probl\u00e9matique rencontr\u00e9e par les communaut\u00e9s urbaines en charge du d\u00e9veloppement des villes. L\u2019architecte observe dans un premier temps l\u2019emplacement des espaces concern\u00e9s et l\u2019utilisation qu\u2019en fait les populations. Apr\u00e8s une&#8230;<\/p>","protected":false},"author":2,"featured_media":0,"parent":2305,"menu_order":0,"comment_status":"closed","ping_status":"closed","template":"","meta":{"om_disable_all_campaigns":false,"_monsterinsights_skip_tracking":false,"_monsterinsights_sitenote_active":false,"_monsterinsights_sitenote_note":"","_monsterinsights_sitenote_category":0,"footnotes":"","_links_to":"","_links_to_target":""},"class_list":["post-3039","page","type-page","status-publish","hentry"],"aioseo_notices":[],"_links":{"self":[{"href":"https:\/\/cabinetwaci.com\/en\/wp-json\/wp\/v2\/pages\/3039","targetHints":{"allow":["GET"]}}],"collection":[{"href":"https:\/\/cabinetwaci.com\/en\/wp-json\/wp\/v2\/pages"}],"about":[{"href":"https:\/\/cabinetwaci.com\/en\/wp-json\/wp\/v2\/types\/page"}],"author":[{"embeddable":true,"href":"https:\/\/cabinetwaci.com\/en\/wp-json\/wp\/v2\/users\/2"}],"replies":[{"embeddable":true,"href":"https:\/\/cabinetwaci.com\/en\/wp-json\/wp\/v2\/comments?post=3039"}],"version-history":[{"count":8,"href":"https:\/\/cabinetwaci.com\/en\/wp-json\/wp\/v2\/pages\/3039\/revisions"}],"predecessor-version":[{"id":5980,"href":"https:\/\/cabinetwaci.com\/en\/wp-json\/wp\/v2\/pages\/3039\/revisions\/5980"}],"up":[{"embeddable":true,"href":"https:\/\/cabinetwaci.com\/en\/wp-json\/wp\/v2\/pages\/2305"}],"wp:attachment":[{"href":"https:\/\/cabinetwaci.com\/en\/wp-json\/wp\/v2\/media?parent=3039"}],"curies":[{"name":"wp","href":"https:\/\/api.w.org\/{rel}","templated":true}]}}