{"id":3028,"date":"2023-03-07T14:21:03","date_gmt":"2023-03-07T14:21:03","guid":{"rendered":"https:\/\/cabinetwaci.com\/?page_id=3028"},"modified":"2024-08-27T16:57:48","modified_gmt":"2024-08-27T16:57:48","slug":"decoration","status":"publish","type":"page","link":"https:\/\/cabinetwaci.com\/en\/services-02\/design-dinterieur\/decoration\/","title":{"rendered":"Decoration"},"content":{"rendered":"<div data-elementor-type=\"wp-page\" data-elementor-id=\"3028\" class=\"elementor elementor-3028\">\n\t\t\t\t\t\t<section class=\"elementor-section elementor-top-section elementor-element elementor-element-42ec5855 elementor-section-full_width elementor-section-height-default elementor-section-height-default\" data-id=\"42ec5855\" data-element_type=\"section\" data-e-type=\"section\">\n\t\t\t\t\t\t<div class=\"elementor-container elementor-column-gap-no\">\n\t\t\t\t\t<div class=\"elementor-column elementor-col-100 elementor-top-column elementor-element elementor-element-5adf14e4\" data-id=\"5adf14e4\" data-element_type=\"column\" data-e-type=\"column\">\n\t\t\t<div class=\"elementor-widget-wrap elementor-element-populated\">\n\t\t\t\t\t\t<div class=\"elementor-section elementor-inner-section elementor-element elementor-element-24eaf1dc elementor-section-full_width elementor-section-height-default elementor-section-height-default\" data-id=\"24eaf1dc\" data-element_type=\"section\" data-e-type=\"section\">\n\t\t\t\t\t\t<div class=\"elementor-container elementor-column-gap-default\">\n\t\t\t\t\t<div class=\"elementor-column elementor-col-100 elementor-inner-column elementor-element elementor-element-7a8580f0\" data-id=\"7a8580f0\" data-element_type=\"column\" data-e-type=\"column\">\n\t\t\t<div class=\"elementor-widget-wrap elementor-element-populated\">\n\t\t\t\t\t\t<div class=\"elementor-element elementor-element-702e15b3 elementor-widget elementor-widget-bauen-title\" data-id=\"702e15b3\" data-element_type=\"widget\" data-e-type=\"widget\" data-widget_type=\"bauen-title.default\">\n\t\t\t\t<div class=\"elementor-widget-container\">\n\t\t\t\t\t\t\t\n\t\t\t\t\t\t\t\t<h2 class=\"section-title2 text-left\">Decoration<\/h2>\n\t\t\t\t\t\t\t\t\t\t\t\n\t\t\n\t\t\t\n        \t\t\t\t<\/div>\n\t\t\t\t<\/div>\n\t\t\t\t<div class=\"elementor-element elementor-element-60827e94 elementor-widget elementor-widget-bauen-text\" data-id=\"60827e94\" data-element_type=\"widget\" data-e-type=\"widget\" data-widget_type=\"bauen-text.default\">\n\t\t\t\t<div class=\"elementor-widget-container\">\n\t\t\t\t\t\t\t<div class=\"bn-text-block clear\">\n\t\t<p>Decoration Above all refers to the movement of objects and furniture throughout the room to ensure an impression of harmony or fantasy depending on the project's problem. Therefore, it could be a question of placing this or that painting in a specific place, using a very specific vase placed on a type of furniture chosen on purpose, etc.<\/p>\t\t<\/div>\n\t\t\t\t\t\t<\/div>\n\t\t\t\t<\/div>\n\t\t\t\t\t<\/div>\n\t\t<\/div>\n\t\t\t\t\t<\/div>\n\t\t<\/div>\n\t\t\t\t<div class=\"elementor-section elementor-inner-section elementor-element elementor-element-5031ffe1 elementor-section-full_width elementor-section-height-default elementor-section-height-default\" data-id=\"5031ffe1\" data-element_type=\"section\" data-e-type=\"section\">\n\t\t\t\t\t\t<div class=\"elementor-container elementor-column-gap-narrow\">\n\t\t\t\t\t<div class=\"elementor-column elementor-col-50 elementor-inner-column elementor-element elementor-element-62303d25\" data-id=\"62303d25\" data-element_type=\"column\" data-e-type=\"column\">\n\t\t\t<div class=\"elementor-widget-wrap elementor-element-populated\">\n\t\t\t\t\t\t<div class=\"elementor-element elementor-element-552e57d2 elementor-widget elementor-widget-bauen-single-img-video\" data-id=\"552e57d2\" data-element_type=\"widget\" data-e-type=\"widget\" data-widget_type=\"bauen-single-img-video.default\">\n\t\t\t\t<div class=\"elementor-widget-container\">\n\t\t\t\t\t\t\t\n\t\t\n\t\t\t\n\t\t\t\t\t\t    \t\t\t\t\n\t\t\t\t\t<div class=\"sec-gallery gallery-item\">\n\t\t\t\t\t\t\n\t\t\t\t\t\t<a href=\"https:\/\/cabinetwaci.com\/wp-content\/uploads\/2023\/03\/VUE-3-SALON-scaled.jpg\" title=\"\" class=\"img-zoom-gallery\">\n\t\t\t\t\t\t\t<div class=\"gallery-box\">\n\t\t\t\t\t\t\t\t<div class=\"gallery-img\"> <img fetchpriority=\"high\" decoding=\"async\" width=\"2560\" height=\"1440\" src=\"https:\/\/cabinetwaci.com\/wp-content\/uploads\/2023\/03\/VUE-3-SALON-scaled.jpg\" class=\"attachment-full size-full wp-image-3796\" alt=\"\" srcset=\"https:\/\/cabinetwaci.com\/wp-content\/uploads\/2023\/03\/VUE-3-SALON-scaled.jpg 2560w, https:\/\/cabinetwaci.com\/wp-content\/uploads\/2023\/03\/VUE-3-SALON-300x169.jpg 300w, https:\/\/cabinetwaci.com\/wp-content\/uploads\/2023\/03\/VUE-3-SALON-1024x576.jpg 1024w, https:\/\/cabinetwaci.com\/wp-content\/uploads\/2023\/03\/VUE-3-SALON-768x432.jpg 768w, https:\/\/cabinetwaci.com\/wp-content\/uploads\/2023\/03\/VUE-3-SALON-1536x864.jpg 1536w, https:\/\/cabinetwaci.com\/wp-content\/uploads\/2023\/03\/VUE-3-SALON-2048x1152.jpg 2048w\" sizes=\"(max-width: 2560px) 100vw, 2560px\" \/> <\/div>\n\t\t\t\t\t\t\t<\/div>\t\t\t\t\t\t\t\t\t\n\t\t\t\t\t\t<\/a>\n\t\t\t\t\t\t\n\t\t\t\t\t<\/div>\n\t\t\t    \t\n\t\t\t\t\t\t<\/div>\n\t\t\t\t<\/div>\n\t\t\t\t\t<\/div>\n\t\t<\/div>\n\t\t\t\t<div class=\"elementor-column elementor-col-50 elementor-inner-column elementor-element elementor-element-3b512025\" data-id=\"3b512025\" data-element_type=\"column\" data-e-type=\"column\">\n\t\t\t<div class=\"elementor-widget-wrap\">\n\t\t\t\t\t\t\t<\/div>\n\t\t<\/div>\n\t\t\t\t\t<\/div>\n\t\t<\/div>\n\t\t\t\t\t<\/div>\n\t\t<\/div>\n\t\t\t\t\t<\/div>\n\t\t<\/section>\n\t\t\t\t<\/div>","protected":false},"excerpt":{"rendered":"<p>D\u00e9coration La d\u00e9coration Fait surtout r\u00e9f\u00e9rence au mouvement des objets et mobiliers \u00e0 travers la pi\u00e8ce pour en assurer une impression d\u2019harmonie ou de fantaisie selon la probl\u00e9matique du projet. De ce fait, il pourrait s\u2019agir de poser tel ou tel tableau a un endroit pr\u00e9cis, utiliser un vase bien pr\u00e9cis \u00e0 pos\u00e9 sur un type de mobilier choisis \u00e0&#8230;<\/p>","protected":false},"author":2,"featured_media":0,"parent":2260,"menu_order":0,"comment_status":"closed","ping_status":"closed","template":"","meta":{"om_disable_all_campaigns":false,"_monsterinsights_skip_tracking":false,"_monsterinsights_sitenote_active":false,"_monsterinsights_sitenote_note":"","_monsterinsights_sitenote_category":0,"footnotes":"","_links_to":"","_links_to_target":""},"class_list":["post-3028","page","type-page","status-publish","hentry"],"aioseo_notices":[],"_links":{"self":[{"href":"https:\/\/cabinetwaci.com\/en\/wp-json\/wp\/v2\/pages\/3028","targetHints":{"allow":["GET"]}}],"collection":[{"href":"https:\/\/cabinetwaci.com\/en\/wp-json\/wp\/v2\/pages"}],"about":[{"href":"https:\/\/cabinetwaci.com\/en\/wp-json\/wp\/v2\/types\/page"}],"author":[{"embeddable":true,"href":"https:\/\/cabinetwaci.com\/en\/wp-json\/wp\/v2\/users\/2"}],"replies":[{"embeddable":true,"href":"https:\/\/cabinetwaci.com\/en\/wp-json\/wp\/v2\/comments?post=3028"}],"version-history":[{"count":9,"href":"https:\/\/cabinetwaci.com\/en\/wp-json\/wp\/v2\/pages\/3028\/revisions"}],"predecessor-version":[{"id":5976,"href":"https:\/\/cabinetwaci.com\/en\/wp-json\/wp\/v2\/pages\/3028\/revisions\/5976"}],"up":[{"embeddable":true,"href":"https:\/\/cabinetwaci.com\/en\/wp-json\/wp\/v2\/pages\/2260"}],"wp:attachment":[{"href":"https:\/\/cabinetwaci.com\/en\/wp-json\/wp\/v2\/media?parent=3028"}],"curies":[{"name":"wp","href":"https:\/\/api.w.org\/{rel}","templated":true}]}}