{"id":3022,"date":"2023-03-07T14:08:41","date_gmt":"2023-03-07T14:08:41","guid":{"rendered":"https:\/\/cabinetwaci.com\/?page_id=3022"},"modified":"2024-08-27T16:59:18","modified_gmt":"2024-08-27T16:59:18","slug":"rehabilitation","status":"publish","type":"page","link":"https:\/\/cabinetwaci.com\/en\/services-02\/design-dinterieur\/rehabilitation\/","title":{"rendered":"Rehabilitation"},"content":{"rendered":"<div data-elementor-type=\"wp-page\" data-elementor-id=\"3022\" class=\"elementor elementor-3022\">\n\t\t\t\t\t\t<section class=\"elementor-section elementor-top-section elementor-element elementor-element-42ec5855 elementor-section-full_width elementor-section-height-default elementor-section-height-default\" data-id=\"42ec5855\" data-element_type=\"section\" data-e-type=\"section\">\n\t\t\t\t\t\t<div class=\"elementor-container elementor-column-gap-no\">\n\t\t\t\t\t<div class=\"elementor-column elementor-col-100 elementor-top-column elementor-element elementor-element-5adf14e4\" data-id=\"5adf14e4\" data-element_type=\"column\" data-e-type=\"column\">\n\t\t\t<div class=\"elementor-widget-wrap elementor-element-populated\">\n\t\t\t\t\t\t<div class=\"elementor-section elementor-inner-section elementor-element elementor-element-24eaf1dc elementor-section-full_width elementor-section-height-default elementor-section-height-default\" data-id=\"24eaf1dc\" data-element_type=\"section\" data-e-type=\"section\">\n\t\t\t\t\t\t<div class=\"elementor-container elementor-column-gap-default\">\n\t\t\t\t\t<div class=\"elementor-column elementor-col-100 elementor-inner-column elementor-element elementor-element-7a8580f0\" data-id=\"7a8580f0\" data-element_type=\"column\" data-e-type=\"column\">\n\t\t\t<div class=\"elementor-widget-wrap elementor-element-populated\">\n\t\t\t\t\t\t<div class=\"elementor-element elementor-element-702e15b3 elementor-widget elementor-widget-bauen-title\" data-id=\"702e15b3\" data-element_type=\"widget\" data-e-type=\"widget\" data-widget_type=\"bauen-title.default\">\n\t\t\t\t<div class=\"elementor-widget-container\">\n\t\t\t\t\t\t\t\n\t\t\t\t\t\t\t\t<h2 class=\"section-title2 text-left\">Rehabilitation<\/h2>\n\t\t\t\t\t\t\t\t\t\t\t\n\t\t\n\t\t\t\n        \t\t\t\t<\/div>\n\t\t\t\t<\/div>\n\t\t\t\t<div class=\"elementor-element elementor-element-60827e94 elementor-widget elementor-widget-bauen-text\" data-id=\"60827e94\" data-element_type=\"widget\" data-e-type=\"widget\" data-widget_type=\"bauen-text.default\">\n\t\t\t\t<div class=\"elementor-widget-container\">\n\t\t\t\t\t\t\t<div class=\"bn-text-block clear\">\n\t\t<p>The redevelopment of spaces is also the business of the architect and the interior designer. Whether it is a place of residence or work, the architect organizes, rethinks the spaces, moves walls, enlarges rooms and increases or decreases the supply of daytime or nighttime lights depending on the subject. In certain spaces he changes the type of materials on the floors, walls and ceilings, ensuring a perfect marriage of color tones and textures of the materials for a happy cohabitation of the whole. Apart from residential, the most common projects are the redevelopment of boutique premises and office spaces.<\/p><p>These could be department store or shopping center projects. Finally, change of use projects are also a real contemporary problem at a time when in our cities, work spaces are insufficient and unevenly distributed across the urban fabric. So a lot of residential buildings are transformed into offices. Each time, it is a question of rethinking the space by exploiting the potential of the original function of the building.<\/p>\t\t<\/div>\n\t\t\t\t\t\t<\/div>\n\t\t\t\t<\/div>\n\t\t\t\t\t<\/div>\n\t\t<\/div>\n\t\t\t\t\t<\/div>\n\t\t<\/div>\n\t\t\t\t<div class=\"elementor-section elementor-inner-section elementor-element elementor-element-5031ffe1 elementor-section-full_width elementor-section-height-default elementor-section-height-default\" data-id=\"5031ffe1\" data-element_type=\"section\" data-e-type=\"section\">\n\t\t\t\t\t\t<div class=\"elementor-container elementor-column-gap-narrow\">\n\t\t\t\t\t<div class=\"elementor-column elementor-col-50 elementor-inner-column elementor-element elementor-element-62303d25\" data-id=\"62303d25\" data-element_type=\"column\" data-e-type=\"column\">\n\t\t\t<div class=\"elementor-widget-wrap elementor-element-populated\">\n\t\t\t\t\t\t<div class=\"elementor-element elementor-element-552e57d2 elementor-widget elementor-widget-bauen-single-img-video\" data-id=\"552e57d2\" data-element_type=\"widget\" data-e-type=\"widget\" data-widget_type=\"bauen-single-img-video.default\">\n\t\t\t\t<div class=\"elementor-widget-container\">\n\t\t\t\t\t\t\t\n\t\t\n\t\t\t\n\t\t\t\t\t\t    \t\t\t\t\n\t\t\t\t\t<div class=\"sec-gallery gallery-item\">\n\t\t\t\t\t\t\n\t\t\t\t\t\t<a href=\"https:\/\/cabinetwaci.com\/wp-content\/uploads\/2023\/03\/real-estate-mortgage-loan-and-home-insurance-conc-2022-09-02-21-25-09-utc.jpg\" title=\"Cropped imaged of male investor with house model in his hand. Real estate, mortgage loan and home insurance concept.\" class=\"img-zoom-gallery\">\n\t\t\t\t\t\t\t<div class=\"gallery-box\">\n\t\t\t\t\t\t\t\t<div class=\"gallery-img\"> <img fetchpriority=\"high\" decoding=\"async\" width=\"2000\" height=\"1124\" src=\"https:\/\/cabinetwaci.com\/wp-content\/uploads\/2023\/03\/real-estate-mortgage-loan-and-home-insurance-conc-2022-09-02-21-25-09-utc.jpg\" class=\"attachment-full size-full wp-image-3954\" alt=\"\" srcset=\"https:\/\/cabinetwaci.com\/wp-content\/uploads\/2023\/03\/real-estate-mortgage-loan-and-home-insurance-conc-2022-09-02-21-25-09-utc.jpg 2000w, https:\/\/cabinetwaci.com\/wp-content\/uploads\/2023\/03\/real-estate-mortgage-loan-and-home-insurance-conc-2022-09-02-21-25-09-utc-300x169.jpg 300w, https:\/\/cabinetwaci.com\/wp-content\/uploads\/2023\/03\/real-estate-mortgage-loan-and-home-insurance-conc-2022-09-02-21-25-09-utc-1024x575.jpg 1024w, https:\/\/cabinetwaci.com\/wp-content\/uploads\/2023\/03\/real-estate-mortgage-loan-and-home-insurance-conc-2022-09-02-21-25-09-utc-768x432.jpg 768w, https:\/\/cabinetwaci.com\/wp-content\/uploads\/2023\/03\/real-estate-mortgage-loan-and-home-insurance-conc-2022-09-02-21-25-09-utc-1536x863.jpg 1536w\" sizes=\"(max-width: 2000px) 100vw, 2000px\" \/> <\/div>\n\t\t\t\t\t\t\t<\/div>\t\t\t\t\t\t\t\t\t\n\t\t\t\t\t\t<\/a>\n\t\t\t\t\t\t\n\t\t\t\t\t<\/div>\n\t\t\t    \t\n\t\t\t\t\t\t<\/div>\n\t\t\t\t<\/div>\n\t\t\t\t\t<\/div>\n\t\t<\/div>\n\t\t\t\t<div class=\"elementor-column elementor-col-50 elementor-inner-column elementor-element elementor-element-3b512025\" data-id=\"3b512025\" data-element_type=\"column\" data-e-type=\"column\">\n\t\t\t<div class=\"elementor-widget-wrap elementor-element-populated\">\n\t\t\t\t\t\t<div class=\"elementor-element elementor-element-1201cbc3 elementor-widget elementor-widget-bauen-single-img-video\" data-id=\"1201cbc3\" data-element_type=\"widget\" data-e-type=\"widget\" data-widget_type=\"bauen-single-img-video.default\">\n\t\t\t\t<div class=\"elementor-widget-container\">\n\t\t\t\t\t\t\t\n\t\t\n\t\t\t\n\t\t\t\t\t\t    \t\t\t\t\n\t\t\t\t\t<div class=\"sec-gallery gallery-item\">\n\t\t\t\t\t\t\n\t\t\t\t\t\t<a href=\"https:\/\/cabinetwaci.com\/wp-content\/uploads\/2023\/03\/aerial-view-of-tall-residential-apartment-building-2022-02-04-17-58-00-utc.jpg\" title=\"Aerial view of tall residential apartment buildings under construction. Real estate development.\" class=\"img-zoom-gallery\">\n\t\t\t\t\t\t\t<div class=\"gallery-box\">\n\t\t\t\t\t\t\t\t<div class=\"gallery-img\"> <img decoding=\"async\" width=\"2000\" height=\"1334\" src=\"https:\/\/cabinetwaci.com\/wp-content\/uploads\/2023\/03\/aerial-view-of-tall-residential-apartment-building-2022-02-04-17-58-00-utc.jpg\" class=\"attachment-full size-full wp-image-3955\" alt=\"\" srcset=\"https:\/\/cabinetwaci.com\/wp-content\/uploads\/2023\/03\/aerial-view-of-tall-residential-apartment-building-2022-02-04-17-58-00-utc.jpg 2000w, https:\/\/cabinetwaci.com\/wp-content\/uploads\/2023\/03\/aerial-view-of-tall-residential-apartment-building-2022-02-04-17-58-00-utc-300x200.jpg 300w, https:\/\/cabinetwaci.com\/wp-content\/uploads\/2023\/03\/aerial-view-of-tall-residential-apartment-building-2022-02-04-17-58-00-utc-1024x683.jpg 1024w, https:\/\/cabinetwaci.com\/wp-content\/uploads\/2023\/03\/aerial-view-of-tall-residential-apartment-building-2022-02-04-17-58-00-utc-768x512.jpg 768w, https:\/\/cabinetwaci.com\/wp-content\/uploads\/2023\/03\/aerial-view-of-tall-residential-apartment-building-2022-02-04-17-58-00-utc-1536x1025.jpg 1536w\" sizes=\"(max-width: 2000px) 100vw, 2000px\" \/> <\/div>\n\t\t\t\t\t\t\t<\/div>\t\t\t\t\t\t\t\t\t\n\t\t\t\t\t\t<\/a>\n\t\t\t\t\t\t\n\t\t\t\t\t<\/div>\n\t\t\t    \t\n\t\t\t\t\t\t<\/div>\n\t\t\t\t<\/div>\n\t\t\t\t\t<\/div>\n\t\t<\/div>\n\t\t\t\t\t<\/div>\n\t\t<\/div>\n\t\t\t\t\t<\/div>\n\t\t<\/div>\n\t\t\t\t\t<\/div>\n\t\t<\/section>\n\t\t\t\t<\/div>","protected":false},"excerpt":{"rendered":"<p>R\u00e9habilitation Le r\u00e9am\u00e9nagement des espaces est aussi l\u2019affaire de l\u2019architecte et de l\u2019architecte d\u2019int\u00e9rieur. Qu\u2019il s\u2019agisse d\u2019un lieu d\u2019habitation ou de travail, l\u2019architecte organise, repense les espaces, d\u00e9place des murs, agrandit des pi\u00e8ces augmente ou diminue l\u2019apport de lumi\u00e8res diurnes ou nocturnes selon les sujets. Dans certain espaces il change le type de mat\u00e9riaux au sol au mur et au&#8230;<\/p>","protected":false},"author":2,"featured_media":0,"parent":2260,"menu_order":0,"comment_status":"closed","ping_status":"closed","template":"","meta":{"om_disable_all_campaigns":false,"_monsterinsights_skip_tracking":false,"_monsterinsights_sitenote_active":false,"_monsterinsights_sitenote_note":"","_monsterinsights_sitenote_category":0,"footnotes":"","_links_to":"","_links_to_target":""},"class_list":["post-3022","page","type-page","status-publish","hentry"],"aioseo_notices":[],"_links":{"self":[{"href":"https:\/\/cabinetwaci.com\/en\/wp-json\/wp\/v2\/pages\/3022","targetHints":{"allow":["GET"]}}],"collection":[{"href":"https:\/\/cabinetwaci.com\/en\/wp-json\/wp\/v2\/pages"}],"about":[{"href":"https:\/\/cabinetwaci.com\/en\/wp-json\/wp\/v2\/types\/page"}],"author":[{"embeddable":true,"href":"https:\/\/cabinetwaci.com\/en\/wp-json\/wp\/v2\/users\/2"}],"replies":[{"embeddable":true,"href":"https:\/\/cabinetwaci.com\/en\/wp-json\/wp\/v2\/comments?post=3022"}],"version-history":[{"count":8,"href":"https:\/\/cabinetwaci.com\/en\/wp-json\/wp\/v2\/pages\/3022\/revisions"}],"predecessor-version":[{"id":5978,"href":"https:\/\/cabinetwaci.com\/en\/wp-json\/wp\/v2\/pages\/3022\/revisions\/5978"}],"up":[{"embeddable":true,"href":"https:\/\/cabinetwaci.com\/en\/wp-json\/wp\/v2\/pages\/2260"}],"wp:attachment":[{"href":"https:\/\/cabinetwaci.com\/en\/wp-json\/wp\/v2\/media?parent=3022"}],"curies":[{"name":"wp","href":"https:\/\/api.w.org\/{rel}","templated":true}]}}