{"id":3020,"date":"2023-03-07T14:05:23","date_gmt":"2023-03-07T14:05:23","guid":{"rendered":"https:\/\/cabinetwaci.com\/?page_id=3020"},"modified":"2023-03-07T14:05:23","modified_gmt":"2023-03-07T14:05:23","slug":"conseil-expertise","status":"publish","type":"page","link":"https:\/\/cabinetwaci.com\/en\/services-02\/architecture\/conseil-expertise\/","title":{"rendered":"Conseil &#038; Expertise"},"content":{"rendered":"<div data-elementor-type=\"wp-page\" data-elementor-id=\"3020\" class=\"elementor elementor-3020\">\n\t\t\t\t\t\t<section class=\"elementor-section elementor-top-section elementor-element elementor-element-42ec5855 elementor-section-full_width elementor-section-height-default elementor-section-height-default\" data-id=\"42ec5855\" data-element_type=\"section\" data-e-type=\"section\">\n\t\t\t\t\t\t<div class=\"elementor-container elementor-column-gap-no\">\n\t\t\t\t\t<div class=\"elementor-column elementor-col-100 elementor-top-column elementor-element elementor-element-5adf14e4\" data-id=\"5adf14e4\" data-element_type=\"column\" data-e-type=\"column\">\n\t\t\t<div class=\"elementor-widget-wrap elementor-element-populated\">\n\t\t\t\t\t\t<div class=\"elementor-section elementor-inner-section elementor-element elementor-element-24eaf1dc elementor-section-full_width elementor-section-height-default elementor-section-height-default\" data-id=\"24eaf1dc\" data-element_type=\"section\" data-e-type=\"section\">\n\t\t\t\t\t\t<div class=\"elementor-container elementor-column-gap-default\">\n\t\t\t\t\t<div class=\"elementor-column elementor-col-100 elementor-inner-column elementor-element elementor-element-7a8580f0\" data-id=\"7a8580f0\" data-element_type=\"column\" data-e-type=\"column\">\n\t\t\t<div class=\"elementor-widget-wrap elementor-element-populated\">\n\t\t\t\t\t\t<div class=\"elementor-element elementor-element-702e15b3 elementor-widget elementor-widget-bauen-title\" data-id=\"702e15b3\" data-element_type=\"widget\" data-e-type=\"widget\" data-widget_type=\"bauen-title.default\">\n\t\t\t\t<div class=\"elementor-widget-container\">\n\t\t\t\t\t\t\t\n\t\t\t\t\t\t\t\t<h2 class=\"section-title2 text-left\">REHABILITATION\/RENOVATION PROJECT<\/h2>\n\t\t\t\t\t\t\t\t\t\t\t\n\t\t\n\t\t\t\n        \t\t\t\t<\/div>\n\t\t\t\t<\/div>\n\t\t\t\t<div class=\"elementor-element elementor-element-60827e94 elementor-widget elementor-widget-bauen-text\" data-id=\"60827e94\" data-element_type=\"widget\" data-e-type=\"widget\" data-widget_type=\"bauen-text.default\">\n\t\t\t\t<div class=\"elementor-widget-container\">\n\t\t\t\t\t\t\t<div class=\"bn-text-block clear\">\n\t\t<p>un architecte ne con\u00e7oit pas forc\u00e9ment des immeubles ou des maisons \u00e0 partir d\u2019un terrain nu. Il peut intervenir sur l\u2019existant que l\u2019on soit sur des probl\u00e9matiques de de r\u00e9novation ou de r\u00e9habilitation. La r\u00e9novation englobe tous les travaux de finition d\u2019un b\u00e2timent d\u00e9j\u00e0 en exploitation ou rest\u00e9 inachev\u00e9. Il s\u2019agit ici de repenser l\u2019allure du b\u00e2timent en y apportant le style recherch\u00e9 par le maitre d\u2019ouvrage \u00e0 travers des formes, des type de mat\u00e9riaux, des couleurs dont l\u2019architecte a le secret. Cette op\u00e9ration de r\u00e9novation permet aussi de r\u00e9gler les \u00e9ventuels probl\u00e8mes fonctionnels latents. Il peut s\u2019agir de fen\u00eatre trop expos\u00e9s au soleil l\u2019apr\u00e8s-midi ou \u00e0 la pluie. Il peut \u00e9galement s\u2019agir d\u2019une pi\u00e8ce mal \u00e9clair\u00e9 ou mal positionn\u00e9 par rapport au fonctionnement d\u2019ensemble du b\u00e2timent etc\u2026<\/p><p>La r\u00e9habilitation quant a elle a une connotation historique voir culturelle. Il s\u2019agit ici de rendre au b\u00e2timent son \u00e9clat d\u2019autrefois en respectant presqu\u2019\u00e0 la lettre le projet originel. Ce processus qui une science qui fait intervenir en plus de l\u2019architecte plusieurs autres experts notamment en historiographie, en techniques de construction ancienne ou sp\u00e9cifique, est tr\u00e8s souvent destin\u00e9e \u00e0 b\u00e2timent qui font partie du patrimoine historique et culturel d\u2019une communaut\u00e9.<\/p>\t\t<\/div>\n\t\t\t\t\t\t<\/div>\n\t\t\t\t<\/div>\n\t\t\t\t\t<\/div>\n\t\t<\/div>\n\t\t\t\t\t<\/div>\n\t\t<\/div>\n\t\t\t\t<div class=\"elementor-section elementor-inner-section elementor-element elementor-element-5031ffe1 elementor-section-full_width elementor-section-height-default elementor-section-height-default\" data-id=\"5031ffe1\" data-element_type=\"section\" data-e-type=\"section\">\n\t\t\t\t\t\t<div class=\"elementor-container elementor-column-gap-narrow\">\n\t\t\t\t\t<div class=\"elementor-column elementor-col-50 elementor-inner-column elementor-element elementor-element-62303d25\" data-id=\"62303d25\" data-element_type=\"column\" data-e-type=\"column\">\n\t\t\t<div class=\"elementor-widget-wrap elementor-element-populated\">\n\t\t\t\t\t\t<div class=\"elementor-element elementor-element-552e57d2 elementor-widget elementor-widget-bauen-single-img-video\" data-id=\"552e57d2\" data-element_type=\"widget\" data-e-type=\"widget\" data-widget_type=\"bauen-single-img-video.default\">\n\t\t\t\t<div class=\"elementor-widget-container\">\n\t\t\t\t\t\t\t\n\t\t\n\t\t\t\n\t\t\t\t\t\t    \t\t\t\t\n\t\t\t\t\t<div class=\"sec-gallery gallery-item\">\n\t\t\t\t\t\t\n\t\t\t\t\t\t<a href=\"https:\/\/cabinetwaci.com\/wp-content\/uploads\/2021\/10\/9.jpg\" title=\"\" class=\"img-zoom-gallery\">\n\t\t\t\t\t\t\t<div class=\"gallery-box\">\n\t\t\t\t\t\t\t\t<div class=\"gallery-img\"> <img fetchpriority=\"high\" decoding=\"async\" width=\"1200\" height=\"800\" src=\"https:\/\/cabinetwaci.com\/wp-content\/uploads\/2021\/10\/9.jpg\" class=\"attachment-full size-full wp-image-163\" alt=\"\" srcset=\"https:\/\/cabinetwaci.com\/wp-content\/uploads\/2021\/10\/9.jpg 1200w, https:\/\/cabinetwaci.com\/wp-content\/uploads\/2021\/10\/9-300x200.jpg 300w, https:\/\/cabinetwaci.com\/wp-content\/uploads\/2021\/10\/9-1024x683.jpg 1024w, https:\/\/cabinetwaci.com\/wp-content\/uploads\/2021\/10\/9-768x512.jpg 768w\" sizes=\"(max-width: 1200px) 100vw, 1200px\" \/> <\/div>\n\t\t\t\t\t\t\t<\/div>\t\t\t\t\t\t\t\t\t\n\t\t\t\t\t\t<\/a>\n\t\t\t\t\t\t\n\t\t\t\t\t<\/div>\n\t\t\t    \t\n\t\t\t\t\t\t<\/div>\n\t\t\t\t<\/div>\n\t\t\t\t\t<\/div>\n\t\t<\/div>\n\t\t\t\t<div class=\"elementor-column elementor-col-50 elementor-inner-column elementor-element elementor-element-3b512025\" data-id=\"3b512025\" data-element_type=\"column\" data-e-type=\"column\">\n\t\t\t<div class=\"elementor-widget-wrap elementor-element-populated\">\n\t\t\t\t\t\t<div class=\"elementor-element elementor-element-1201cbc3 elementor-widget elementor-widget-bauen-single-img-video\" data-id=\"1201cbc3\" data-element_type=\"widget\" data-e-type=\"widget\" data-widget_type=\"bauen-single-img-video.default\">\n\t\t\t\t<div class=\"elementor-widget-container\">\n\t\t\t\t\t\t\t\n\t\t\n\t\t\t\n\t\t\t\t\t\t    \t\t\t\t\n\t\t\t\t\t<div class=\"sec-gallery gallery-item\">\n\t\t\t\t\t\t\n\t\t\t\t\t\t<a href=\"https:\/\/cabinetwaci.com\/wp-content\/uploads\/2021\/10\/10.jpg\" title=\"\" class=\"img-zoom-gallery\">\n\t\t\t\t\t\t\t<div class=\"gallery-box\">\n\t\t\t\t\t\t\t\t<div class=\"gallery-img\"> <img decoding=\"async\" width=\"1200\" height=\"800\" src=\"https:\/\/cabinetwaci.com\/wp-content\/uploads\/2021\/10\/10.jpg\" class=\"attachment-full size-full wp-image-164\" alt=\"\" srcset=\"https:\/\/cabinetwaci.com\/wp-content\/uploads\/2021\/10\/10.jpg 1200w, https:\/\/cabinetwaci.com\/wp-content\/uploads\/2021\/10\/10-300x200.jpg 300w, https:\/\/cabinetwaci.com\/wp-content\/uploads\/2021\/10\/10-1024x683.jpg 1024w, https:\/\/cabinetwaci.com\/wp-content\/uploads\/2021\/10\/10-768x512.jpg 768w\" sizes=\"(max-width: 1200px) 100vw, 1200px\" \/> <\/div>\n\t\t\t\t\t\t\t<\/div>\t\t\t\t\t\t\t\t\t\n\t\t\t\t\t\t<\/a>\n\t\t\t\t\t\t\n\t\t\t\t\t<\/div>\n\t\t\t    \t\n\t\t\t\t\t\t<\/div>\n\t\t\t\t<\/div>\n\t\t\t\t\t<\/div>\n\t\t<\/div>\n\t\t\t\t\t<\/div>\n\t\t<\/div>\n\t\t\t\t\t<\/div>\n\t\t<\/div>\n\t\t\t\t\t<\/div>\n\t\t<\/section>\n\t\t\t\t<\/div>","protected":false},"excerpt":{"rendered":"<p>Projet de r\u00e9habilitation\/r\u00e9novation un architecte ne con\u00e7oit pas forc\u00e9ment des immeubles ou des maisons \u00e0 partir d\u2019un terrain nu. Il peut intervenir sur l\u2019existant que l\u2019on soit sur des probl\u00e9matiques de de r\u00e9novation ou de r\u00e9habilitation. La r\u00e9novation englobe tous les travaux de finition d\u2019un b\u00e2timent d\u00e9j\u00e0 en exploitation ou rest\u00e9 inachev\u00e9. Il s\u2019agit ici de repenser l\u2019allure du b\u00e2timent&#8230;<\/p>","protected":false},"author":2,"featured_media":0,"parent":2166,"menu_order":0,"comment_status":"closed","ping_status":"closed","template":"","meta":{"om_disable_all_campaigns":false,"_monsterinsights_skip_tracking":false,"_monsterinsights_sitenote_active":false,"_monsterinsights_sitenote_note":"","_monsterinsights_sitenote_category":0,"footnotes":"","_links_to":"","_links_to_target":""},"class_list":["post-3020","page","type-page","status-publish","hentry"],"aioseo_notices":[],"_links":{"self":[{"href":"https:\/\/cabinetwaci.com\/en\/wp-json\/wp\/v2\/pages\/3020","targetHints":{"allow":["GET"]}}],"collection":[{"href":"https:\/\/cabinetwaci.com\/en\/wp-json\/wp\/v2\/pages"}],"about":[{"href":"https:\/\/cabinetwaci.com\/en\/wp-json\/wp\/v2\/types\/page"}],"author":[{"embeddable":true,"href":"https:\/\/cabinetwaci.com\/en\/wp-json\/wp\/v2\/users\/2"}],"replies":[{"embeddable":true,"href":"https:\/\/cabinetwaci.com\/en\/wp-json\/wp\/v2\/comments?post=3020"}],"version-history":[{"count":1,"href":"https:\/\/cabinetwaci.com\/en\/wp-json\/wp\/v2\/pages\/3020\/revisions"}],"predecessor-version":[{"id":3021,"href":"https:\/\/cabinetwaci.com\/en\/wp-json\/wp\/v2\/pages\/3020\/revisions\/3021"}],"up":[{"embeddable":true,"href":"https:\/\/cabinetwaci.com\/en\/wp-json\/wp\/v2\/pages\/2166"}],"wp:attachment":[{"href":"https:\/\/cabinetwaci.com\/en\/wp-json\/wp\/v2\/media?parent=3020"}],"curies":[{"name":"wp","href":"https:\/\/api.w.org\/{rel}","templated":true}]}}