{"id":3015,"date":"2023-03-07T13:44:44","date_gmt":"2023-03-07T13:44:44","guid":{"rendered":"https:\/\/cabinetwaci.com\/?page_id=3015"},"modified":"2024-08-27T16:48:58","modified_gmt":"2024-08-27T16:48:58","slug":"projet-de-rehabilitation-renovation","status":"publish","type":"page","link":"https:\/\/cabinetwaci.com\/en\/services-02\/architecture\/projet-de-rehabilitation-renovation\/","title":{"rendered":"REHABILITATION\/RENOVATION PROJECT"},"content":{"rendered":"<div data-elementor-type=\"wp-page\" data-elementor-id=\"3015\" class=\"elementor elementor-3015\">\n\t\t\t\t\t\t<section class=\"elementor-section elementor-top-section elementor-element elementor-element-42ec5855 elementor-section-full_width elementor-section-height-default elementor-section-height-default\" data-id=\"42ec5855\" data-element_type=\"section\" data-e-type=\"section\">\n\t\t\t\t\t\t<div class=\"elementor-container elementor-column-gap-no\">\n\t\t\t\t\t<div class=\"elementor-column elementor-col-100 elementor-top-column elementor-element elementor-element-5adf14e4\" data-id=\"5adf14e4\" data-element_type=\"column\" data-e-type=\"column\">\n\t\t\t<div class=\"elementor-widget-wrap elementor-element-populated\">\n\t\t\t\t\t\t<div class=\"elementor-section elementor-inner-section elementor-element elementor-element-24eaf1dc elementor-section-full_width elementor-section-height-default elementor-section-height-default\" data-id=\"24eaf1dc\" data-element_type=\"section\" data-e-type=\"section\">\n\t\t\t\t\t\t<div class=\"elementor-container elementor-column-gap-default\">\n\t\t\t\t\t<div class=\"elementor-column elementor-col-100 elementor-inner-column elementor-element elementor-element-7a8580f0\" data-id=\"7a8580f0\" data-element_type=\"column\" data-e-type=\"column\">\n\t\t\t<div class=\"elementor-widget-wrap elementor-element-populated\">\n\t\t\t\t\t\t<div class=\"elementor-element elementor-element-702e15b3 elementor-widget elementor-widget-bauen-title\" data-id=\"702e15b3\" data-element_type=\"widget\" data-e-type=\"widget\" data-widget_type=\"bauen-title.default\">\n\t\t\t\t<div class=\"elementor-widget-container\">\n\t\t\t\t\t\t\t\n\t\t\t\t\t\t\t\t<h2 class=\"section-title2 text-left\">REHABILITATION\/RENOVATION PROJECT<\/h2>\n\t\t\t\t\t\t\t\t\t\t\t\n\t\t\n\t\t\t\n        \t\t\t\t<\/div>\n\t\t\t\t<\/div>\n\t\t\t\t<div class=\"elementor-element elementor-element-60827e94 elementor-widget elementor-widget-bauen-text\" data-id=\"60827e94\" data-element_type=\"widget\" data-e-type=\"widget\" data-widget_type=\"bauen-text.default\">\n\t\t\t\t<div class=\"elementor-widget-container\">\n\t\t\t\t\t\t\t<div class=\"bn-text-block clear\">\n\t\t<p>an architect does not necessarily design buildings or houses from bare ground. He can intervene on the existing whether we are dealing with renovation or rehabilitation issues. Renovation includes all finishing work on a building already in operation or left unfinished. This involves rethinking the appearance of the building by bringing the style sought by the client through shapes, types of materials and colors of which the architect has the secret. This renovation operation also makes it possible to resolve any latent functional problems. These could be windows that are too exposed to afternoon sun or rain. It could also be a room that is poorly lit or poorly positioned in relation to the overall functioning of the building, etc.<\/p><p>Rehabilitation has a historical and even cultural connotation. The aim here is to restore the building to its former glory while respecting the original project almost to the letter. This process is a science which involves, in addition to the architect, several other experts, notably in historiography, in ancient or specific construction techniques and is very often intended for buildings which are part of the historical and cultural heritage of a community.<\/p>\t\t<\/div>\n\t\t\t\t\t\t<\/div>\n\t\t\t\t<\/div>\n\t\t\t\t\t<\/div>\n\t\t<\/div>\n\t\t\t\t\t<\/div>\n\t\t<\/div>\n\t\t\t\t<div class=\"elementor-section elementor-inner-section elementor-element elementor-element-5031ffe1 elementor-section-full_width elementor-section-height-default elementor-section-height-default\" data-id=\"5031ffe1\" data-element_type=\"section\" data-e-type=\"section\">\n\t\t\t\t\t\t<div class=\"elementor-container elementor-column-gap-narrow\">\n\t\t\t\t\t<div class=\"elementor-column elementor-col-50 elementor-inner-column elementor-element elementor-element-62303d25\" data-id=\"62303d25\" data-element_type=\"column\" data-e-type=\"column\">\n\t\t\t<div class=\"elementor-widget-wrap elementor-element-populated\">\n\t\t\t\t\t\t<div class=\"elementor-element elementor-element-552e57d2 elementor-widget elementor-widget-bauen-single-img-video\" data-id=\"552e57d2\" data-element_type=\"widget\" data-e-type=\"widget\" data-widget_type=\"bauen-single-img-video.default\">\n\t\t\t\t<div class=\"elementor-widget-container\">\n\t\t\t\t\t\t\t\n\t\t\n\t\t\t\n\t\t\t\t\t\t    \t\t\t\t\n\t\t\t\t\t<div class=\"sec-gallery gallery-item\">\n\t\t\t\t\t\t\n\t\t\t\t\t\t<a href=\"https:\/\/cabinetwaci.com\/wp-content\/uploads\/2023\/03\/VUE-SUR-LE-SEJOUR-scaled.jpg\" title=\"\" class=\"img-zoom-gallery\">\n\t\t\t\t\t\t\t<div class=\"gallery-box\">\n\t\t\t\t\t\t\t\t<div class=\"gallery-img\"> <img fetchpriority=\"high\" decoding=\"async\" width=\"2560\" height=\"1440\" src=\"https:\/\/cabinetwaci.com\/wp-content\/uploads\/2023\/03\/VUE-SUR-LE-SEJOUR-scaled.jpg\" class=\"attachment-full size-full wp-image-3810\" alt=\"\" srcset=\"https:\/\/cabinetwaci.com\/wp-content\/uploads\/2023\/03\/VUE-SUR-LE-SEJOUR-scaled.jpg 2560w, https:\/\/cabinetwaci.com\/wp-content\/uploads\/2023\/03\/VUE-SUR-LE-SEJOUR-300x169.jpg 300w, https:\/\/cabinetwaci.com\/wp-content\/uploads\/2023\/03\/VUE-SUR-LE-SEJOUR-1024x576.jpg 1024w, https:\/\/cabinetwaci.com\/wp-content\/uploads\/2023\/03\/VUE-SUR-LE-SEJOUR-768x432.jpg 768w, https:\/\/cabinetwaci.com\/wp-content\/uploads\/2023\/03\/VUE-SUR-LE-SEJOUR-1536x864.jpg 1536w, https:\/\/cabinetwaci.com\/wp-content\/uploads\/2023\/03\/VUE-SUR-LE-SEJOUR-2048x1152.jpg 2048w\" sizes=\"(max-width: 2560px) 100vw, 2560px\" \/> <\/div>\n\t\t\t\t\t\t\t<\/div>\t\t\t\t\t\t\t\t\t\n\t\t\t\t\t\t<\/a>\n\t\t\t\t\t\t\n\t\t\t\t\t<\/div>\n\t\t\t    \t\n\t\t\t\t\t\t<\/div>\n\t\t\t\t<\/div>\n\t\t\t\t\t<\/div>\n\t\t<\/div>\n\t\t\t\t<div class=\"elementor-column elementor-col-50 elementor-inner-column elementor-element elementor-element-3b512025\" data-id=\"3b512025\" data-element_type=\"column\" data-e-type=\"column\">\n\t\t\t<div class=\"elementor-widget-wrap elementor-element-populated\">\n\t\t\t\t\t\t<div class=\"elementor-element elementor-element-1201cbc3 elementor-widget elementor-widget-bauen-single-img-video\" data-id=\"1201cbc3\" data-element_type=\"widget\" data-e-type=\"widget\" data-widget_type=\"bauen-single-img-video.default\">\n\t\t\t\t<div class=\"elementor-widget-container\">\n\t\t\t\t\t\t\t\n\t\t\n\t\t\t\n\t\t\t\t\t\t    \t\t\t\t\n\t\t\t\t\t<div class=\"sec-gallery gallery-item\">\n\t\t\t\t\t\t\n\t\t\t\t\t\t<a href=\"https:\/\/cabinetwaci.com\/wp-content\/uploads\/2023\/03\/VUE-SUR-PREAU-1-scaled.jpg\" title=\"\" class=\"img-zoom-gallery\">\n\t\t\t\t\t\t\t<div class=\"gallery-box\">\n\t\t\t\t\t\t\t\t<div class=\"gallery-img\"> <img decoding=\"async\" width=\"2560\" height=\"1440\" src=\"https:\/\/cabinetwaci.com\/wp-content\/uploads\/2023\/03\/VUE-SUR-PREAU-1-scaled.jpg\" class=\"attachment-full size-full wp-image-3811\" alt=\"\" srcset=\"https:\/\/cabinetwaci.com\/wp-content\/uploads\/2023\/03\/VUE-SUR-PREAU-1-scaled.jpg 2560w, https:\/\/cabinetwaci.com\/wp-content\/uploads\/2023\/03\/VUE-SUR-PREAU-1-300x169.jpg 300w, https:\/\/cabinetwaci.com\/wp-content\/uploads\/2023\/03\/VUE-SUR-PREAU-1-1024x576.jpg 1024w, https:\/\/cabinetwaci.com\/wp-content\/uploads\/2023\/03\/VUE-SUR-PREAU-1-768x432.jpg 768w, https:\/\/cabinetwaci.com\/wp-content\/uploads\/2023\/03\/VUE-SUR-PREAU-1-1536x864.jpg 1536w, https:\/\/cabinetwaci.com\/wp-content\/uploads\/2023\/03\/VUE-SUR-PREAU-1-2048x1152.jpg 2048w\" sizes=\"(max-width: 2560px) 100vw, 2560px\" \/> <\/div>\n\t\t\t\t\t\t\t<\/div>\t\t\t\t\t\t\t\t\t\n\t\t\t\t\t\t<\/a>\n\t\t\t\t\t\t\n\t\t\t\t\t<\/div>\n\t\t\t    \t\n\t\t\t\t\t\t<\/div>\n\t\t\t\t<\/div>\n\t\t\t\t\t<\/div>\n\t\t<\/div>\n\t\t\t\t\t<\/div>\n\t\t<\/div>\n\t\t\t\t\t<\/div>\n\t\t<\/div>\n\t\t\t\t\t<\/div>\n\t\t<\/section>\n\t\t\t\t<\/div>","protected":false},"excerpt":{"rendered":"<p>Projet de r\u00e9habilitation\/r\u00e9novation un architecte ne con\u00e7oit pas forc\u00e9ment des immeubles ou des maisons \u00e0 partir d\u2019un terrain nu. Il peut intervenir sur l\u2019existant que l\u2019on soit sur des probl\u00e9matiques de de r\u00e9novation ou de r\u00e9habilitation. La r\u00e9novation englobe tous les travaux de finition d\u2019un b\u00e2timent d\u00e9j\u00e0 en exploitation ou rest\u00e9 inachev\u00e9. Il s\u2019agit ici de repenser l\u2019allure du b\u00e2timent&#8230;<\/p>","protected":false},"author":2,"featured_media":0,"parent":2166,"menu_order":0,"comment_status":"closed","ping_status":"closed","template":"","meta":{"om_disable_all_campaigns":false,"_monsterinsights_skip_tracking":false,"_monsterinsights_sitenote_active":false,"_monsterinsights_sitenote_note":"","_monsterinsights_sitenote_category":0,"footnotes":"","_links_to":"","_links_to_target":""},"class_list":["post-3015","page","type-page","status-publish","hentry"],"aioseo_notices":[],"_links":{"self":[{"href":"https:\/\/cabinetwaci.com\/en\/wp-json\/wp\/v2\/pages\/3015","targetHints":{"allow":["GET"]}}],"collection":[{"href":"https:\/\/cabinetwaci.com\/en\/wp-json\/wp\/v2\/pages"}],"about":[{"href":"https:\/\/cabinetwaci.com\/en\/wp-json\/wp\/v2\/types\/page"}],"author":[{"embeddable":true,"href":"https:\/\/cabinetwaci.com\/en\/wp-json\/wp\/v2\/users\/2"}],"replies":[{"embeddable":true,"href":"https:\/\/cabinetwaci.com\/en\/wp-json\/wp\/v2\/comments?post=3015"}],"version-history":[{"count":23,"href":"https:\/\/cabinetwaci.com\/en\/wp-json\/wp\/v2\/pages\/3015\/revisions"}],"predecessor-version":[{"id":5971,"href":"https:\/\/cabinetwaci.com\/en\/wp-json\/wp\/v2\/pages\/3015\/revisions\/5971"}],"up":[{"embeddable":true,"href":"https:\/\/cabinetwaci.com\/en\/wp-json\/wp\/v2\/pages\/2166"}],"wp:attachment":[{"href":"https:\/\/cabinetwaci.com\/en\/wp-json\/wp\/v2\/media?parent=3015"}],"curies":[{"name":"wp","href":"https:\/\/api.w.org\/{rel}","templated":true}]}}