{"id":2759,"date":"2022-12-02T10:40:27","date_gmt":"2022-12-02T10:40:27","guid":{"rendered":"https:\/\/cabinetwaci.com\/?page_id=2759"},"modified":"2024-08-20T15:36:49","modified_gmt":"2024-08-20T15:36:49","slug":"hervey-simo","status":"publish","type":"page","link":"https:\/\/cabinetwaci.com\/en\/hervey-simo\/","title":{"rendered":"Hervey SIMO"},"content":{"rendered":"<div data-elementor-type=\"wp-page\" data-elementor-id=\"2759\" class=\"elementor elementor-2759\">\n\t\t\t\t\t\t<section class=\"elementor-section elementor-top-section elementor-element elementor-element-7ee718c9 elementor-section-boxed elementor-section-height-default elementor-section-height-default\" data-id=\"7ee718c9\" data-element_type=\"section\" data-e-type=\"section\">\n\t\t\t\t\t\t<div class=\"elementor-container elementor-column-gap-default\">\n\t\t\t\t\t<div class=\"elementor-column elementor-col-100 elementor-top-column elementor-element elementor-element-58c7dc56\" data-id=\"58c7dc56\" data-element_type=\"column\" data-e-type=\"column\">\n\t\t\t<div class=\"elementor-widget-wrap elementor-element-populated\">\n\t\t\t\t\t\t<div class=\"elementor-element elementor-element-8a81707 elementor-widget elementor-widget-bauen-title\" data-id=\"8a81707\" data-element_type=\"widget\" data-e-type=\"widget\" data-widget_type=\"bauen-title.default\">\n\t\t\t\t<div class=\"elementor-widget-container\">\n\t\t\t\t\t\t\t\n\t\t\t\n\t\t\t\t\t\t<h2 class=\"section-title text-left\">Hervey SIMO <\/h2>\n\t\t\t\t\n\t\t\t\t\n        \n\t\t\t\n        \t\t\t\t<\/div>\n\t\t\t\t<\/div>\n\t\t\t\t<div class=\"elementor-section elementor-inner-section elementor-element elementor-element-7f82964a elementor-section-boxed elementor-section-height-default elementor-section-height-default\" data-id=\"7f82964a\" data-element_type=\"section\" data-e-type=\"section\">\n\t\t\t\t\t\t<div class=\"elementor-container elementor-column-gap-default\">\n\t\t\t\t\t<div class=\"elementor-column elementor-col-33 elementor-inner-column elementor-element elementor-element-6afe4c96\" data-id=\"6afe4c96\" data-element_type=\"column\" data-e-type=\"column\">\n\t\t\t<div class=\"elementor-widget-wrap elementor-element-populated\">\n\t\t\t\t\t\t<div class=\"elementor-element elementor-element-2117fa5 elementor-widget elementor-widget-image\" data-id=\"2117fa5\" data-element_type=\"widget\" data-e-type=\"widget\" data-widget_type=\"image.default\">\n\t\t\t\t<div class=\"elementor-widget-container\">\n\t\t\t\t\t\t\t\t\t\t\t\t\t\t\t<img fetchpriority=\"high\" decoding=\"async\" width=\"2456\" height=\"2560\" src=\"https:\/\/cabinetwaci.com\/wp-content\/uploads\/2024\/08\/hervey01-1-scaled.jpg\" class=\"attachment-full size-full wp-image-5632\" alt=\"\" srcset=\"https:\/\/cabinetwaci.com\/wp-content\/uploads\/2024\/08\/hervey01-1-scaled.jpg 2456w, https:\/\/cabinetwaci.com\/wp-content\/uploads\/2024\/08\/hervey01-1-288x300.jpg 288w, https:\/\/cabinetwaci.com\/wp-content\/uploads\/2024\/08\/hervey01-1-982x1024.jpg 982w, https:\/\/cabinetwaci.com\/wp-content\/uploads\/2024\/08\/hervey01-1-768x801.jpg 768w, https:\/\/cabinetwaci.com\/wp-content\/uploads\/2024\/08\/hervey01-1-1474x1536.jpg 1474w, https:\/\/cabinetwaci.com\/wp-content\/uploads\/2024\/08\/hervey01-1-1965x2048.jpg 1965w, https:\/\/cabinetwaci.com\/wp-content\/uploads\/2024\/08\/hervey01-1-12x12.jpg 12w\" sizes=\"(max-width: 2456px) 100vw, 2456px\" \/>\t\t\t\t\t\t\t\t\t\t\t\t\t\t\t<\/div>\n\t\t\t\t<\/div>\n\t\t\t\t\t<\/div>\n\t\t<\/div>\n\t\t\t\t<div class=\"elementor-column elementor-col-33 elementor-inner-column elementor-element elementor-element-f5a3cfb\" data-id=\"f5a3cfb\" data-element_type=\"column\" data-e-type=\"column\">\n\t\t\t<div class=\"elementor-widget-wrap elementor-element-populated\">\n\t\t\t\t\t\t<div class=\"elementor-element elementor-element-e26e524 elementor-widget elementor-widget-text-editor\" data-id=\"e26e524\" data-element_type=\"widget\" data-e-type=\"widget\" data-widget_type=\"text-editor.default\">\n\t\t\t\t<div class=\"elementor-widget-container\">\n\t\t\t\t\t\t\t\t\t<p>Having flirted with civil engineering through a Preparatory program at the Central Polytechnic University of Tunis, it was ultimately architecture that conquered his heart.<\/p><p>With a Master\u2019s degree earned with honors from the Higher School of Architecture and Audiovisual of Tunisia, he deepened his experience in a local firm dealing with national and international projects after obtaining his diploma.\u00a0<\/p><p>Passionate about art and spatial design, he considers himself an\u00a0<em>Avant-Garde<\/em>\u00a0, combining creativity, originality, and functional mastery.<\/p><p>Humility, seriousness, professionalism, and leadership are the qualities attributed to his role as an architect. His dream is to contribute to the revolution of African architectural approaches through innovative forms and new ways of thinking about space that will integrate and adapt to our climatic, cultural, and environmental realities<\/p><p>\u00a0'' <strong><em>Every architecture must write a story in the time and space in which it is integrated '',<\/em><\/strong> he says\u2026\u00a0<\/p><p>Hervey is currently working at WACI as an Architect Designer, serving as the Head of Architectural and Technical Studies.<\/p>\t\t\t\t\t\t\t\t<\/div>\n\t\t\t\t<\/div>\n\t\t\t\t<div class=\"elementor-element elementor-element-0beece3 elementor-widget elementor-widget-spacer\" data-id=\"0beece3\" data-element_type=\"widget\" data-e-type=\"widget\" data-widget_type=\"spacer.default\">\n\t\t\t\t<div class=\"elementor-widget-container\">\n\t\t\t\t\t\t\t<div class=\"elementor-spacer\">\n\t\t\t<div class=\"elementor-spacer-inner\"><\/div>\n\t\t<\/div>\n\t\t\t\t\t\t<\/div>\n\t\t\t\t<\/div>\n\t\t\t\t\t<\/div>\n\t\t<\/div>\n\t\t\t\t<div class=\"elementor-column elementor-col-33 elementor-inner-column elementor-element elementor-element-49126e1\" data-id=\"49126e1\" data-element_type=\"column\" data-e-type=\"column\">\n\t\t\t<div class=\"elementor-widget-wrap\">\n\t\t\t\t\t\t\t<\/div>\n\t\t<\/div>\n\t\t\t\t\t<\/div>\n\t\t<\/div>\n\t\t\t\t\t<\/div>\n\t\t<\/div>\n\t\t\t\t\t<\/div>\n\t\t<\/section>\n\t\t\t\t<\/div>","protected":false},"excerpt":{"rendered":"<p>Hervey SIMO Ayant flirt\u00e9 avec le g\u00e9nie-civil, \u00e0 travers une formation en Cycle pr\u00e9paratoire \u00e0 l\u2019universit\u00e9 Central polytechnique de Tunis, c\u2019est finalement l\u2019architecture qui a conquis son c\u0153ur. Dot\u00e9 d\u2019un Master 2 acquis avec mention honorable, \u00e0 l\u2019Ecole Sup\u00e9rieur d\u2019Architecture et d\u2019Audiovisuel en Tunisie, il a approfondi son exp\u00e9rience dans un Cabinet de la place traitant des projets nationaux et&#8230;<\/p>","protected":false},"author":1,"featured_media":0,"parent":0,"menu_order":0,"comment_status":"closed","ping_status":"closed","template":"","meta":{"om_disable_all_campaigns":false,"_monsterinsights_skip_tracking":false,"_monsterinsights_sitenote_active":false,"_monsterinsights_sitenote_note":"","_monsterinsights_sitenote_category":0,"footnotes":"","_links_to":"","_links_to_target":""},"class_list":["post-2759","page","type-page","status-publish","hentry"],"aioseo_notices":[],"_links":{"self":[{"href":"https:\/\/cabinetwaci.com\/en\/wp-json\/wp\/v2\/pages\/2759","targetHints":{"allow":["GET"]}}],"collection":[{"href":"https:\/\/cabinetwaci.com\/en\/wp-json\/wp\/v2\/pages"}],"about":[{"href":"https:\/\/cabinetwaci.com\/en\/wp-json\/wp\/v2\/types\/page"}],"author":[{"embeddable":true,"href":"https:\/\/cabinetwaci.com\/en\/wp-json\/wp\/v2\/users\/1"}],"replies":[{"embeddable":true,"href":"https:\/\/cabinetwaci.com\/en\/wp-json\/wp\/v2\/comments?post=2759"}],"version-history":[{"count":31,"href":"https:\/\/cabinetwaci.com\/en\/wp-json\/wp\/v2\/pages\/2759\/revisions"}],"predecessor-version":[{"id":5674,"href":"https:\/\/cabinetwaci.com\/en\/wp-json\/wp\/v2\/pages\/2759\/revisions\/5674"}],"wp:attachment":[{"href":"https:\/\/cabinetwaci.com\/en\/wp-json\/wp\/v2\/media?parent=2759"}],"curies":[{"name":"wp","href":"https:\/\/api.w.org\/{rel}","templated":true}]}}