{"id":2657,"date":"2022-11-28T16:57:21","date_gmt":"2022-11-28T16:57:21","guid":{"rendered":"https:\/\/cabinetwaci.com\/?page_id=2657"},"modified":"2024-08-13T16:09:38","modified_gmt":"2024-08-13T16:09:38","slug":"marie-dominique-kouadio","status":"publish","type":"page","link":"https:\/\/cabinetwaci.com\/en\/marie-dominique-kouadio\/","title":{"rendered":"Marie Dominique KOUADIO"},"content":{"rendered":"<div data-elementor-type=\"wp-page\" data-elementor-id=\"2657\" class=\"elementor elementor-2657\">\n\t\t\t\t\t\t<section class=\"elementor-section elementor-top-section elementor-element elementor-element-7ee718c9 elementor-section-boxed elementor-section-height-default elementor-section-height-default\" data-id=\"7ee718c9\" data-element_type=\"section\" data-e-type=\"section\">\n\t\t\t\t\t\t<div class=\"elementor-container elementor-column-gap-default\">\n\t\t\t\t\t<div class=\"elementor-column elementor-col-100 elementor-top-column elementor-element elementor-element-58c7dc56\" data-id=\"58c7dc56\" data-element_type=\"column\" data-e-type=\"column\">\n\t\t\t<div class=\"elementor-widget-wrap elementor-element-populated\">\n\t\t\t\t\t\t<div class=\"elementor-element elementor-element-8a81707 elementor-widget elementor-widget-bauen-title\" data-id=\"8a81707\" data-element_type=\"widget\" data-e-type=\"widget\" data-widget_type=\"bauen-title.default\">\n\t\t\t\t<div class=\"elementor-widget-container\">\n\t\t\t\t\t\t\t\n\t\t\t\n\t\t\t\t\t\t<h2 class=\"section-title text-left\">Marie Dominique KOUADIO epse GABO<\/h2>\n\t\t\t\t\n\t\t\t\t\n        \n\t\t\t\n        \t\t\t\t<\/div>\n\t\t\t\t<\/div>\n\t\t\t\t<div class=\"elementor-section elementor-inner-section elementor-element elementor-element-7f82964a elementor-section-boxed elementor-section-height-default elementor-section-height-default\" data-id=\"7f82964a\" data-element_type=\"section\" data-e-type=\"section\">\n\t\t\t\t\t\t<div class=\"elementor-container elementor-column-gap-default\">\n\t\t\t\t\t<div class=\"elementor-column elementor-col-50 elementor-inner-column elementor-element elementor-element-6afe4c96\" data-id=\"6afe4c96\" data-element_type=\"column\" data-e-type=\"column\">\n\t\t\t<div class=\"elementor-widget-wrap elementor-element-populated\">\n\t\t\t\t\t\t<div class=\"elementor-element elementor-element-2117fa5 elementor-widget elementor-widget-image\" data-id=\"2117fa5\" data-element_type=\"widget\" data-e-type=\"widget\" data-widget_type=\"image.default\">\n\t\t\t\t<div class=\"elementor-widget-container\">\n\t\t\t\t\t\t\t\t\t\t\t\t\t\t\t<img fetchpriority=\"high\" decoding=\"async\" width=\"3543\" height=\"3543\" src=\"https:\/\/cabinetwaci.com\/wp-content\/uploads\/2024\/08\/5R8A3623.png\" class=\"attachment-full size-full wp-image-5136\" alt=\"\" srcset=\"https:\/\/cabinetwaci.com\/wp-content\/uploads\/2024\/08\/5R8A3623.png 3543w, https:\/\/cabinetwaci.com\/wp-content\/uploads\/2024\/08\/5R8A3623-300x300.png 300w, https:\/\/cabinetwaci.com\/wp-content\/uploads\/2024\/08\/5R8A3623-1024x1024.png 1024w, https:\/\/cabinetwaci.com\/wp-content\/uploads\/2024\/08\/5R8A3623-150x150.png 150w, https:\/\/cabinetwaci.com\/wp-content\/uploads\/2024\/08\/5R8A3623-768x768.png 768w, https:\/\/cabinetwaci.com\/wp-content\/uploads\/2024\/08\/5R8A3623-1536x1536.png 1536w, https:\/\/cabinetwaci.com\/wp-content\/uploads\/2024\/08\/5R8A3623-2048x2048.png 2048w, https:\/\/cabinetwaci.com\/wp-content\/uploads\/2024\/08\/5R8A3623-12x12.png 12w\" sizes=\"(max-width: 3543px) 100vw, 3543px\" \/>\t\t\t\t\t\t\t\t\t\t\t\t\t\t\t<\/div>\n\t\t\t\t<\/div>\n\t\t\t\t\t<\/div>\n\t\t<\/div>\n\t\t\t\t<div class=\"elementor-column elementor-col-50 elementor-inner-column elementor-element elementor-element-f5a3cfb\" data-id=\"f5a3cfb\" data-element_type=\"column\" data-e-type=\"column\">\n\t\t\t<div class=\"elementor-widget-wrap elementor-element-populated\">\n\t\t\t\t\t\t<div class=\"elementor-element elementor-element-e26e524 elementor-widget elementor-widget-text-editor\" data-id=\"e26e524\" data-element_type=\"widget\" data-e-type=\"widget\" data-widget_type=\"text-editor.default\">\n\t\t\t\t<div class=\"elementor-widget-container\">\n\t\t\t\t\t\t\t\t\t<p>Marie Dominique holds a Higher Technician Certificate in Finance, Accounting and Business Management.<\/p><p>She acquired experience as an accountant within the Experts Firm Accountant Associated.<\/p><p>Recruited as an accounting assistant within the firm at the start, she has since been confirmed as an accountant.<\/p>\t\t\t\t\t\t\t\t<\/div>\n\t\t\t\t<\/div>\n\t\t\t\t<div class=\"elementor-element elementor-element-0beece3 elementor-widget elementor-widget-spacer\" data-id=\"0beece3\" data-element_type=\"widget\" data-e-type=\"widget\" data-widget_type=\"spacer.default\">\n\t\t\t\t<div class=\"elementor-widget-container\">\n\t\t\t\t\t\t\t<div class=\"elementor-spacer\">\n\t\t\t<div class=\"elementor-spacer-inner\"><\/div>\n\t\t<\/div>\n\t\t\t\t\t\t<\/div>\n\t\t\t\t<\/div>\n\t\t\t\t\t<\/div>\n\t\t<\/div>\n\t\t\t\t\t<\/div>\n\t\t<\/div>\n\t\t\t\t\t<\/div>\n\t\t<\/div>\n\t\t\t\t\t<\/div>\n\t\t<\/section>\n\t\t\t\t<\/div>","protected":false},"excerpt":{"rendered":"<p>Marie Dominique KOUADIO epse GABO Marie Dominique est dipl\u00f4m\u00e9e d\u2019un Brevet de Technicienne Sup\u00e9rieur en Finance Comptabilit\u00e9 et Gestion d\u2019Entreprise. Elle a acquis une exp\u00e9rience de comptable au sein du Cabinet d\u2019Experts Comptable Associ\u00e9s. Recrut\u00e9e comme assistante comptable au sein du cabinet \u00e0 ses d\u00e9buts, elle a \u00e9t\u00e9 depuis confirm\u00e9e au poste de comptable.<\/p>","protected":false},"author":1,"featured_media":0,"parent":0,"menu_order":0,"comment_status":"closed","ping_status":"closed","template":"","meta":{"om_disable_all_campaigns":false,"_monsterinsights_skip_tracking":false,"_monsterinsights_sitenote_active":false,"_monsterinsights_sitenote_note":"","_monsterinsights_sitenote_category":0,"footnotes":"","_links_to":"","_links_to_target":""},"class_list":["post-2657","page","type-page","status-publish","hentry"],"aioseo_notices":[],"_links":{"self":[{"href":"https:\/\/cabinetwaci.com\/en\/wp-json\/wp\/v2\/pages\/2657","targetHints":{"allow":["GET"]}}],"collection":[{"href":"https:\/\/cabinetwaci.com\/en\/wp-json\/wp\/v2\/pages"}],"about":[{"href":"https:\/\/cabinetwaci.com\/en\/wp-json\/wp\/v2\/types\/page"}],"author":[{"embeddable":true,"href":"https:\/\/cabinetwaci.com\/en\/wp-json\/wp\/v2\/users\/1"}],"replies":[{"embeddable":true,"href":"https:\/\/cabinetwaci.com\/en\/wp-json\/wp\/v2\/comments?post=2657"}],"version-history":[{"count":17,"href":"https:\/\/cabinetwaci.com\/en\/wp-json\/wp\/v2\/pages\/2657\/revisions"}],"predecessor-version":[{"id":5384,"href":"https:\/\/cabinetwaci.com\/en\/wp-json\/wp\/v2\/pages\/2657\/revisions\/5384"}],"wp:attachment":[{"href":"https:\/\/cabinetwaci.com\/en\/wp-json\/wp\/v2\/media?parent=2657"}],"curies":[{"name":"wp","href":"https:\/\/api.w.org\/{rel}","templated":true}]}}