{"id":2628,"date":"2022-11-28T12:33:36","date_gmt":"2022-11-28T12:33:36","guid":{"rendered":"https:\/\/cabinetwaci.com\/?page_id=2628"},"modified":"2024-08-13T15:07:27","modified_gmt":"2024-08-13T15:07:27","slug":"honore-sibiri","status":"publish","type":"page","link":"https:\/\/cabinetwaci.com\/en\/honore-sibiri\/","title":{"rendered":"Honor\u00e9 SIBIRI"},"content":{"rendered":"<div data-elementor-type=\"wp-page\" data-elementor-id=\"2628\" class=\"elementor elementor-2628\">\n\t\t\t\t\t\t<section class=\"elementor-section elementor-top-section elementor-element elementor-element-7ee718c9 elementor-section-boxed elementor-section-height-default elementor-section-height-default\" data-id=\"7ee718c9\" data-element_type=\"section\" data-e-type=\"section\">\n\t\t\t\t\t\t<div class=\"elementor-container elementor-column-gap-default\">\n\t\t\t\t\t<div class=\"elementor-column elementor-col-100 elementor-top-column elementor-element elementor-element-58c7dc56\" data-id=\"58c7dc56\" data-element_type=\"column\" data-e-type=\"column\">\n\t\t\t<div class=\"elementor-widget-wrap elementor-element-populated\">\n\t\t\t\t\t\t<div class=\"elementor-element elementor-element-8a81707 elementor-widget elementor-widget-bauen-title\" data-id=\"8a81707\" data-element_type=\"widget\" data-e-type=\"widget\" data-widget_type=\"bauen-title.default\">\n\t\t\t\t<div class=\"elementor-widget-container\">\n\t\t\t\t\t\t\t\n\t\t\t\n\t\t\t\t\t\t<h2 class=\"section-title text-left\">Honor\u00e9 SIBIRI<\/h2>\n\t\t\t\t\n\t\t\t\t\n        \n\t\t\t\n        \t\t\t\t<\/div>\n\t\t\t\t<\/div>\n\t\t\t\t<div class=\"elementor-section elementor-inner-section elementor-element elementor-element-7f82964a elementor-section-boxed elementor-section-height-default elementor-section-height-default\" data-id=\"7f82964a\" data-element_type=\"section\" data-e-type=\"section\">\n\t\t\t\t\t\t<div class=\"elementor-container elementor-column-gap-default\">\n\t\t\t\t\t<div class=\"elementor-column elementor-col-50 elementor-inner-column elementor-element elementor-element-6afe4c96\" data-id=\"6afe4c96\" data-element_type=\"column\" data-e-type=\"column\">\n\t\t\t<div class=\"elementor-widget-wrap elementor-element-populated\">\n\t\t\t\t\t\t<div class=\"elementor-element elementor-element-2117fa5 elementor-widget elementor-widget-image\" data-id=\"2117fa5\" data-element_type=\"widget\" data-e-type=\"widget\" data-widget_type=\"image.default\">\n\t\t\t\t<div class=\"elementor-widget-container\">\n\t\t\t\t\t\t\t\t\t\t\t\t\t\t\t<img fetchpriority=\"high\" decoding=\"async\" width=\"4134\" height=\"3543\" src=\"https:\/\/cabinetwaci.com\/wp-content\/uploads\/2024\/08\/5R8A3538.png\" class=\"attachment-full size-full wp-image-5123\" alt=\"\" srcset=\"https:\/\/cabinetwaci.com\/wp-content\/uploads\/2024\/08\/5R8A3538.png 4134w, https:\/\/cabinetwaci.com\/wp-content\/uploads\/2024\/08\/5R8A3538-300x257.png 300w, https:\/\/cabinetwaci.com\/wp-content\/uploads\/2024\/08\/5R8A3538-1024x878.png 1024w, https:\/\/cabinetwaci.com\/wp-content\/uploads\/2024\/08\/5R8A3538-768x658.png 768w, https:\/\/cabinetwaci.com\/wp-content\/uploads\/2024\/08\/5R8A3538-1536x1316.png 1536w, https:\/\/cabinetwaci.com\/wp-content\/uploads\/2024\/08\/5R8A3538-2048x1755.png 2048w, https:\/\/cabinetwaci.com\/wp-content\/uploads\/2024\/08\/5R8A3538-14x12.png 14w\" sizes=\"(max-width: 4134px) 100vw, 4134px\" \/>\t\t\t\t\t\t\t\t\t\t\t\t\t\t\t<\/div>\n\t\t\t\t<\/div>\n\t\t\t\t\t<\/div>\n\t\t<\/div>\n\t\t\t\t<div class=\"elementor-column elementor-col-50 elementor-inner-column elementor-element elementor-element-f5a3cfb\" data-id=\"f5a3cfb\" data-element_type=\"column\" data-e-type=\"column\">\n\t\t\t<div class=\"elementor-widget-wrap elementor-element-populated\">\n\t\t\t\t\t\t<div class=\"elementor-element elementor-element-e26e524 elementor-widget elementor-widget-text-editor\" data-id=\"e26e524\" data-element_type=\"widget\" data-e-type=\"widget\" data-widget_type=\"text-editor.default\">\n\t\t\t\t<div class=\"elementor-widget-container\">\n\t\t\t\t\t\t\t\t\t<p>Owner of a Higher Technician Certificate in Building Option, Mr. SIBIRI worked at CMTB Sarl as a works manager.<\/p><p>This specialist in subjects related to site coordination, monitoring and control, as well as the preparation of quotes, has been the Site Coordinator within the Firm for five years already.<\/p>\t\t\t\t\t\t\t\t<\/div>\n\t\t\t\t<\/div>\n\t\t\t\t<div class=\"elementor-element elementor-element-0beece3 elementor-widget elementor-widget-spacer\" data-id=\"0beece3\" data-element_type=\"widget\" data-e-type=\"widget\" data-widget_type=\"spacer.default\">\n\t\t\t\t<div class=\"elementor-widget-container\">\n\t\t\t\t\t\t\t<div class=\"elementor-spacer\">\n\t\t\t<div class=\"elementor-spacer-inner\"><\/div>\n\t\t<\/div>\n\t\t\t\t\t\t<\/div>\n\t\t\t\t<\/div>\n\t\t\t\t\t<\/div>\n\t\t<\/div>\n\t\t\t\t\t<\/div>\n\t\t<\/div>\n\t\t\t\t\t<\/div>\n\t\t<\/div>\n\t\t\t\t\t<\/div>\n\t\t<\/section>\n\t\t\t\t<\/div>","protected":false},"excerpt":{"rendered":"<p>Honor\u00e9 SIBIRI Titulaire d\u2019un Brevet de Technicien Sup\u00e9rieur en Option B\u00e2timent, Monsieur SIBIRI a travaill\u00e9 chez CMTB Sarl en tant que conducteur des travaux. Ce sp\u00e9cialiste des sujets li\u00e9s \u00e0 la coordination, le suivi et le contr\u00f4le de chantier, ainsi qu\u2019\u00e0 l\u2019\u00e9laboration des devis est le Coordonnateur des chantiers au sein du Cabinet depuis cinq ann\u00e9es d\u00e9j\u00e0.<\/p>","protected":false},"author":1,"featured_media":0,"parent":0,"menu_order":0,"comment_status":"closed","ping_status":"closed","template":"","meta":{"om_disable_all_campaigns":false,"_monsterinsights_skip_tracking":false,"_monsterinsights_sitenote_active":false,"_monsterinsights_sitenote_note":"","_monsterinsights_sitenote_category":0,"footnotes":"","_links_to":"","_links_to_target":""},"class_list":["post-2628","page","type-page","status-publish","hentry"],"aioseo_notices":[],"_links":{"self":[{"href":"https:\/\/cabinetwaci.com\/en\/wp-json\/wp\/v2\/pages\/2628","targetHints":{"allow":["GET"]}}],"collection":[{"href":"https:\/\/cabinetwaci.com\/en\/wp-json\/wp\/v2\/pages"}],"about":[{"href":"https:\/\/cabinetwaci.com\/en\/wp-json\/wp\/v2\/types\/page"}],"author":[{"embeddable":true,"href":"https:\/\/cabinetwaci.com\/en\/wp-json\/wp\/v2\/users\/1"}],"replies":[{"embeddable":true,"href":"https:\/\/cabinetwaci.com\/en\/wp-json\/wp\/v2\/comments?post=2628"}],"version-history":[{"count":13,"href":"https:\/\/cabinetwaci.com\/en\/wp-json\/wp\/v2\/pages\/2628\/revisions"}],"predecessor-version":[{"id":5580,"href":"https:\/\/cabinetwaci.com\/en\/wp-json\/wp\/v2\/pages\/2628\/revisions\/5580"}],"wp:attachment":[{"href":"https:\/\/cabinetwaci.com\/en\/wp-json\/wp\/v2\/media?parent=2628"}],"curies":[{"name":"wp","href":"https:\/\/api.w.org\/{rel}","templated":true}]}}