{"id":2623,"date":"2022-11-28T12:23:37","date_gmt":"2022-11-28T12:23:37","guid":{"rendered":"https:\/\/cabinetwaci.com\/?page_id=2623"},"modified":"2024-08-13T15:04:35","modified_gmt":"2024-08-13T15:04:35","slug":"abdoul-hassan-traore","status":"publish","type":"page","link":"https:\/\/cabinetwaci.com\/en\/abdoul-hassan-traore\/","title":{"rendered":"Abdoul Hassan TRAORE"},"content":{"rendered":"<div data-elementor-type=\"wp-page\" data-elementor-id=\"2623\" class=\"elementor elementor-2623\">\n\t\t\t\t\t\t<section class=\"elementor-section elementor-top-section elementor-element elementor-element-7ee718c9 elementor-section-boxed elementor-section-height-default elementor-section-height-default\" data-id=\"7ee718c9\" data-element_type=\"section\" data-e-type=\"section\">\n\t\t\t\t\t\t<div class=\"elementor-container elementor-column-gap-default\">\n\t\t\t\t\t<div class=\"elementor-column elementor-col-100 elementor-top-column elementor-element elementor-element-58c7dc56\" data-id=\"58c7dc56\" data-element_type=\"column\" data-e-type=\"column\">\n\t\t\t<div class=\"elementor-widget-wrap elementor-element-populated\">\n\t\t\t\t\t\t<div class=\"elementor-element elementor-element-8a81707 elementor-widget elementor-widget-bauen-title\" data-id=\"8a81707\" data-element_type=\"widget\" data-e-type=\"widget\" data-widget_type=\"bauen-title.default\">\n\t\t\t\t<div class=\"elementor-widget-container\">\n\t\t\t\t\t\t\t\n\t\t\t\n\t\t\t\t\t\t<h2 class=\"section-title text-left\">Abdoul Hassan TRAORE<\/h2>\n\t\t\t\t\n\t\t\t\t\n        \n\t\t\t\n        \t\t\t\t<\/div>\n\t\t\t\t<\/div>\n\t\t\t\t<div class=\"elementor-section elementor-inner-section elementor-element elementor-element-7f82964a elementor-section-boxed elementor-section-height-default elementor-section-height-default\" data-id=\"7f82964a\" data-element_type=\"section\" data-e-type=\"section\">\n\t\t\t\t\t\t<div class=\"elementor-container elementor-column-gap-default\">\n\t\t\t\t\t<div class=\"elementor-column elementor-col-50 elementor-inner-column elementor-element elementor-element-6afe4c96\" data-id=\"6afe4c96\" data-element_type=\"column\" data-e-type=\"column\">\n\t\t\t<div class=\"elementor-widget-wrap elementor-element-populated\">\n\t\t\t\t\t\t<div class=\"elementor-element elementor-element-2117fa5 elementor-widget elementor-widget-image\" data-id=\"2117fa5\" data-element_type=\"widget\" data-e-type=\"widget\" data-widget_type=\"image.default\">\n\t\t\t\t<div class=\"elementor-widget-container\">\n\t\t\t\t\t\t\t\t\t\t\t\t\t\t\t<img fetchpriority=\"high\" decoding=\"async\" width=\"3543\" height=\"3543\" src=\"https:\/\/cabinetwaci.com\/wp-content\/uploads\/2024\/08\/5R8A3531.png\" class=\"attachment-full size-full wp-image-5104\" alt=\"\" srcset=\"https:\/\/cabinetwaci.com\/wp-content\/uploads\/2024\/08\/5R8A3531.png 3543w, https:\/\/cabinetwaci.com\/wp-content\/uploads\/2024\/08\/5R8A3531-300x300.png 300w, https:\/\/cabinetwaci.com\/wp-content\/uploads\/2024\/08\/5R8A3531-1024x1024.png 1024w, https:\/\/cabinetwaci.com\/wp-content\/uploads\/2024\/08\/5R8A3531-150x150.png 150w, https:\/\/cabinetwaci.com\/wp-content\/uploads\/2024\/08\/5R8A3531-768x768.png 768w, https:\/\/cabinetwaci.com\/wp-content\/uploads\/2024\/08\/5R8A3531-1536x1536.png 1536w, https:\/\/cabinetwaci.com\/wp-content\/uploads\/2024\/08\/5R8A3531-2048x2048.png 2048w, https:\/\/cabinetwaci.com\/wp-content\/uploads\/2024\/08\/5R8A3531-12x12.png 12w\" sizes=\"(max-width: 3543px) 100vw, 3543px\" \/>\t\t\t\t\t\t\t\t\t\t\t\t\t\t\t<\/div>\n\t\t\t\t<\/div>\n\t\t\t\t\t<\/div>\n\t\t<\/div>\n\t\t\t\t<div class=\"elementor-column elementor-col-50 elementor-inner-column elementor-element elementor-element-f5a3cfb\" data-id=\"f5a3cfb\" data-element_type=\"column\" data-e-type=\"column\">\n\t\t\t<div class=\"elementor-widget-wrap elementor-element-populated\">\n\t\t\t\t\t\t<div class=\"elementor-element elementor-element-e26e524 elementor-widget elementor-widget-text-editor\" data-id=\"e26e524\" data-element_type=\"widget\" data-e-type=\"widget\" data-widget_type=\"text-editor.default\">\n\t\t\t\t<div class=\"elementor-widget-container\">\n\t\t\t\t\t\t\t\t\t<p>Hassan Traor\u00e9 est un professionnel accompli dans le domaine de l&#8217;ing\u00e9nierie et de la gestion de projets, actuellement en poste chez World Architecture C\u00f4te d&#8217;Ivoire. Son r\u00f4le cl\u00e9 consiste \u00e0 diriger et coordonner l&#8217;ensemble des activit\u00e9s techniques et op\u00e9rationnelles des projets de construction, allant de la conception \u00e0 la livraison. Gr\u00e2ce \u00e0 son expertise, il assure la r\u00e9alisation des calculs de structures en b\u00e9ton, ainsi que la cr\u00e9ation de plans d&#8217;ex\u00e9cution pour une large gamme de projets, incluant des immeubles r\u00e9sidentiels et commerciaux, des bureaux et des espaces publics.<\/p><p>Reconnu pour son approche m\u00e9thodique, il excelle dans l&#8217;\u00e9laboration de plannings strat\u00e9giques, englobant les aspects administratifs, techniques et budg\u00e9taires. Il veille \u00e0 ce que chaque projet respecte les objectifs fix\u00e9s en mati\u00e8re de d\u00e9lais et de co\u00fbts, tout en garantissant une qualit\u00e9 d&#8217;ex\u00e9cution optimale. Son engagement et son savoir-faire se refl\u00e8tent dans les nombreux projets r\u00e9ussis sous sa supervision, qui vont de la construction d&#8217;immeubles, \u00e0 la r\u00e9alisation d&#8217;agences bancaires et de villas de prestige.<\/p><p>Avec une vision technique claire et une capacit\u00e9 \u00e0 mener des \u00e9quipes vers l&#8217;excellence, il continue d&#8217;apporter une valeur ajout\u00e9e significative aux projets de construction en C\u00f4te d&#8217;Ivoire, faisant de lui un leader respect\u00e9.<\/p>\t\t\t\t\t\t\t\t<\/div>\n\t\t\t\t<\/div>\n\t\t\t\t<div class=\"elementor-element elementor-element-0beece3 elementor-widget elementor-widget-spacer\" data-id=\"0beece3\" data-element_type=\"widget\" data-e-type=\"widget\" data-widget_type=\"spacer.default\">\n\t\t\t\t<div class=\"elementor-widget-container\">\n\t\t\t\t\t\t\t<div class=\"elementor-spacer\">\n\t\t\t<div class=\"elementor-spacer-inner\"><\/div>\n\t\t<\/div>\n\t\t\t\t\t\t<\/div>\n\t\t\t\t<\/div>\n\t\t\t\t\t<\/div>\n\t\t<\/div>\n\t\t\t\t\t<\/div>\n\t\t<\/div>\n\t\t\t\t\t<\/div>\n\t\t<\/div>\n\t\t\t\t\t<\/div>\n\t\t<\/section>\n\t\t\t\t<\/div>","protected":false},"excerpt":{"rendered":"<p>Abdoul Hassan TRAORE Hassan Traor\u00e9 est un professionnel accompli dans le domaine de l&#8217;ing\u00e9nierie et de la gestion de projets, actuellement en poste chez World Architecture C\u00f4te d&#8217;Ivoire. Son r\u00f4le cl\u00e9 consiste \u00e0 diriger et coordonner l&#8217;ensemble des activit\u00e9s techniques et op\u00e9rationnelles des projets de construction, allant de la conception \u00e0 la livraison. Gr\u00e2ce \u00e0 son expertise, il assure la&#8230;<\/p>","protected":false},"author":1,"featured_media":0,"parent":0,"menu_order":0,"comment_status":"closed","ping_status":"closed","template":"","meta":{"om_disable_all_campaigns":false,"_monsterinsights_skip_tracking":false,"_monsterinsights_sitenote_active":false,"_monsterinsights_sitenote_note":"","_monsterinsights_sitenote_category":0,"footnotes":"","_links_to":"","_links_to_target":""},"class_list":["post-2623","page","type-page","status-publish","hentry"],"aioseo_notices":[],"_links":{"self":[{"href":"https:\/\/cabinetwaci.com\/en\/wp-json\/wp\/v2\/pages\/2623","targetHints":{"allow":["GET"]}}],"collection":[{"href":"https:\/\/cabinetwaci.com\/en\/wp-json\/wp\/v2\/pages"}],"about":[{"href":"https:\/\/cabinetwaci.com\/en\/wp-json\/wp\/v2\/types\/page"}],"author":[{"embeddable":true,"href":"https:\/\/cabinetwaci.com\/en\/wp-json\/wp\/v2\/users\/1"}],"replies":[{"embeddable":true,"href":"https:\/\/cabinetwaci.com\/en\/wp-json\/wp\/v2\/comments?post=2623"}],"version-history":[{"count":21,"href":"https:\/\/cabinetwaci.com\/en\/wp-json\/wp\/v2\/pages\/2623\/revisions"}],"predecessor-version":[{"id":5300,"href":"https:\/\/cabinetwaci.com\/en\/wp-json\/wp\/v2\/pages\/2623\/revisions\/5300"}],"wp:attachment":[{"href":"https:\/\/cabinetwaci.com\/en\/wp-json\/wp\/v2\/media?parent=2623"}],"curies":[{"name":"wp","href":"https:\/\/api.w.org\/{rel}","templated":true}]}}