{"id":2604,"date":"2022-11-28T12:15:47","date_gmt":"2022-11-28T12:15:47","guid":{"rendered":"https:\/\/cabinetwaci.com\/?page_id=2604"},"modified":"2024-08-20T10:21:44","modified_gmt":"2024-08-20T10:21:44","slug":"anoh-stephane-cisse","status":"publish","type":"page","link":"https:\/\/cabinetwaci.com\/en\/anoh-stephane-cisse\/","title":{"rendered":"Anoh St\u00e9phane CISSE"},"content":{"rendered":"<div data-elementor-type=\"wp-page\" data-elementor-id=\"2604\" class=\"elementor elementor-2604\">\n\t\t\t\t\t\t<section class=\"elementor-section elementor-top-section elementor-element elementor-element-7ee718c9 elementor-section-boxed elementor-section-height-default elementor-section-height-default\" data-id=\"7ee718c9\" data-element_type=\"section\" data-e-type=\"section\">\n\t\t\t\t\t\t<div class=\"elementor-container elementor-column-gap-default\">\n\t\t\t\t\t<div class=\"elementor-column elementor-col-100 elementor-top-column elementor-element elementor-element-58c7dc56\" data-id=\"58c7dc56\" data-element_type=\"column\" data-e-type=\"column\">\n\t\t\t<div class=\"elementor-widget-wrap elementor-element-populated\">\n\t\t\t\t\t\t<div class=\"elementor-element elementor-element-8a81707 elementor-widget elementor-widget-bauen-title\" data-id=\"8a81707\" data-element_type=\"widget\" data-e-type=\"widget\" data-widget_type=\"bauen-title.default\">\n\t\t\t\t<div class=\"elementor-widget-container\">\n\t\t\t\t\t\t\t\n\t\t\t\n\t\t\t\t\t\t<h2 class=\"section-title text-left\">Anoh St\u00e9phane CISS\u00c9 <\/h2>\n\t\t\t\t\n\t\t\t\t\n        \n\t\t\t\n        \t\t\t\t<\/div>\n\t\t\t\t<\/div>\n\t\t\t\t<div class=\"elementor-section elementor-inner-section elementor-element elementor-element-7f82964a elementor-section-boxed elementor-section-height-default elementor-section-height-default\" data-id=\"7f82964a\" data-element_type=\"section\" data-e-type=\"section\">\n\t\t\t\t\t\t<div class=\"elementor-container elementor-column-gap-default\">\n\t\t\t\t\t<div class=\"elementor-column elementor-col-50 elementor-inner-column elementor-element elementor-element-6afe4c96\" data-id=\"6afe4c96\" data-element_type=\"column\" data-e-type=\"column\">\n\t\t\t<div class=\"elementor-widget-wrap elementor-element-populated\">\n\t\t\t\t\t\t<div class=\"elementor-element elementor-element-2117fa5 elementor-widget elementor-widget-image\" data-id=\"2117fa5\" data-element_type=\"widget\" data-e-type=\"widget\" data-widget_type=\"image.default\">\n\t\t\t\t<div class=\"elementor-widget-container\">\n\t\t\t\t\t\t\t\t\t\t\t\t\t\t\t<img fetchpriority=\"high\" decoding=\"async\" width=\"2560\" height=\"1707\" src=\"https:\/\/cabinetwaci.com\/wp-content\/uploads\/2024\/08\/1000436947-scaled.jpg\" class=\"attachment-full size-full wp-image-5567\" alt=\"\" srcset=\"https:\/\/cabinetwaci.com\/wp-content\/uploads\/2024\/08\/1000436947-scaled.jpg 2560w, https:\/\/cabinetwaci.com\/wp-content\/uploads\/2024\/08\/1000436947-300x200.jpg 300w, https:\/\/cabinetwaci.com\/wp-content\/uploads\/2024\/08\/1000436947-1024x683.jpg 1024w, https:\/\/cabinetwaci.com\/wp-content\/uploads\/2024\/08\/1000436947-768x512.jpg 768w, https:\/\/cabinetwaci.com\/wp-content\/uploads\/2024\/08\/1000436947-1536x1024.jpg 1536w, https:\/\/cabinetwaci.com\/wp-content\/uploads\/2024\/08\/1000436947-2048x1365.jpg 2048w, https:\/\/cabinetwaci.com\/wp-content\/uploads\/2024\/08\/1000436947-18x12.jpg 18w\" sizes=\"(max-width: 2560px) 100vw, 2560px\" \/>\t\t\t\t\t\t\t\t\t\t\t\t\t\t\t<\/div>\n\t\t\t\t<\/div>\n\t\t\t\t\t<\/div>\n\t\t<\/div>\n\t\t\t\t<div class=\"elementor-column elementor-col-50 elementor-inner-column elementor-element elementor-element-f5a3cfb\" data-id=\"f5a3cfb\" data-element_type=\"column\" data-e-type=\"column\">\n\t\t\t<div class=\"elementor-widget-wrap elementor-element-populated\">\n\t\t\t\t\t\t<div class=\"elementor-element elementor-element-e26e524 elementor-widget elementor-widget-text-editor\" data-id=\"e26e524\" data-element_type=\"widget\" data-e-type=\"widget\" data-widget_type=\"text-editor.default\">\n\t\t\t\t<div class=\"elementor-widget-container\">\n\t\t\t\t\t\t\t\t\t<p>Graduated with a Master degree in Architecture and Urbanism (DEIAU) from the African School of Architecture and Urbanism in Lom\u00e9, St\u00e9phane CISSE is the General Director of World Architecture C\u00f4te d\u2019Ivoire (WACI).<\/p><p>Passionn\u00e9 par l&#8217;histoire de l&#8217;art et profond\u00e9ment attach\u00e9 au patrimoine culturel et historique de l&#8217;Afrique, St\u00e9phane CISSE a fond\u00e9 son propre cabinet, WACI, en 2015. Sa pratique se distingue par une approche personnelle de l&#8217;architecture, alliant une technicit\u00e9 rigoureuse, une transversalit\u00e9 disciplinaire, et un regard innovant sur les diff\u00e9rents programmes et commandes.<\/p><p>Befor WACI\u2019s creation, St\u00e9phane CISSE gained a rich international experience working with several prestigious agencies: Architecture Concept AIC in Ouagadougou (Burkina Faso), Architecture et Climat A&amp;C in Dakar (Senegal), Fusion Architecture Urban in Abidjan, and Archibat Sarl in Congo-Brazzaville.<\/p><p>Engag\u00e9 en faveur d&#8217;une architecture durable et responsable, St\u00e9phane CISSE s&#8217;investit dans des projets qui r\u00e9pondent aux d\u00e9fis \u00e9conomiques et sociaux actuels. Il aspire \u00e0 r\u00e9aliser des projets structurants et embl\u00e9matiques pour la C\u00f4te d&#8217;Ivoire et la sous-r\u00e9gion.<\/p><p>As a staunch advocate for knowledge transfer and mentorship, Mr. CISSE leads the monthly discussion forum \"Archi Ap\u00e9ro\" at the Maison de l\u2019Architecture in Abidjan. He also moderated a panel at the Abidjan Architecture and Building Fair, ARCHIBAT 2023, on the theme \"Architecture and Smart Cities: The Role of Industry Professionals.\"<\/p><p>In addition to his numerous certifications in building hygiene, safety, and environmental management, St\u00e9phane CISSE holds the Advanced Management Program (PMD) from MDE Business School, which has enabled him to develop a comprehensive business perspective and enhance his leadership skills.<\/p><p>St\u00e9phane CISSE Anoh is also a member of the Order of Architects of C\u00f4te d\u2019Ivoire.<\/p>\t\t\t\t\t\t\t\t<\/div>\n\t\t\t\t<\/div>\n\t\t\t\t<div class=\"elementor-element elementor-element-0beece3 elementor-widget elementor-widget-spacer\" data-id=\"0beece3\" data-element_type=\"widget\" data-e-type=\"widget\" data-widget_type=\"spacer.default\">\n\t\t\t\t<div class=\"elementor-widget-container\">\n\t\t\t\t\t\t\t<div class=\"elementor-spacer\">\n\t\t\t<div class=\"elementor-spacer-inner\"><\/div>\n\t\t<\/div>\n\t\t\t\t\t\t<\/div>\n\t\t\t\t<\/div>\n\t\t\t\t\t<\/div>\n\t\t<\/div>\n\t\t\t\t\t<\/div>\n\t\t<\/div>\n\t\t\t\t\t<\/div>\n\t\t<\/div>\n\t\t\t\t\t<\/div>\n\t\t<\/section>\n\t\t\t\t<\/div>","protected":false},"excerpt":{"rendered":"<p>Anoh St\u00e9phane CISS\u00c9 Dipl\u00f4m\u00e9 d\u2019un Master II en Architecture et Urbanisme (DEIAU) de l\u2019\u00c9cole Africaine des M\u00e9tiers de l\u2019Architecture et de l\u2019Urbanisme de Lom\u00e9, St\u00e9phane CISSE Anoh est le Directeur G\u00e9n\u00e9ral de World Architecture C\u00f4te d\u2019Ivoire (WACI). Passionn\u00e9 par l&#8217;histoire de l&#8217;art et profond\u00e9ment attach\u00e9 au patrimoine culturel et historique de l&#8217;Afrique, St\u00e9phane CISSE a fond\u00e9 son propre cabinet, WACI,&#8230;<\/p>","protected":false},"author":1,"featured_media":0,"parent":0,"menu_order":0,"comment_status":"closed","ping_status":"closed","template":"","meta":{"om_disable_all_campaigns":false,"_monsterinsights_skip_tracking":false,"_monsterinsights_sitenote_active":false,"_monsterinsights_sitenote_note":"","_monsterinsights_sitenote_category":0,"footnotes":"","_links_to":"","_links_to_target":""},"class_list":["post-2604","page","type-page","status-publish","hentry"],"aioseo_notices":[],"_links":{"self":[{"href":"https:\/\/cabinetwaci.com\/en\/wp-json\/wp\/v2\/pages\/2604","targetHints":{"allow":["GET"]}}],"collection":[{"href":"https:\/\/cabinetwaci.com\/en\/wp-json\/wp\/v2\/pages"}],"about":[{"href":"https:\/\/cabinetwaci.com\/en\/wp-json\/wp\/v2\/types\/page"}],"author":[{"embeddable":true,"href":"https:\/\/cabinetwaci.com\/en\/wp-json\/wp\/v2\/users\/1"}],"replies":[{"embeddable":true,"href":"https:\/\/cabinetwaci.com\/en\/wp-json\/wp\/v2\/comments?post=2604"}],"version-history":[{"count":20,"href":"https:\/\/cabinetwaci.com\/en\/wp-json\/wp\/v2\/pages\/2604\/revisions"}],"predecessor-version":[{"id":5678,"href":"https:\/\/cabinetwaci.com\/en\/wp-json\/wp\/v2\/pages\/2604\/revisions\/5678"}],"wp:attachment":[{"href":"https:\/\/cabinetwaci.com\/en\/wp-json\/wp\/v2\/media?parent=2604"}],"curies":[{"name":"wp","href":"https:\/\/api.w.org\/{rel}","templated":true}]}}