{"id":2567,"date":"2022-11-23T16:38:37","date_gmt":"2022-11-23T16:38:37","guid":{"rendered":"https:\/\/cabinetwaci.com\/?page_id=2567"},"modified":"2024-08-13T18:29:19","modified_gmt":"2024-08-13T18:29:19","slug":"mariam-som","status":"publish","type":"page","link":"https:\/\/cabinetwaci.com\/en\/mariam-som\/","title":{"rendered":"Mariam SOM"},"content":{"rendered":"<div data-elementor-type=\"wp-page\" data-elementor-id=\"2567\" class=\"elementor elementor-2567\">\n\t\t\t\t\t\t<section class=\"elementor-section elementor-top-section elementor-element elementor-element-7ee718c9 elementor-section-boxed elementor-section-height-default elementor-section-height-default\" data-id=\"7ee718c9\" data-element_type=\"section\" data-e-type=\"section\">\n\t\t\t\t\t\t<div class=\"elementor-container elementor-column-gap-default\">\n\t\t\t\t\t<div class=\"elementor-column elementor-col-100 elementor-top-column elementor-element elementor-element-58c7dc56\" data-id=\"58c7dc56\" data-element_type=\"column\" data-e-type=\"column\">\n\t\t\t<div class=\"elementor-widget-wrap elementor-element-populated\">\n\t\t\t\t\t\t<div class=\"elementor-element elementor-element-8a81707 elementor-widget elementor-widget-bauen-title\" data-id=\"8a81707\" data-element_type=\"widget\" data-e-type=\"widget\" data-widget_type=\"bauen-title.default\">\n\t\t\t\t<div class=\"elementor-widget-container\">\n\t\t\t\t\t\t\t\n\t\t\t\n\t\t\t\t\t\t<h2 class=\"section-title text-left\">Mariam SOM<\/h2>\n\t\t\t\t\n\t\t\t\t\n        \n\t\t\t\n        \t\t\t\t<\/div>\n\t\t\t\t<\/div>\n\t\t\t\t<div class=\"elementor-section elementor-inner-section elementor-element elementor-element-7f82964a elementor-section-boxed elementor-section-height-default elementor-section-height-default\" data-id=\"7f82964a\" data-element_type=\"section\" data-e-type=\"section\">\n\t\t\t\t\t\t<div class=\"elementor-container elementor-column-gap-default\">\n\t\t\t\t\t<div class=\"elementor-column elementor-col-50 elementor-inner-column elementor-element elementor-element-6afe4c96\" data-id=\"6afe4c96\" data-element_type=\"column\" data-e-type=\"column\">\n\t\t\t<div class=\"elementor-widget-wrap elementor-element-populated\">\n\t\t\t\t\t\t<div class=\"elementor-element elementor-element-2117fa5 elementor-widget elementor-widget-image\" data-id=\"2117fa5\" data-element_type=\"widget\" data-e-type=\"widget\" data-widget_type=\"image.default\">\n\t\t\t\t<div class=\"elementor-widget-container\">\n\t\t\t\t\t\t\t\t\t\t\t\t\t\t\t<img fetchpriority=\"high\" decoding=\"async\" width=\"3543\" height=\"3543\" src=\"https:\/\/cabinetwaci.com\/wp-content\/uploads\/2024\/08\/5R8A3618.png\" class=\"attachment-full size-full wp-image-5181\" alt=\"\" srcset=\"https:\/\/cabinetwaci.com\/wp-content\/uploads\/2024\/08\/5R8A3618.png 3543w, https:\/\/cabinetwaci.com\/wp-content\/uploads\/2024\/08\/5R8A3618-300x300.png 300w, https:\/\/cabinetwaci.com\/wp-content\/uploads\/2024\/08\/5R8A3618-1024x1024.png 1024w, https:\/\/cabinetwaci.com\/wp-content\/uploads\/2024\/08\/5R8A3618-150x150.png 150w, https:\/\/cabinetwaci.com\/wp-content\/uploads\/2024\/08\/5R8A3618-768x768.png 768w, https:\/\/cabinetwaci.com\/wp-content\/uploads\/2024\/08\/5R8A3618-1536x1536.png 1536w, https:\/\/cabinetwaci.com\/wp-content\/uploads\/2024\/08\/5R8A3618-2048x2048.png 2048w, https:\/\/cabinetwaci.com\/wp-content\/uploads\/2024\/08\/5R8A3618-12x12.png 12w\" sizes=\"(max-width: 3543px) 100vw, 3543px\" \/>\t\t\t\t\t\t\t\t\t\t\t\t\t\t\t<\/div>\n\t\t\t\t<\/div>\n\t\t\t\t\t<\/div>\n\t\t<\/div>\n\t\t\t\t<div class=\"elementor-column elementor-col-50 elementor-inner-column elementor-element elementor-element-f5a3cfb\" data-id=\"f5a3cfb\" data-element_type=\"column\" data-e-type=\"column\">\n\t\t\t<div class=\"elementor-widget-wrap elementor-element-populated\">\n\t\t\t\t\t\t<div class=\"elementor-element elementor-element-e26e524 elementor-widget elementor-widget-text-editor\" data-id=\"e26e524\" data-element_type=\"widget\" data-e-type=\"widget\" data-widget_type=\"text-editor.default\">\n\t\t\t\t<div class=\"elementor-widget-container\">\n\t\t\t\t\t\t\t\t\t<p>Owner of a Professional Bachelor's degree in Civil Engineering, Mariam is a true product of the firm, having joined it right after graduation in February 2022.<\/p><p>Au poste de Technicienne sup\u00e9rieur, ses missions au quotidien sont ax\u00e9es sur l&#8217;ex\u00e9cution des dessins de structures (plans b\u00e9ton), des plans techniques et architecturaux, des visites et r\u00e9unions de chantiers avec ses sup\u00e9rieurs, et la r\u00e9alisation de DQE.<\/p><p>This perfectionist, who was still an intern in August 2023, was awarded \"Employee of the Month\" by the General Director, embodying Corneille's saying, \"To noble souls, worth does not wait for the number of years.\"\u00a0<em>Aux \u00e2mes bien n\u00e9es,\u00a0la valeur n&#8217;attend point le nombre\u00a0des ann\u00e9es<\/em>\u00a0\u00bb.<\/p><p>Daily, this vibrant individual is passionate about travel and tourist sites, police or medical series, as well as cooking arts.<\/p>\t\t\t\t\t\t\t\t<\/div>\n\t\t\t\t<\/div>\n\t\t\t\t<div class=\"elementor-element elementor-element-0beece3 elementor-widget elementor-widget-spacer\" data-id=\"0beece3\" data-element_type=\"widget\" data-e-type=\"widget\" data-widget_type=\"spacer.default\">\n\t\t\t\t<div class=\"elementor-widget-container\">\n\t\t\t\t\t\t\t<div class=\"elementor-spacer\">\n\t\t\t<div class=\"elementor-spacer-inner\"><\/div>\n\t\t<\/div>\n\t\t\t\t\t\t<\/div>\n\t\t\t\t<\/div>\n\t\t\t\t\t<\/div>\n\t\t<\/div>\n\t\t\t\t\t<\/div>\n\t\t<\/div>\n\t\t\t\t\t<\/div>\n\t\t<\/div>\n\t\t\t\t\t<\/div>\n\t\t<\/section>\n\t\t\t\t<\/div>","protected":false},"excerpt":{"rendered":"<p>Mariam SOM Titulaire d\u2019une Licence Pro en G\u00e9nie civil, Mariam est un pur Produit du Cabinet qu\u2019elle a int\u00e9gr\u00e9 d\u00e8s sa sortie d\u2019\u00e9cole en F\u00e9vrier 2022. Au poste de Technicienne sup\u00e9rieur, ses missions au quotidien sont ax\u00e9es sur l&#8217;ex\u00e9cution des dessins de structures (plans b\u00e9ton), des plans techniques et architecturaux, des visites et r\u00e9unions de chantiers avec ses sup\u00e9rieurs, et&#8230;<\/p>","protected":false},"author":1,"featured_media":0,"parent":0,"menu_order":0,"comment_status":"closed","ping_status":"closed","template":"","meta":{"om_disable_all_campaigns":false,"_monsterinsights_skip_tracking":false,"_monsterinsights_sitenote_active":false,"_monsterinsights_sitenote_note":"","_monsterinsights_sitenote_category":0,"footnotes":"","_links_to":"","_links_to_target":""},"class_list":["post-2567","page","type-page","status-publish","hentry"],"aioseo_notices":[],"_links":{"self":[{"href":"https:\/\/cabinetwaci.com\/en\/wp-json\/wp\/v2\/pages\/2567","targetHints":{"allow":["GET"]}}],"collection":[{"href":"https:\/\/cabinetwaci.com\/en\/wp-json\/wp\/v2\/pages"}],"about":[{"href":"https:\/\/cabinetwaci.com\/en\/wp-json\/wp\/v2\/types\/page"}],"author":[{"embeddable":true,"href":"https:\/\/cabinetwaci.com\/en\/wp-json\/wp\/v2\/users\/1"}],"replies":[{"embeddable":true,"href":"https:\/\/cabinetwaci.com\/en\/wp-json\/wp\/v2\/comments?post=2567"}],"version-history":[{"count":25,"href":"https:\/\/cabinetwaci.com\/en\/wp-json\/wp\/v2\/pages\/2567\/revisions"}],"predecessor-version":[{"id":5523,"href":"https:\/\/cabinetwaci.com\/en\/wp-json\/wp\/v2\/pages\/2567\/revisions\/5523"}],"wp:attachment":[{"href":"https:\/\/cabinetwaci.com\/en\/wp-json\/wp\/v2\/media?parent=2567"}],"curies":[{"name":"wp","href":"https:\/\/api.w.org\/{rel}","templated":true}]}}