{"id":227,"date":"2021-09-25T14:49:40","date_gmt":"2021-09-25T14:49:40","guid":{"rendered":"https:\/\/webredox.net\/demo\/wp\/bauen\/light\/multi\/demo1\/?page_id=9"},"modified":"2026-04-13T09:36:57","modified_gmt":"2026-04-13T09:36:57","slug":"home","status":"publish","type":"page","link":"https:\/\/cabinetwaci.com\/en\/","title":{"rendered":"Home"},"content":{"rendered":"<div data-elementor-type=\"wp-page\" data-elementor-id=\"227\" class=\"elementor elementor-227\">\n\t\t\t\t\t\t<section class=\"elementor-section elementor-top-section elementor-element elementor-element-8c24960 elementor-section-full_width elementor-section-height-default elementor-section-height-default\" data-id=\"8c24960\" data-element_type=\"section\" data-e-type=\"section\">\n\t\t\t\t\t\t<div class=\"elementor-container elementor-column-gap-default\">\n\t\t\t\t\t<div class=\"elementor-column elementor-col-100 elementor-top-column elementor-element elementor-element-5b341b8\" data-id=\"5b341b8\" data-element_type=\"column\" data-e-type=\"column\">\n\t\t\t<div class=\"elementor-widget-wrap elementor-element-populated\">\n\t\t\t\t\t\t<div class=\"elementor-section elementor-inner-section elementor-element elementor-element-4f2ab93 elementor-section-boxed elementor-section-height-default elementor-section-height-default\" data-id=\"4f2ab93\" data-element_type=\"section\" data-e-type=\"section\">\n\t\t\t\t\t\t<div class=\"elementor-container elementor-column-gap-default\">\n\t\t\t\t\t<div class=\"elementor-column elementor-col-100 elementor-inner-column elementor-element elementor-element-0734642\" data-id=\"0734642\" data-element_type=\"column\" data-e-type=\"column\">\n\t\t\t<div class=\"elementor-widget-wrap elementor-element-populated\">\n\t\t\t\t\t\t<div class=\"elementor-element elementor-element-a9bb4a6 elementor-widget elementor-widget-spacer\" data-id=\"a9bb4a6\" data-element_type=\"widget\" data-e-type=\"widget\" data-widget_type=\"spacer.default\">\n\t\t\t\t<div class=\"elementor-widget-container\">\n\t\t\t\t\t\t\t<div class=\"elementor-spacer\">\n\t\t\t<div class=\"elementor-spacer-inner\"><\/div>\n\t\t<\/div>\n\t\t\t\t\t\t<\/div>\n\t\t\t\t<\/div>\n\t\t\t\t<div class=\"elementor-element elementor-element-7719a28 elementor-widget elementor-widget-bauen-title\" data-id=\"7719a28\" data-element_type=\"widget\" data-e-type=\"widget\" data-widget_type=\"bauen-title.default\">\n\t\t\t\t<div class=\"elementor-widget-container\">\n\t\t\t\t\t\t\t\n\t\t\t\n\t\t\t\t\t\t<h2 class=\"section-title text-left\">OUR ACTIVITIES <span class=\"text-color-red\">AREA<\/span><\/h2>\n\t\t\t\t\n\t\t\t\t\n        \n\t\t\t\n        \t\t\t\t<\/div>\n\t\t\t\t<\/div>\n\t\t\t\t\t<\/div>\n\t\t<\/div>\n\t\t\t\t\t<\/div>\n\t\t<\/div>\n\t\t\t\t<div class=\"elementor-section elementor-inner-section elementor-element elementor-element-c8e0256 elementor-section-boxed elementor-section-height-default elementor-section-height-default\" data-id=\"c8e0256\" data-element_type=\"section\" data-e-type=\"section\">\n\t\t\t\t\t\t<div class=\"elementor-container elementor-column-gap-default\">\n\t\t\t\t\t<div class=\"elementor-column elementor-col-33 elementor-inner-column elementor-element elementor-element-6539b6b\" data-id=\"6539b6b\" data-element_type=\"column\" data-e-type=\"column\">\n\t\t\t<div class=\"elementor-widget-wrap elementor-element-populated\">\n\t\t\t\t\t\t<div class=\"elementor-element elementor-element-d797f1e elementor-widget elementor-widget-bauen-services\" data-id=\"d797f1e\" data-element_type=\"widget\" data-e-type=\"widget\" data-widget_type=\"bauen-services.default\">\n\t\t\t\t<div class=\"elementor-widget-container\">\n\t\t\t\t\t\n\t\t<div class=\"sec-services services\">\t\t\n\t\t\t<div class=\"item\">\n\t\t\t    \t\t\t\t<a href=\"https:\/\/cabinetwaci.com\/en\/architecture\/\" target=\"_self\" rel=\"noopener noreferrer\">\n\t\t\t\t\t\n                    \t\t\t\t\t    <img decoding=\"async\" src=\"https:\/\/cabinetwaci.com\/wp-content\/uploads\/2022\/09\/icon-1.png\" alt=\"\"> \n\t\t\t\t\t\t\n\t\t\t\t\t\t\t\t\t\t<h5>Architecture<\/h5>\n\t\t\t\t\t\t\n\t\t\t\t\t<div class=\"line\"><\/div>\n\t\t\t\t\t\t\t\t\t\t<p>WACI designs and monitors all types of operations, new or restructuring, across all sectors of activity: Offices, Hotels, Housing, Shops and Public Facilities.<\/p>\t\t\t\t\t\t\n\t\t\t\t\t\t\t\t\t\t<div class=\"numb\">01<\/div>\n\t\t\t\t\t\t\t\t\t\t\n\t\t\t\t\t\t\t\t<\/a>\n\t\t\t\t\t\n\t\t\t<\/div>\t\n\t\t<\/div>\t\t\n\n        \t\t\t\t<\/div>\n\t\t\t\t<\/div>\n\t\t\t\t\t<\/div>\n\t\t<\/div>\n\t\t\t\t<div class=\"elementor-column elementor-col-33 elementor-inner-column elementor-element elementor-element-1c7375d\" data-id=\"1c7375d\" data-element_type=\"column\" data-e-type=\"column\">\n\t\t\t<div class=\"elementor-widget-wrap elementor-element-populated\">\n\t\t\t\t\t\t<div class=\"elementor-element elementor-element-b7fd451 elementor-widget elementor-widget-bauen-services\" data-id=\"b7fd451\" data-element_type=\"widget\" data-e-type=\"widget\" data-widget_type=\"bauen-services.default\">\n\t\t\t\t<div class=\"elementor-widget-container\">\n\t\t\t\t\t\n\t\t<div class=\"sec-services services\">\t\t\n\t\t\t<div class=\"item\">\n\t\t\t    \t\t\t\t<a href=\"https:\/\/cabinetwaci.com\/en\/design-dinterieur\/\" target=\"_self\" rel=\"noopener noreferrer\">\n\t\t\t\t\t\n                    \t\t\t\t\t    <img decoding=\"async\" src=\"https:\/\/cabinetwaci.com\/wp-content\/uploads\/2022\/09\/icon-2.png\" alt=\"\"> \n\t\t\t\t\t\t\n\t\t\t\t\t\t\t\t\t\t<h5>Interior Design<\/h5>\n\t\t\t\t\t\t\n\t\t\t\t\t<div class=\"line\"><\/div>\n\t\t\t\t\t\t\t\t\t\t<p>We bring you our expertise and our sensitivity in terms of decoration in order to choose and combine colors, patterns, materials, textiles, but also to harmonize the furniture and accessories<\/p>\t\t\t\t\t\t\n\t\t\t\t\t\t\t\t\t\t<div class=\"numb\">02<\/div>\n\t\t\t\t\t\t\t\t\t\t\n\t\t\t\t\t\t\t\t<\/a>\n\t\t\t\t\t\n\t\t\t<\/div>\t\n\t\t<\/div>\t\t\n\n        \t\t\t\t<\/div>\n\t\t\t\t<\/div>\n\t\t\t\t\t<\/div>\n\t\t<\/div>\n\t\t\t\t<div class=\"elementor-column elementor-col-33 elementor-inner-column elementor-element elementor-element-9c8b21b\" data-id=\"9c8b21b\" data-element_type=\"column\" data-e-type=\"column\">\n\t\t\t<div class=\"elementor-widget-wrap elementor-element-populated\">\n\t\t\t\t\t\t<div class=\"elementor-element elementor-element-640915a elementor-widget elementor-widget-bauen-services\" data-id=\"640915a\" data-element_type=\"widget\" data-e-type=\"widget\" data-widget_type=\"bauen-services.default\">\n\t\t\t\t<div class=\"elementor-widget-container\">\n\t\t\t\t\t\n\t\t<div class=\"sec-services services\">\t\t\n\t\t\t<div class=\"item\">\n\t\t\t    \t\t\t\t<a href=\"https:\/\/cabinetwaci.com\/en\/urbanisme\/\" target=\"_self\" rel=\"noopener noreferrer\">\n\t\t\t\t\t\n                    \t\t\t\t\t    <img decoding=\"async\" src=\"https:\/\/cabinetwaci.com\/wp-content\/uploads\/2022\/09\/icon-3.png\" alt=\"\"> \n\t\t\t\t\t\t\n\t\t\t\t\t\t\t\t\t\t<h5>Urban Development<\/h5>\n\t\t\t\t\t\t\n\t\t\t\t\t<div class=\"line\"><\/div>\n\t\t\t\t\t\t\t\t\t\t<p>Urban and architectural practices are closely linked in the definition of the space and territory of the city. Our practice never separates them as we never separate the plan and the cut.<\/p>\t\t\t\t\t\t\n\t\t\t\t\t\t\t\t\t\t<div class=\"numb\">03<\/div>\n\t\t\t\t\t\t\t\t\t\t\n\t\t\t\t\t\t\t\t<\/a>\n\t\t\t\t\t\n\t\t\t<\/div>\t\n\t\t<\/div>\t\t\n\n        \t\t\t\t<\/div>\n\t\t\t\t<\/div>\n\t\t\t\t\t<\/div>\n\t\t<\/div>\n\t\t\t\t\t<\/div>\n\t\t<\/div>\n\t\t\t\t\t<\/div>\n\t\t<\/div>\n\t\t\t\t\t<\/div>\n\t\t<\/section>\n\t\t\t\t<section class=\"elementor-section elementor-top-section elementor-element elementor-element-73724b2 elementor-section-full_width elementor-section-height-default elementor-section-height-default\" data-id=\"73724b2\" data-element_type=\"section\" data-e-type=\"section\" data-settings=\"{&quot;background_background&quot;:&quot;classic&quot;}\">\n\t\t\t\t\t\t\t<div class=\"elementor-background-overlay\"><\/div>\n\t\t\t\t\t\t\t<div class=\"elementor-container elementor-column-gap-default\">\n\t\t\t\t\t<div class=\"elementor-column elementor-col-100 elementor-top-column elementor-element elementor-element-3cbaad8\" data-id=\"3cbaad8\" data-element_type=\"column\" data-e-type=\"column\">\n\t\t\t<div class=\"elementor-widget-wrap elementor-element-populated\">\n\t\t\t\t\t\t<div class=\"elementor-section elementor-inner-section elementor-element elementor-element-ee64a94 elementor-section-boxed elementor-section-height-default elementor-section-height-default\" data-id=\"ee64a94\" data-element_type=\"section\" data-e-type=\"section\">\n\t\t\t\t\t\t<div class=\"elementor-container elementor-column-gap-default\">\n\t\t\t\t\t<div class=\"elementor-column elementor-col-33 elementor-inner-column elementor-element elementor-element-5e1e451\" data-id=\"5e1e451\" data-element_type=\"column\" data-e-type=\"column\">\n\t\t\t<div class=\"elementor-widget-wrap elementor-element-populated\">\n\t\t\t\t\t\t<div class=\"elementor-element elementor-element-665f84a elementor-widget elementor-widget-spacer\" data-id=\"665f84a\" data-element_type=\"widget\" data-e-type=\"widget\" data-widget_type=\"spacer.default\">\n\t\t\t\t<div class=\"elementor-widget-container\">\n\t\t\t\t\t\t\t<div class=\"elementor-spacer\">\n\t\t\t<div class=\"elementor-spacer-inner\"><\/div>\n\t\t<\/div>\n\t\t\t\t\t\t<\/div>\n\t\t\t\t<\/div>\n\t\t\t\t\t<\/div>\n\t\t<\/div>\n\t\t\t\t<div class=\"elementor-column elementor-col-33 elementor-inner-column elementor-element elementor-element-9b02dde\" data-id=\"9b02dde\" data-element_type=\"column\" data-e-type=\"column\">\n\t\t\t<div class=\"elementor-widget-wrap\">\n\t\t\t\t\t\t\t<\/div>\n\t\t<\/div>\n\t\t\t\t<div class=\"elementor-column elementor-col-33 elementor-inner-column elementor-element elementor-element-322fcf4\" data-id=\"322fcf4\" data-element_type=\"column\" data-e-type=\"column\">\n\t\t\t<div class=\"elementor-widget-wrap\">\n\t\t\t\t\t\t\t<\/div>\n\t\t<\/div>\n\t\t\t\t\t<\/div>\n\t\t<\/div>\n\t\t\t\t\t<\/div>\n\t\t<\/div>\n\t\t\t\t\t<\/div>\n\t\t<\/section>\n\t\t\t\t<section class=\"elementor-section elementor-top-section elementor-element elementor-element-628bca7 elementor-section-full_width elementor-section-height-default elementor-section-height-default\" data-id=\"628bca7\" data-element_type=\"section\" data-e-type=\"section\" data-settings=\"{&quot;background_background&quot;:&quot;classic&quot;}\">\n\t\t\t\t\t\t<div class=\"elementor-container elementor-column-gap-default\">\n\t\t\t\t\t<div class=\"elementor-column elementor-col-100 elementor-top-column elementor-element elementor-element-7ab5d67\" data-id=\"7ab5d67\" data-element_type=\"column\" data-e-type=\"column\">\n\t\t\t<div class=\"elementor-widget-wrap\">\n\t\t\t\t\t\t\t<\/div>\n\t\t<\/div>\n\t\t\t\t\t<\/div>\n\t\t<\/section>\n\t\t\t\t<section class=\"elementor-section elementor-top-section elementor-element elementor-element-1dabb434 elementor-section-boxed elementor-section-height-default elementor-section-height-default\" data-id=\"1dabb434\" data-element_type=\"section\" data-e-type=\"section\">\n\t\t\t\t\t\t<div class=\"elementor-container elementor-column-gap-default\">\n\t\t\t\t\t<div class=\"elementor-column elementor-col-100 elementor-top-column elementor-element elementor-element-55084004\" data-id=\"55084004\" data-element_type=\"column\" data-e-type=\"column\">\n\t\t\t<div class=\"elementor-widget-wrap elementor-element-populated\">\n\t\t\t\t\t\t<div class=\"elementor-element elementor-element-1e25baa elementor-widget elementor-widget-spacer\" data-id=\"1e25baa\" data-element_type=\"widget\" data-e-type=\"widget\" data-widget_type=\"spacer.default\">\n\t\t\t\t<div class=\"elementor-widget-container\">\n\t\t\t\t\t\t\t<div class=\"elementor-spacer\">\n\t\t\t<div class=\"elementor-spacer-inner\"><\/div>\n\t\t<\/div>\n\t\t\t\t\t\t<\/div>\n\t\t\t\t<\/div>\n\t\t\t\t<div class=\"elementor-element elementor-element-0edb11f elementor-widget elementor-widget-bauen-title\" data-id=\"0edb11f\" data-element_type=\"widget\" data-e-type=\"widget\" data-widget_type=\"bauen-title.default\">\n\t\t\t\t<div class=\"elementor-widget-container\">\n\t\t\t\t\t\t\t\n\t\t\t\n\t\t\t\t\t\t<h2 class=\"section-title text-left\">They Contacted Us<\/h2>\n\t\t\t\t\n\t\t\t\t\n        \n\t\t\t\n        \t\t\t\t<\/div>\n\t\t\t\t<\/div>\n\t\t\t\t<div class=\"elementor-element elementor-element-23da5cb2 elementor-widget elementor-widget-ucaddon_logo_carousel\" data-id=\"23da5cb2\" data-element_type=\"widget\" data-e-type=\"widget\" data-widget_type=\"ucaddon_logo_carousel.default\">\n\t\t\t\t<div class=\"elementor-widget-container\">\n\t\t\t\t\t<!-- start Logo Carousel -->\n\t\t<link id='font-awesome-css' href='https:\/\/cabinetwaci.com\/wp-content\/plugins\/unlimited-elements-for-elementor-premium\/assets_libraries\/font-awesome5\/css\/fontawesome-all.min.css' type='text\/css' rel='stylesheet' >\n\t\t<link id='font-awesome-4-shim-css' href='https:\/\/cabinetwaci.com\/wp-content\/plugins\/unlimited-elements-for-elementor-premium\/assets_libraries\/font-awesome5\/css\/fontawesome-v4-shims.css' type='text\/css' rel='stylesheet' >\n\t\t<link id='owl-carousel-css' href='https:\/\/cabinetwaci.com\/wp-content\/plugins\/unlimited-elements-for-elementor-premium\/assets_libraries\/owl-carousel-new\/assets\/owl.carousel.css' type='text\/css' rel='stylesheet' >\n\n\t\t\t<style type=\"text\/css\">\/* widget: Logo Carousel *\/\n\n#uc_logo_carousel_elementor19857{\n  min-height:1px;\n}\n\n#uc_logo_carousel_elementor19857 *{\n  box-sizing:border-box;\n}\n\n#uc_logo_carousel_elementor19857 .owl-nav .owl-prev{\n    position:absolute;\n    left:-90px;\n    display:inline-block;\n    text-align:center;\n}\n#uc_logo_carousel_elementor19857 .owl-nav .owl-next{\n  position:absolute;\n    right:-90px;\n  display:inline-block;\n  text-align:center;\n}\n\n\n#uc_logo_carousel_elementor19857 .owl-dots {\noverflow:hidden;\ndisplay:block !important;\ntext-align:center;\n}\n\n#uc_logo_carousel_elementor19857 .owl-dot {\nborder-radius:50%;\ndisplay:inline-block;\n}\n\n\n#uc_logo_carousel_elementor19857{\n\ttext-align: center;\n  position:relative;\n}\n#uc_logo_carousel_elementor19857 .uc_logo_carousel_holder{\n    display:flex;\n    align-items: center;\n    justify-content:center;\n    flex-wrap: wrap;\n    width: 100%;\n}\n#uc_logo_carousel_elementor19857 .uc_logo_carousel_holder a\n{height:100%;\n    width: 100%;\n  display:flex;\n  align-items: center;\n    justify-content:center;\n}\n\n#uc_logo_carousel_elementor19857  img{\n    height:100%;\n    width: 100%;\n    object-fit: contain;\n}\n\n\n\n\n<\/style>\n\n\t\t\t<div class=\"uc_logo_carousel\"  style=\"direction:ltr;\">\n   <div class=\"uc_carousel owl-carousel owl-theme\" id=\"uc_logo_carousel_elementor19857\" >\n   \t\t<div>\n    \n    <div class=\"uc_logo_carousel_holder ue-item\">\n          <a href=\"#\" >\n          <img fetchpriority=\"high\" decoding=\"async\" src=\"https:\/\/cabinetwaci.com\/wp-content\/uploads\/2023\/01\/Ecobank_Logo_EN.png\"  alt=\"Ecobank_Logo_EN\" width=\"490\" height=\"241\" >\n          <\/a>\n    <\/div>\n\t\n      \n<\/div>\n<div>\n    \n    <div class=\"uc_logo_carousel_holder ue-item\">\n          <a href=\"#\" >\n          <img decoding=\"async\" src=\"https:\/\/cabinetwaci.com\/wp-content\/uploads\/2023\/01\/logo-1.png\"  alt=\"logo (1)\" width=\"320\" height=\"200\" >\n          <\/a>\n    <\/div>\n\t\n      \n<\/div>\n<div>\n    \n    <div class=\"uc_logo_carousel_holder ue-item\">\n          <a href=\"#\" >\n          <img decoding=\"async\" src=\"https:\/\/cabinetwaci.com\/wp-content\/uploads\/2023\/01\/BNP-Paribas-Embleme.jpeg\"  alt=\"BNP-Paribas-Embleme\" width=\"1920\" height=\"1080\" >\n          <\/a>\n    <\/div>\n\t\n      \n<\/div>\n<div>\n    \n    <div class=\"uc_logo_carousel_holder ue-item\">\n          <a href=\"#\" >\n          <img loading=\"lazy\" decoding=\"async\" src=\"https:\/\/cabinetwaci.com\/wp-content\/uploads\/2023\/01\/Bat_logo20.svg.png\"  alt=\"Bat_logo20\" width=\"2560\" height=\"874\" >\n          <\/a>\n    <\/div>\n\t\n      \n<\/div>\n<div>\n    \n    <div class=\"uc_logo_carousel_holder ue-item\">\n          <a href=\"#\" >\n          <img loading=\"lazy\" decoding=\"async\" src=\"https:\/\/cabinetwaci.com\/wp-content\/uploads\/2023\/01\/Mtn-logo-svg.svg.png\"  alt=\"Mtn-logo-svg\" width=\"1200\" height=\"695\" >\n          <\/a>\n    <\/div>\n\t\n      \n<\/div>\n<div>\n    \n    <div class=\"uc_logo_carousel_holder ue-item\">\n          <a href=\"#\" >\n          <img loading=\"lazy\" decoding=\"async\" src=\"https:\/\/cabinetwaci.com\/wp-content\/uploads\/2023\/01\/BACI-Logo.png\"  alt=\"BACI-Logo\" width=\"570\" height=\"150\" >\n          <\/a>\n    <\/div>\n\t\n      \n<\/div>\n<div>\n    \n    <div class=\"uc_logo_carousel_holder ue-item\">\n          <a href=\"#\" >\n          <img loading=\"lazy\" decoding=\"async\" src=\"https:\/\/cabinetwaci.com\/wp-content\/uploads\/2023\/01\/11829_58010fba44a87-AFAM-F3-web.mobilier.de_.bureau.jpg\"  alt=\"11829_58010fba44a87-AFAM---F3----web.mobilier.de\" width=\"142\" height=\"126\" >\n          <\/a>\n    <\/div>\n\t\n      \n<\/div>\n<div>\n    \n    <div class=\"uc_logo_carousel_holder ue-item\">\n          <a href=\"#\" >\n          <img loading=\"lazy\" decoding=\"async\" src=\"https:\/\/cabinetwaci.com\/wp-content\/uploads\/2023\/01\/ENICAL-IMMOBILIER.jpeg\"  alt=\"ENICAL-IMMOBILIER\" width=\"200\" height=\"200\" >\n          <\/a>\n    <\/div>\n\t\n      \n<\/div>\n<div>\n    \n    <div class=\"uc_logo_carousel_holder ue-item\">\n          <a href=\"#\" >\n          <img loading=\"lazy\" decoding=\"async\" src=\"https:\/\/cabinetwaci.com\/wp-content\/uploads\/2023\/01\/6NmkqEU7_400x400.png\"  alt=\"6NmkqEU7_400x400\" width=\"400\" height=\"400\" >\n          <\/a>\n    <\/div>\n\t\n      \n<\/div>\n<div>\n    \n    <div class=\"uc_logo_carousel_holder ue-item\">\n          <a href=\"#\" >\n          <img loading=\"lazy\" decoding=\"async\" src=\"https:\/\/cabinetwaci.com\/wp-content\/uploads\/2023\/01\/bur.jpg\"  alt=\"bur\" width=\"150\" height=\"150\" >\n          <\/a>\n    <\/div>\n\t\n      \n<\/div>\n<div>\n    \n    <div class=\"uc_logo_carousel_holder ue-item\">\n          <a href=\"#\" >\n          <img loading=\"lazy\" decoding=\"async\" src=\"https:\/\/cabinetwaci.com\/wp-content\/uploads\/2023\/01\/bur2.jpg\"  alt=\"bur2\" width=\"150\" height=\"150\" >\n          <\/a>\n    <\/div>\n\t\n      \n<\/div>\n<div>\n    \n    <div class=\"uc_logo_carousel_holder ue-item\">\n          <a href=\"#\" >\n          <img loading=\"lazy\" decoding=\"async\" src=\"https:\/\/cabinetwaci.com\/wp-content\/uploads\/2023\/01\/bur3.jpg\"  alt=\"bur3\" width=\"150\" height=\"150\" >\n          <\/a>\n    <\/div>\n\t\n      \n<\/div>\n\n   <\/div>\t\n<\/div>\n\t\t\t<!-- end Logo Carousel -->\t\t\t\t<\/div>\n\t\t\t\t<\/div>\n\t\t\t\t<div class=\"elementor-element elementor-element-6690da1 elementor-widget elementor-widget-spacer\" data-id=\"6690da1\" data-element_type=\"widget\" data-e-type=\"widget\" data-widget_type=\"spacer.default\">\n\t\t\t\t<div class=\"elementor-widget-container\">\n\t\t\t\t\t\t\t<div class=\"elementor-spacer\">\n\t\t\t<div class=\"elementor-spacer-inner\"><\/div>\n\t\t<\/div>\n\t\t\t\t\t\t<\/div>\n\t\t\t\t<\/div>\n\t\t\t\t\t<\/div>\n\t\t<\/div>\n\t\t\t\t\t<\/div>\n\t\t<\/section>\n\t\t\t\t<section class=\"elementor-section elementor-top-section elementor-element elementor-element-b87b4d4 elementor-section-boxed elementor-section-height-default elementor-section-height-default\" data-id=\"b87b4d4\" data-element_type=\"section\" data-e-type=\"section\">\n\t\t\t\t\t\t<div class=\"elementor-container elementor-column-gap-default\">\n\t\t\t\t\t<div class=\"elementor-column elementor-col-100 elementor-top-column elementor-element elementor-element-cfa9d2e\" data-id=\"cfa9d2e\" data-element_type=\"column\" data-e-type=\"column\">\n\t\t\t<div class=\"elementor-widget-wrap elementor-element-populated\">\n\t\t\t\t\t\t<section class=\"elementor-section elementor-inner-section elementor-element elementor-element-e010757 elementor-section-boxed elementor-section-height-default elementor-section-height-default\" data-id=\"e010757\" data-element_type=\"section\" data-e-type=\"section\">\n\t\t\t\t\t\t<div class=\"elementor-container elementor-column-gap-default\">\n\t\t\t\t\t<div class=\"elementor-column elementor-col-50 elementor-inner-column elementor-element elementor-element-847b964\" data-id=\"847b964\" data-element_type=\"column\" data-e-type=\"column\">\n\t\t\t<div class=\"elementor-widget-wrap\">\n\t\t\t\t\t\t\t<\/div>\n\t\t<\/div>\n\t\t\t\t<div class=\"elementor-column elementor-col-50 elementor-inner-column elementor-element elementor-element-50d47d0\" data-id=\"50d47d0\" data-element_type=\"column\" data-e-type=\"column\">\n\t\t\t<div class=\"elementor-widget-wrap\">\n\t\t\t\t\t\t\t<\/div>\n\t\t<\/div>\n\t\t\t\t\t<\/div>\n\t\t<\/section>\n\t\t\t\t\t<\/div>\n\t\t<\/div>\n\t\t\t\t\t<\/div>\n\t\t<\/section>\n\t\t\t\t<section class=\"elementor-section elementor-top-section elementor-element elementor-element-15752f5 elementor-section-boxed elementor-section-height-default elementor-section-height-default\" data-id=\"15752f5\" data-element_type=\"section\" data-e-type=\"section\">\n\t\t\t\t\t\t<div class=\"elementor-container elementor-column-gap-default\">\n\t\t\t\t\t<div class=\"elementor-column elementor-col-100 elementor-top-column elementor-element elementor-element-a5b925d\" data-id=\"a5b925d\" data-element_type=\"column\" data-e-type=\"column\">\n\t\t\t<div class=\"elementor-widget-wrap elementor-element-populated\">\n\t\t\t\t\t\t<div class=\"elementor-element elementor-element-c1c6319 elementor-widget elementor-widget-video\" data-id=\"c1c6319\" data-element_type=\"widget\" data-e-type=\"widget\" data-settings=\"{&quot;youtube_url&quot;:&quot;https:\\\/\\\/youtu.be\\\/xFddEGyc80E?si=Z0nFUbyb935pW1qI&quot;,&quot;video_type&quot;:&quot;youtube&quot;,&quot;controls&quot;:&quot;yes&quot;}\" data-widget_type=\"video.default\">\n\t\t\t\t<div class=\"elementor-widget-container\">\n\t\t\t\t\t\t\t<div class=\"elementor-wrapper elementor-open-inline\">\n\t\t\t<div class=\"elementor-video\"><\/div>\t\t<\/div>\n\t\t\t\t\t\t<\/div>\n\t\t\t\t<\/div>\n\t\t\t\t\t<\/div>\n\t\t<\/div>\n\t\t\t\t\t<\/div>\n\t\t<\/section>\n\t\t\t\t<\/div>","protected":false},"excerpt":{"rendered":"<p>Nos Secteurs d&#8217;activit\u00e9s Architecture WACI con\u00e7oit et suit tous types d\u2019op\u00e9rations, neuves ou de restructuration, sur l\u2019ensemble des secteurs d\u2019activit\u00e9 : bureaux, h\u00f4tellerie, logements, commerces et \u00e9quipements publics. 01 Design int\u00e9rieur Nous vous apportons notre expertise et notre sensibilit\u00e9 en mati\u00e8re de d\u00e9coration afin de\u00a0choisir et d\u2019associer des couleurs, des motifs, des mat\u00e9riaux, des textiles, mais \u00e9galement d\u2019harmoniser le mobilier&#8230;<\/p>","protected":false},"author":1,"featured_media":0,"parent":0,"menu_order":0,"comment_status":"closed","ping_status":"closed","template":"","meta":{"om_disable_all_campaigns":false,"_monsterinsights_skip_tracking":false,"_monsterinsights_sitenote_active":false,"_monsterinsights_sitenote_note":"","_monsterinsights_sitenote_category":0,"footnotes":"","_links_to":"","_links_to_target":""},"class_list":["post-227","page","type-page","status-publish","hentry"],"aioseo_notices":[],"_links":{"self":[{"href":"https:\/\/cabinetwaci.com\/en\/wp-json\/wp\/v2\/pages\/227","targetHints":{"allow":["GET"]}}],"collection":[{"href":"https:\/\/cabinetwaci.com\/en\/wp-json\/wp\/v2\/pages"}],"about":[{"href":"https:\/\/cabinetwaci.com\/en\/wp-json\/wp\/v2\/types\/page"}],"author":[{"embeddable":true,"href":"https:\/\/cabinetwaci.com\/en\/wp-json\/wp\/v2\/users\/1"}],"replies":[{"embeddable":true,"href":"https:\/\/cabinetwaci.com\/en\/wp-json\/wp\/v2\/comments?post=227"}],"version-history":[{"count":437,"href":"https:\/\/cabinetwaci.com\/en\/wp-json\/wp\/v2\/pages\/227\/revisions"}],"predecessor-version":[{"id":6914,"href":"https:\/\/cabinetwaci.com\/en\/wp-json\/wp\/v2\/pages\/227\/revisions\/6914"}],"wp:attachment":[{"href":"https:\/\/cabinetwaci.com\/en\/wp-json\/wp\/v2\/media?parent=227"}],"curies":[{"name":"wp","href":"https:\/\/api.w.org\/{rel}","templated":true}]}}