{"id":2024,"date":"2022-09-16T08:26:19","date_gmt":"2022-09-16T08:26:19","guid":{"rendered":"https:\/\/cabinetwaci.com\/?page_id=2024"},"modified":"2024-08-27T16:30:48","modified_gmt":"2024-08-27T16:30:48","slug":"mot-du-dg-2","status":"publish","type":"page","link":"https:\/\/cabinetwaci.com\/en\/mot-du-dg-2\/","title":{"rendered":"Message from the director"},"content":{"rendered":"<div data-elementor-type=\"wp-page\" data-elementor-id=\"2024\" class=\"elementor elementor-2024\">\n\t\t\t\t\t\t<section class=\"elementor-section elementor-top-section elementor-element elementor-element-7ee718c9 elementor-section-boxed elementor-section-height-default elementor-section-height-default\" data-id=\"7ee718c9\" data-element_type=\"section\" data-e-type=\"section\">\n\t\t\t\t\t\t<div class=\"elementor-container elementor-column-gap-default\">\n\t\t\t\t\t<div class=\"elementor-column elementor-col-100 elementor-top-column elementor-element elementor-element-58c7dc56\" data-id=\"58c7dc56\" data-element_type=\"column\" data-e-type=\"column\">\n\t\t\t<div class=\"elementor-widget-wrap elementor-element-populated\">\n\t\t\t\t\t\t<div class=\"elementor-element elementor-element-8a81707 elementor-widget elementor-widget-bauen-title\" data-id=\"8a81707\" data-element_type=\"widget\" data-e-type=\"widget\" data-widget_type=\"bauen-title.default\">\n\t\t\t\t<div class=\"elementor-widget-container\">\n\t\t\t\t\t\t\t\n\t\t\t\n\t\t\t\t\t\t<h2 class=\"section-title text-left\">Message from the director<\/h2>\n\t\t\t\t\n\t\t\t\t\n        \n\t\t\t\n        \t\t\t\t<\/div>\n\t\t\t\t<\/div>\n\t\t\t\t<div class=\"elementor-section elementor-inner-section elementor-element elementor-element-7f82964a elementor-section-boxed elementor-section-height-default elementor-section-height-default\" data-id=\"7f82964a\" data-element_type=\"section\" data-e-type=\"section\">\n\t\t\t\t\t\t<div class=\"elementor-container elementor-column-gap-default\">\n\t\t\t\t\t<div class=\"elementor-column elementor-col-50 elementor-inner-column elementor-element elementor-element-6afe4c96\" data-id=\"6afe4c96\" data-element_type=\"column\" data-e-type=\"column\">\n\t\t\t<div class=\"elementor-widget-wrap elementor-element-populated\">\n\t\t\t\t\t\t<div class=\"elementor-element elementor-element-2117fa5 elementor-widget elementor-widget-image\" data-id=\"2117fa5\" data-element_type=\"widget\" data-e-type=\"widget\" data-widget_type=\"image.default\">\n\t\t\t\t<div class=\"elementor-widget-container\">\n\t\t\t\t\t\t\t\t\t\t\t\t\t\t\t<img fetchpriority=\"high\" decoding=\"async\" width=\"2560\" height=\"1707\" src=\"https:\/\/cabinetwaci.com\/wp-content\/uploads\/2024\/08\/1000436918-scaled.jpg\" class=\"attachment-full size-full wp-image-5556\" alt=\"\" srcset=\"https:\/\/cabinetwaci.com\/wp-content\/uploads\/2024\/08\/1000436918-scaled.jpg 2560w, https:\/\/cabinetwaci.com\/wp-content\/uploads\/2024\/08\/1000436918-300x200.jpg 300w, https:\/\/cabinetwaci.com\/wp-content\/uploads\/2024\/08\/1000436918-1024x683.jpg 1024w, https:\/\/cabinetwaci.com\/wp-content\/uploads\/2024\/08\/1000436918-768x512.jpg 768w, https:\/\/cabinetwaci.com\/wp-content\/uploads\/2024\/08\/1000436918-1536x1024.jpg 1536w, https:\/\/cabinetwaci.com\/wp-content\/uploads\/2024\/08\/1000436918-2048x1365.jpg 2048w, https:\/\/cabinetwaci.com\/wp-content\/uploads\/2024\/08\/1000436918-18x12.jpg 18w\" sizes=\"(max-width: 2560px) 100vw, 2560px\" \/>\t\t\t\t\t\t\t\t\t\t\t\t\t\t\t<\/div>\n\t\t\t\t<\/div>\n\t\t\t\t\t<\/div>\n\t\t<\/div>\n\t\t\t\t<div class=\"elementor-column elementor-col-50 elementor-inner-column elementor-element elementor-element-f5a3cfb\" data-id=\"f5a3cfb\" data-element_type=\"column\" data-e-type=\"column\">\n\t\t\t<div class=\"elementor-widget-wrap elementor-element-populated\">\n\t\t\t\t\t\t<div class=\"elementor-element elementor-element-e26e524 elementor-widget elementor-widget-text-editor\" data-id=\"e26e524\" data-element_type=\"widget\" data-e-type=\"widget\" data-widget_type=\"text-editor.default\">\n\t\t\t\t<div class=\"elementor-widget-container\">\n\t\t\t\t\t\t\t\t\t<p><span style=\"color: #000000;\">World Architecture C\u00f4te d'Ivoire (WACI) aims to be a benchmark Architecture Firm in professions related to Urban Planning and Architecture on a national, regional and international scale<\/span><\/p><p><span style=\"color: #000000;\">Through experience acquired during a trip covering several countries and now within the WACI firm, we have been designing and carrying out projects for private, corporate, cultural and public spaces for more than 10 years already<\/span><\/p><p><span style=\"color: #000000;\">We have established ourselves in this sector thanks to a strategy of excellence and innovation based on human values and true professional ethics.<\/span><\/p><p><span style=\"color: #000000;\">We exercise our professions of designer, developer and builder in optimal conditions and in our different segments of intervention which are Architecture, Urban Planning, and Interior Design, where we have been able to create synergies between our different specialties.<\/span><\/p><p><span style=\"color: #000000;\">We support you from the start of your project to assess the cost of your work:<\/span><\/p><p><span style=\"color: #000000;\">\u2022Cost estimate<\/span><\/p><p><span style=\"color: #000000;\">\u2022 Search for solutions to fit your budget<\/span><\/p><p><span style=\"color: #000000;\">\u2022 Advice on your work<\/span><\/p><p><span style=\"color: #000000;\">Co-responsible for the proper execution of the construction, we assure you a quality service. Our team monitors your construction site in accordance with current standards to guarantee the completion of your construction project. Guaranteeing deadlines, costs and compliance with specifications, our firm is the prime contractor for your project.<\/span><\/p><p><span style=\"color: #000000;\">This approach, which includes quality, unreserved customer satisfaction and respect for our fundamental values, makes us a reference in the architecture and urban planning sectors in Ivory Coast.<\/span><\/p><p><span style=\"color: #000000;\">In nearly ten years of existence, we have, thanks to our expertise and on behalf of our clients, implemented several stimulating and innovative projects both in terms of architectural design and in terms of respecting costs and time limit. Our achievements demonstrate our commitment to satisfying our customers.<\/span><\/p><p><span style=\"color: #000000;\">We are also a corporate citizen working for sustainable and responsible development. Our only concern is to maintain a level of excellence in the service of our customers through all our projects.<\/span><\/p><p><span style=\"color: #000000;\">Finally, we consider this website as a privileged platform for permanent exchanges with our clients, our partners as well as anyone who loves architecture because for us your opinion counts. We therefore remain open to your recommendations, advice, opinions and suggestions which could contribute to improving our living environment for all.<\/span><\/p><p><span style=\"color: #000000;\">For any request, additional information or appointment, do not hesitate to fill out the RDV-Contacts form so that I can contact you again.<\/span><\/p>\t\t\t\t\t\t\t\t<\/div>\n\t\t\t\t<\/div>\n\t\t\t\t<div class=\"elementor-element elementor-element-0beece3 elementor-widget elementor-widget-spacer\" data-id=\"0beece3\" data-element_type=\"widget\" data-e-type=\"widget\" data-widget_type=\"spacer.default\">\n\t\t\t\t<div class=\"elementor-widget-container\">\n\t\t\t\t\t\t\t<div class=\"elementor-spacer\">\n\t\t\t<div class=\"elementor-spacer-inner\"><\/div>\n\t\t<\/div>\n\t\t\t\t\t\t<\/div>\n\t\t\t\t<\/div>\n\t\t\t\t<div class=\"elementor-element elementor-element-5d83e36 elementor-widget elementor-widget-text-editor\" data-id=\"5d83e36\" data-element_type=\"widget\" data-e-type=\"widget\" data-widget_type=\"text-editor.default\">\n\t\t\t\t<div class=\"elementor-widget-container\">\n\t\t\t\t\t\t\t\t\t<strong>St\u00e9phane Anoh CISSE<\/strong><br>Architect \u2013 Urban Designer \u2013 DEIAU<br>Founder &amp; CEO\t\t\t\t\t\t\t\t<\/div>\n\t\t\t\t<\/div>\n\t\t\t\t\t<\/div>\n\t\t<\/div>\n\t\t\t\t\t<\/div>\n\t\t<\/div>\n\t\t\t\t\t<\/div>\n\t\t<\/div>\n\t\t\t\t\t<\/div>\n\t\t<\/section>\n\t\t\t\t<\/div>","protected":false},"excerpt":{"rendered":"<p>Mot du Directeur World Architecture C\u00f4te d\u2019Ivoire (WACI) se veut un Cabinet d\u2019Architecture de r\u00e9f\u00e9rence dans les m\u00e9tiers li\u00e9s \u00e0 l\u2019Urbanisme et \u00e0 l\u2019Architecture \u00e0 l\u2019\u00e9chelle nationale, r\u00e9gionale et internationale. A travers une exp\u00e9rience acquise au cours d\u2019une itin\u00e9rance couvrant plusieurs pays et maintenant au sein du cabinet WACI, nous concevons et r\u00e9alisons des projets d\u2019espaces priv\u00e9s, corporate, culturels et&#8230;<\/p>","protected":false},"author":1,"featured_media":0,"parent":0,"menu_order":0,"comment_status":"closed","ping_status":"closed","template":"","meta":{"om_disable_all_campaigns":false,"_monsterinsights_skip_tracking":false,"_monsterinsights_sitenote_active":false,"_monsterinsights_sitenote_note":"","_monsterinsights_sitenote_category":0,"footnotes":"","_links_to":"","_links_to_target":""},"class_list":["post-2024","page","type-page","status-publish","hentry"],"aioseo_notices":[],"_links":{"self":[{"href":"https:\/\/cabinetwaci.com\/en\/wp-json\/wp\/v2\/pages\/2024","targetHints":{"allow":["GET"]}}],"collection":[{"href":"https:\/\/cabinetwaci.com\/en\/wp-json\/wp\/v2\/pages"}],"about":[{"href":"https:\/\/cabinetwaci.com\/en\/wp-json\/wp\/v2\/types\/page"}],"author":[{"embeddable":true,"href":"https:\/\/cabinetwaci.com\/en\/wp-json\/wp\/v2\/users\/1"}],"replies":[{"embeddable":true,"href":"https:\/\/cabinetwaci.com\/en\/wp-json\/wp\/v2\/comments?post=2024"}],"version-history":[{"count":53,"href":"https:\/\/cabinetwaci.com\/en\/wp-json\/wp\/v2\/pages\/2024\/revisions"}],"predecessor-version":[{"id":5963,"href":"https:\/\/cabinetwaci.com\/en\/wp-json\/wp\/v2\/pages\/2024\/revisions\/5963"}],"wp:attachment":[{"href":"https:\/\/cabinetwaci.com\/en\/wp-json\/wp\/v2\/media?parent=2024"}],"curies":[{"name":"wp","href":"https:\/\/api.w.org\/{rel}","templated":true}]}}