{"id":1563,"date":"2022-05-09T21:38:08","date_gmt":"2022-05-09T21:38:08","guid":{"rendered":"https:\/\/webredox.net\/demo\/wp\/bauen\/light\/el\/multi\/demo1\/?page_id=1563"},"modified":"2024-08-27T17:08:43","modified_gmt":"2024-08-27T17:08:43","slug":"services-02","status":"publish","type":"page","link":"https:\/\/cabinetwaci.com\/en\/services-02\/","title":{"rendered":"Services 02"},"content":{"rendered":"<div data-elementor-type=\"wp-page\" data-elementor-id=\"1563\" class=\"elementor elementor-1563\">\n\t\t\t\t\t\t<section class=\"elementor-section elementor-top-section elementor-element elementor-element-4ca1a9fa elementor-section-boxed elementor-section-height-default elementor-section-height-default\" data-id=\"4ca1a9fa\" data-element_type=\"section\" data-e-type=\"section\">\n\t\t\t\t\t\t<div class=\"elementor-container elementor-column-gap-default\">\n\t\t\t\t\t<div class=\"elementor-column elementor-col-100 elementor-top-column elementor-element elementor-element-57ae67ce\" data-id=\"57ae67ce\" data-element_type=\"column\" data-e-type=\"column\">\n\t\t\t<div class=\"elementor-widget-wrap\">\n\t\t\t\t\t\t\t<\/div>\n\t\t<\/div>\n\t\t\t\t\t<\/div>\n\t\t<\/section>\n\t\t\t\t<section class=\"elementor-section elementor-top-section elementor-element elementor-element-5feb4c57 elementor-section-full_width elementor-section-height-default elementor-section-height-default\" data-id=\"5feb4c57\" data-element_type=\"section\" data-e-type=\"section\">\n\t\t\t\t\t\t<div class=\"elementor-container elementor-column-gap-default\">\n\t\t\t\t\t<div class=\"elementor-column elementor-col-100 elementor-top-column elementor-element elementor-element-4d3b48a\" data-id=\"4d3b48a\" data-element_type=\"column\" data-e-type=\"column\">\n\t\t\t<div class=\"elementor-widget-wrap elementor-element-populated\">\n\t\t\t\t\t\t<div class=\"elementor-section elementor-inner-section elementor-element elementor-element-4cc16029 elementor-section-boxed elementor-section-height-default elementor-section-height-default\" data-id=\"4cc16029\" data-element_type=\"section\" data-e-type=\"section\">\n\t\t\t\t\t\t<div class=\"elementor-container elementor-column-gap-default\">\n\t\t\t\t\t<div class=\"elementor-column elementor-col-100 elementor-inner-column elementor-element elementor-element-7865f38d\" data-id=\"7865f38d\" data-element_type=\"column\" data-e-type=\"column\">\n\t\t\t<div class=\"elementor-widget-wrap elementor-element-populated\">\n\t\t\t\t\t\t<div class=\"elementor-element elementor-element-445d86aa elementor-widget elementor-widget-bauen-title\" data-id=\"445d86aa\" data-element_type=\"widget\" data-e-type=\"widget\" data-widget_type=\"bauen-title.default\">\n\t\t\t\t<div class=\"elementor-widget-container\">\n\t\t\t\t\t\t\t\n\t\t\t\n\t\t\t\t\t\t<h2 class=\"section-title text-left\">OUR ACTIVITIES <span class=\"text-color-red\">AREAS<\/span><\/h2>\n\t\t\t\t\n\t\t\t\t\n        \n\t\t\t\n        \t\t\t\t<\/div>\n\t\t\t\t<\/div>\n\t\t\t\t\t<\/div>\n\t\t<\/div>\n\t\t\t\t\t<\/div>\n\t\t<\/div>\n\t\t\t\t<div class=\"elementor-section elementor-inner-section elementor-element elementor-element-630035fd elementor-section-boxed elementor-section-height-default elementor-section-height-default\" data-id=\"630035fd\" data-element_type=\"section\" data-e-type=\"section\">\n\t\t\t\t\t\t<div class=\"elementor-container elementor-column-gap-default\">\n\t\t\t\t\t<div class=\"elementor-column elementor-col-33 elementor-inner-column elementor-element elementor-element-3f2344a7\" data-id=\"3f2344a7\" data-element_type=\"column\" data-e-type=\"column\">\n\t\t\t<div class=\"elementor-widget-wrap elementor-element-populated\">\n\t\t\t\t\t\t<div class=\"elementor-element elementor-element-ff7f06e elementor-widget elementor-widget-bauen-hover-box\" data-id=\"ff7f06e\" data-element_type=\"widget\" data-e-type=\"widget\" data-widget_type=\"bauen-hover-box.default\">\n\t\t\t\t<div class=\"elementor-widget-container\">\n\t\t\t\t\t\n\t\t\t\t<div class=\"services2 bn-vc-hover-box mb-60\">\n            \t\t\t<div class=\"services2-img position-re position-re-order-service o-hidden\"><div class=\"cd-pt-ab\"><img decoding=\"async\" src=\"https:\/\/cabinetwaci.com\/wp-content\/uploads\/2022\/05\/14.jpg\" alt=\"\" class=\"w-100\"><\/div><\/div>\n\t\t\t\t\t\t<div class=\"services2-content\">\n                <div class=\"icon\">\n\t\t\t\t\t\t\t\t\t<img decoding=\"async\" src=\"https:\/\/cabinetwaci.com\/wp-content\/uploads\/2022\/09\/icon-1.png\" alt=\"\"> \n\t\t\t\t\t\n\t\t\t\t<\/div>\n\t\t\t\t                <h3 class=\"services2-title\">Architecture<\/h3>\n\t\t\t\t\t\t\t\t\t\t\t\t<div class=\"services2-text\">\n\t\t\t\t<p style=\"text-align: left;\">WACI designs and monitors all types of operations, new or restructuring, across all sectors of activity: Offices, Hotels, Housing, Shops and Public Facilities.<\/p>\t\t\t\t<\/div>\n\t\t\t\t\t\n                                <div class=\"butn-dark mt-20\"> <a href=\"https:\/\/cabinetwaci.com\/en\/services-02\/architecture\/\" target=\"_self\" rel=\"noopener noreferrer\"><span>See more<\/span><\/a> <\/div>\n\t\t\t               <\/div>\n\t\t\t\t\t\t<div class=\"title-box\">\n\t\t\t\t<h3 class=\"mb-0 bu-box-title\">Architecture<\/h3>\n\t\t\t<\/div>\n\t\t\t        <\/div>\n\t\t        \t\t\n\n        \t\t\t\t<\/div>\n\t\t\t\t<\/div>\n\t\t\t\t\t<\/div>\n\t\t<\/div>\n\t\t\t\t<div class=\"elementor-column elementor-col-33 elementor-inner-column elementor-element elementor-element-e260a39\" data-id=\"e260a39\" data-element_type=\"column\" data-e-type=\"column\">\n\t\t\t<div class=\"elementor-widget-wrap elementor-element-populated\">\n\t\t\t\t\t\t<div class=\"elementor-element elementor-element-81f8d93 elementor-widget elementor-widget-bauen-hover-box\" data-id=\"81f8d93\" data-element_type=\"widget\" data-e-type=\"widget\" data-widget_type=\"bauen-hover-box.default\">\n\t\t\t\t<div class=\"elementor-widget-container\">\n\t\t\t\t\t\n\t\t\t\t<div class=\"services2 bn-vc-hover-box mb-60\">\n            \t\t\t<div class=\"services2-img position-re position-re-order-service o-hidden\"><div class=\"cd-pt-ab\"><img decoding=\"async\" src=\"https:\/\/cabinetwaci.com\/wp-content\/uploads\/2022\/05\/15.jpg\" alt=\"\" class=\"w-100\"><\/div><\/div>\n\t\t\t\t\t\t<div class=\"services2-content\">\n                <div class=\"icon\">\n\t\t\t\t\t\t\t\t\t<img decoding=\"async\" src=\"https:\/\/cabinetwaci.com\/wp-content\/uploads\/2022\/09\/icon-2.png\" alt=\"\"> \n\t\t\t\t\t\n\t\t\t\t<\/div>\n\t\t\t\t                <h3 class=\"services2-title\">INTERIOR DESIGN<\/h3>\n\t\t\t\t\t\t\t\t\t\t\t\t<div class=\"services2-text\">\n\t\t\t\t<p style=\"text-align: left;\">We bring you our expertise and our sensitivity in terms of decoration in order to choose and combine colors, patterns, materials, textiles, but also to harmonize the furniture and accessories<\/p>\t\t\t\t<\/div>\n\t\t\t\t\t\n                                <div class=\"butn-dark mt-20\"> <a href=\"https:\/\/cabinetwaci.com\/en\/services-02\/design-dinterieur\/\" target=\"_self\" rel=\"noopener noreferrer\"><span>see more<\/span><\/a> <\/div>\n\t\t\t               <\/div>\n\t\t\t\t\t\t<div class=\"title-box\">\n\t\t\t\t<h3 class=\"mb-0 bu-box-title\">INTERIOR DESIGN<\/h3>\n\t\t\t<\/div>\n\t\t\t        <\/div>\n\t\t        \t\t\n\n        \t\t\t\t<\/div>\n\t\t\t\t<\/div>\n\t\t\t\t\t<\/div>\n\t\t<\/div>\n\t\t\t\t<div class=\"elementor-column elementor-col-33 elementor-inner-column elementor-element elementor-element-4bfdef42\" data-id=\"4bfdef42\" data-element_type=\"column\" data-e-type=\"column\">\n\t\t\t<div class=\"elementor-widget-wrap elementor-element-populated\">\n\t\t\t\t\t\t<div class=\"elementor-element elementor-element-658fefa elementor-widget elementor-widget-bauen-hover-box\" data-id=\"658fefa\" data-element_type=\"widget\" data-e-type=\"widget\" data-widget_type=\"bauen-hover-box.default\">\n\t\t\t\t<div class=\"elementor-widget-container\">\n\t\t\t\t\t\n\t\t\t\t<div class=\"services2 bn-vc-hover-box mb-60\">\n            \t\t\t<div class=\"services2-img position-re position-re-order-service o-hidden\"><div class=\"cd-pt-ab\"><img decoding=\"async\" src=\"https:\/\/cabinetwaci.com\/wp-content\/uploads\/2022\/05\/16.jpg\" alt=\"\" class=\"w-100\"><\/div><\/div>\n\t\t\t\t\t\t<div class=\"services2-content\">\n                <div class=\"icon\">\n\t\t\t\t\t\t\t\t\t<img decoding=\"async\" src=\"https:\/\/cabinetwaci.com\/wp-content\/uploads\/2022\/09\/icon-3.png\" alt=\"\"> \n\t\t\t\t\t\n\t\t\t\t<\/div>\n\t\t\t\t                <h3 class=\"services2-title\">URBANISM<\/h3>\n\t\t\t\t\t\t\t\t\t\t\t\t<div class=\"services2-text\">\n\t\t\t\t<p style=\"text-align: left;\">Urban and architectural practices are closely linked in the definition of the space and territory of the city. Our practice never separates them as we never separate the plan and the cut.<\/p>\t\t\t\t<\/div>\n\t\t\t\t\t\n                                <div class=\"butn-dark mt-20\"> <a href=\"https:\/\/cabinetwaci.com\/en\/services-02\/urbanisme\/\" target=\"_self\" rel=\"noopener noreferrer\"><span>See more<\/span><\/a> <\/div>\n\t\t\t               <\/div>\n\t\t\t\t\t\t<div class=\"title-box\">\n\t\t\t\t<h3 class=\"mb-0 bu-box-title\">URBANISM<\/h3>\n\t\t\t<\/div>\n\t\t\t        <\/div>\n\t\t        \t\t\n\n        \t\t\t\t<\/div>\n\t\t\t\t<\/div>\n\t\t\t\t\t<\/div>\n\t\t<\/div>\n\t\t\t\t\t<\/div>\n\t\t<\/div>\n\t\t\t\t\t<\/div>\n\t\t<\/div>\n\t\t\t\t\t<\/div>\n\t\t<\/section>\n\t\t\t\t<\/div>","protected":false},"excerpt":{"rendered":"<p>NOS SECTEURS D&#8217;ACTIVIT\u00c9S Architecture WACI con\u00e7oit et suit tous types d\u2019op\u00e9rations, neuves ou de restructuration, sur l\u2019ensemble des secteurs d\u2019activit\u00e9 : bureaux, h\u00f4tellerie, logements, commerces et \u00e9quipements publics. Voir plus Architecture DESIGN D&#8217;INT\u00c9RIEUR Nous vous apportons notre expertise et notre sensibilit\u00e9 en mati\u00e8re de d\u00e9coration afin de\u00a0choisir et d\u2019associer des couleurs, des motifs, des mat\u00e9riaux, des textiles, mais \u00e9galement d\u2019harmoniser&#8230;<\/p>","protected":false},"author":1,"featured_media":0,"parent":0,"menu_order":0,"comment_status":"closed","ping_status":"closed","template":"","meta":{"om_disable_all_campaigns":false,"_monsterinsights_skip_tracking":false,"_monsterinsights_sitenote_active":false,"_monsterinsights_sitenote_note":"","_monsterinsights_sitenote_category":0,"footnotes":"","_links_to":"","_links_to_target":""},"class_list":["post-1563","page","type-page","status-publish","hentry"],"aioseo_notices":[],"_links":{"self":[{"href":"https:\/\/cabinetwaci.com\/en\/wp-json\/wp\/v2\/pages\/1563","targetHints":{"allow":["GET"]}}],"collection":[{"href":"https:\/\/cabinetwaci.com\/en\/wp-json\/wp\/v2\/pages"}],"about":[{"href":"https:\/\/cabinetwaci.com\/en\/wp-json\/wp\/v2\/types\/page"}],"author":[{"embeddable":true,"href":"https:\/\/cabinetwaci.com\/en\/wp-json\/wp\/v2\/users\/1"}],"replies":[{"embeddable":true,"href":"https:\/\/cabinetwaci.com\/en\/wp-json\/wp\/v2\/comments?post=1563"}],"version-history":[{"count":23,"href":"https:\/\/cabinetwaci.com\/en\/wp-json\/wp\/v2\/pages\/1563\/revisions"}],"predecessor-version":[{"id":5985,"href":"https:\/\/cabinetwaci.com\/en\/wp-json\/wp\/v2\/pages\/1563\/revisions\/5985"}],"wp:attachment":[{"href":"https:\/\/cabinetwaci.com\/en\/wp-json\/wp\/v2\/media?parent=1563"}],"curies":[{"name":"wp","href":"https:\/\/api.w.org\/{rel}","templated":true}]}}